{"id":232863,"date":"2026-03-04T07:34:00","date_gmt":"2026-03-04T06:34:00","guid":{"rendered":"https:\/\/grupotextil.es\/producto\/4420-chaqueta-bicolor-hv\/"},"modified":"2026-04-19T04:07:14","modified_gmt":"2026-04-19T02:07:14","slug":"4420-chaqueta-bicolor-hv","status":"publish","type":"product","link":"https:\/\/grupotextil.es\/ca\/product\/4420-chaqueta-bicolor-hv\/","title":{"rendered":"4420 CHAQUETA BICOLOR HV"},"content":{"rendered":"<p>Chaqueta con tejido fluorescente y reflectantes sobre los hombros. Brazos pre-curvados con pu\u00f1os ajustables con Velcro. Dos bolsillos laterales y cord\u00f3n en cintura. Abrochado con botones a presi\u00f3n. Bolsillo frontal izquierdo con cremallera y bolsillo derecho con espacio para llaves, m\u00f3vil, etc. y poder enganchar su tarjeta identificativa. Parte trasera prolongada. Detalles reflectantes en la parte trasera y mangas para una mayor visibilidad. El forro puede abrirse para facilitar el marcaje.<\/p>\n<p><strong>Composici\u00f3n:<\/strong> 65 % Poli\u00e9ster, 35% Algod\u00f3n, 245 g\/m2 | <strong>Peso:<\/strong> 245 g\/m\u00b2 | <strong>Tallas:<\/strong> XS-3XL<\/p>","protected":false},"excerpt":{"rendered":"<p>Chaqueta con tejido fluorescente y reflectantes sobre los hombros. Brazos pre-curvados con pu\u00f1os ajustables con Velcro. Dos bolsillos laterales y cord\u00f3n en cintura. Abrochado con botones a presi\u00f3n. Bolsillo frontal izquierdo con cremallera y bolsillo<\/p>","protected":false},"featured_media":237111,"comment_status":"open","ping_status":"closed","template":"","meta":{"_acf_changed":false},"product_brand":[10531],"product_cat":[13998],"product_tag":[],"class_list":{"0":"post-232863","1":"product","2":"type-product","3":"status-publish","4":"has-post-thumbnail","6":"product_brand-projob","7":"product_cat-n-chaquetas","8":"tm-no-options","10":"first","11":"instock","12":"taxable","13":"shipping-taxable","14":"product-type-variable"},"acf":[],"_links":{"self":[{"href":"https:\/\/grupotextil.es\/ca\/wp-json\/wp\/v2\/product\/232863","targetHints":{"allow":["GET"]}}],"collection":[{"href":"https:\/\/grupotextil.es\/ca\/wp-json\/wp\/v2\/product"}],"about":[{"href":"https:\/\/grupotextil.es\/ca\/wp-json\/wp\/v2\/types\/product"}],"replies":[{"embeddable":true,"href":"https:\/\/grupotextil.es\/ca\/wp-json\/wp\/v2\/comments?post=232863"}],"wp:featuredmedia":[{"embeddable":true,"href":"https:\/\/grupotextil.es\/ca\/wp-json\/wp\/v2\/media\/237111"}],"wp:attachment":[{"href":"https:\/\/grupotextil.es\/ca\/wp-json\/wp\/v2\/media?parent=232863"}],"wp:term":[{"taxonomy":"product_brand","embeddable":true,"href":"https:\/\/grupotextil.es\/ca\/wp-json\/wp\/v2\/product_brand?post=232863"},{"taxonomy":"product_cat","embeddable":true,"href":"https:\/\/grupotextil.es\/ca\/wp-json\/wp\/v2\/product_cat?post=232863"},{"taxonomy":"product_tag","embeddable":true,"href":"https:\/\/grupotextil.es\/ca\/wp-json\/wp\/v2\/product_tag?post=232863"}],"curies":[{"name":"wp","href":"https:\/\/api.w.org\/{rel}","templated":true}]}}