{"id":232866,"date":"2026-03-04T07:34:02","date_gmt":"2026-03-04T06:34:02","guid":{"rendered":"https:\/\/grupotextil.es\/producto\/softball-lady\/"},"modified":"2026-04-26T04:06:06","modified_gmt":"2026-04-26T02:06:06","slug":"softball-lady","status":"publish","type":"product","link":"https:\/\/grupotextil.es\/ca\/product\/softball-lady\/","title":{"rendered":"Softball Lady"},"content":{"rendered":"<p>Softball Lady es nuestra sudadera ic\u00f3nica para mujer. Ofrece comodidad para todo tipo de cuerpos.<\/p>\n<p>Cuenta con los mismos detalles que la Softball RSX, incluyendo ribetes 2&#215;2 en las mangas y el dobladillo inferior.<\/p>\n<p><strong>Composici\u00f3n:<\/strong> 60 % algod\u00f3n org\u00e1nico, 40 % poli\u00e9ster reciclado.<br \/>\n(120 Gris Marengo: 74 % algod\u00f3n org\u00e1nico, 20 % poli\u00e9ster reciclado, 6 % viscosa). | <strong>Peso:<\/strong> 280 g\/m\u00b2 | <strong>Tallas:<\/strong> XS-XXL<\/p>","protected":false},"excerpt":{"rendered":"<p>Softball Lady es nuestra sudadera ic\u00f3nica para mujer. Ofrece comodidad para todo tipo de cuerpos.<\/p>","protected":false},"featured_media":237112,"comment_status":"open","ping_status":"closed","template":"","meta":{"_acf_changed":false},"product_brand":[10522],"product_cat":[13974,13975,13973],"product_tag":[],"class_list":{"0":"post-232866","1":"product","2":"type-product","3":"status-publish","4":"has-post-thumbnail","6":"product_brand-printer","7":"product_cat-ropa-hombre","8":"product_cat-ropa-mujer","9":"product_cat-ropa","10":"tm-no-options","12":"first","13":"instock","14":"taxable","15":"shipping-taxable","16":"product-type-variable"},"acf":[],"_links":{"self":[{"href":"https:\/\/grupotextil.es\/ca\/wp-json\/wp\/v2\/product\/232866","targetHints":{"allow":["GET"]}}],"collection":[{"href":"https:\/\/grupotextil.es\/ca\/wp-json\/wp\/v2\/product"}],"about":[{"href":"https:\/\/grupotextil.es\/ca\/wp-json\/wp\/v2\/types\/product"}],"replies":[{"embeddable":true,"href":"https:\/\/grupotextil.es\/ca\/wp-json\/wp\/v2\/comments?post=232866"}],"wp:featuredmedia":[{"embeddable":true,"href":"https:\/\/grupotextil.es\/ca\/wp-json\/wp\/v2\/media\/237112"}],"wp:attachment":[{"href":"https:\/\/grupotextil.es\/ca\/wp-json\/wp\/v2\/media?parent=232866"}],"wp:term":[{"taxonomy":"product_brand","embeddable":true,"href":"https:\/\/grupotextil.es\/ca\/wp-json\/wp\/v2\/product_brand?post=232866"},{"taxonomy":"product_cat","embeddable":true,"href":"https:\/\/grupotextil.es\/ca\/wp-json\/wp\/v2\/product_cat?post=232866"},{"taxonomy":"product_tag","embeddable":true,"href":"https:\/\/grupotextil.es\/ca\/wp-json\/wp\/v2\/product_tag?post=232866"}],"curies":[{"name":"wp","href":"https:\/\/api.w.org\/{rel}","templated":true}]}}