{"id":233012,"date":"2026-03-04T07:35:36","date_gmt":"2026-03-04T06:35:36","guid":{"rendered":"https:\/\/grupotextil.es\/producto\/nordmont\/"},"modified":"2026-04-26T04:06:06","modified_gmt":"2026-04-26T02:06:06","slug":"nordmont","status":"publish","type":"product","link":"https:\/\/grupotextil.es\/ca\/product\/nordmont\/","title":{"rendered":"Nordmont"},"content":{"rendered":"<p>Chaqueta larga acolchada con cremallera bidireccional. Capucha desmontable ajustable con cordones el\u00e1sticos. Canal\u00e9 en cuello y pu\u00f1os. Bolsillos laterales con cremallera. Bolsillo interno en el pecho con cremallera. Tejido de punto suave en el interior de los bolsillos. Viene en bolsa compostable.<\/p>\n<p><strong>Composici\u00f3n:<\/strong> Tejido externo: 100% Poli\u00e9ster reciclado, 67 g\/m\u00b2. Acolchado: 100% Poli\u00e9ster reciclado, 160 g\/m\u00b2 en cuerpo, 140 g\/m\u00b2 en mangas. Forro: 100% Poli\u00e9ster reciclado, 35 g\/m\u00b2 | <strong>Peso:<\/strong> Shell: 67 g\/m\u00b2 &#8211; Padding: 160 g\/m in body, 140 g\/m\u00b2 in sleeves &#8211; Lining: 35 g\/m\u00b2 | <strong>Tallas:<\/strong> S-4XL<\/p>","protected":false},"excerpt":{"rendered":"<p>Chaqueta larga acolchada con cremallera bidireccional. Capucha desmontable ajustable con cordones el\u00e1sticos. Canal\u00e9 en cuello y pu\u00f1os. Bolsillos laterales con cremallera. Bolsillo interno en el pecho con cremallera. Tejido de punto suave en el interi<\/p>","protected":false},"featured_media":237136,"comment_status":"open","ping_status":"closed","template":"","meta":{"_acf_changed":false},"product_brand":[10521],"product_cat":[13998],"product_tag":[],"class_list":{"0":"post-233012","1":"product","2":"type-product","3":"status-publish","4":"has-post-thumbnail","6":"product_brand-james-harvest","7":"product_cat-n-chaquetas","8":"tm-no-options","10":"first","11":"instock","12":"taxable","13":"shipping-taxable","14":"product-type-variable"},"acf":[],"_links":{"self":[{"href":"https:\/\/grupotextil.es\/ca\/wp-json\/wp\/v2\/product\/233012","targetHints":{"allow":["GET"]}}],"collection":[{"href":"https:\/\/grupotextil.es\/ca\/wp-json\/wp\/v2\/product"}],"about":[{"href":"https:\/\/grupotextil.es\/ca\/wp-json\/wp\/v2\/types\/product"}],"replies":[{"embeddable":true,"href":"https:\/\/grupotextil.es\/ca\/wp-json\/wp\/v2\/comments?post=233012"}],"wp:featuredmedia":[{"embeddable":true,"href":"https:\/\/grupotextil.es\/ca\/wp-json\/wp\/v2\/media\/237136"}],"wp:attachment":[{"href":"https:\/\/grupotextil.es\/ca\/wp-json\/wp\/v2\/media?parent=233012"}],"wp:term":[{"taxonomy":"product_brand","embeddable":true,"href":"https:\/\/grupotextil.es\/ca\/wp-json\/wp\/v2\/product_brand?post=233012"},{"taxonomy":"product_cat","embeddable":true,"href":"https:\/\/grupotextil.es\/ca\/wp-json\/wp\/v2\/product_cat?post=233012"},{"taxonomy":"product_tag","embeddable":true,"href":"https:\/\/grupotextil.es\/ca\/wp-json\/wp\/v2\/product_tag?post=233012"}],"curies":[{"name":"wp","href":"https:\/\/api.w.org\/{rel}","templated":true}]}}