{"id":233020,"date":"2026-03-04T07:35:40","date_gmt":"2026-03-04T06:35:40","guid":{"rendered":"https:\/\/grupotextil.es\/producto\/nordmont-woman\/"},"modified":"2026-04-26T04:06:07","modified_gmt":"2026-04-26T02:06:07","slug":"nordmont-woman","status":"publish","type":"product","link":"https:\/\/grupotextil.es\/ca\/product\/nordmont-woman\/","title":{"rendered":"Nordmont Woman"},"content":{"rendered":"<p>Chaqueta larga acolchada de mujer con cremallera bidireccional. Capucha desmontable ajustable con cordones el\u00e1sticos. Canal\u00e9 en cuello y pu\u00f1os. Bolsillos laterales con cremallera. Bolsillo interno en el pecho con cremallera. Tejido de punto suave en el interior de los bolsillos. Viene en bolsa compostable.<\/p>\n<p><strong>Composici\u00f3n:<\/strong> Tejido externo: 100% Poli\u00e9ster reciclado, 67 g\/m\u00b2. Acolchado: 100% Poli\u00e9ster reciclado, 160 g\/m\u00b2 en cuerpo, 140 g\/m\u00b2 en mangas. Forro:  100% Poli\u00e9ster reciclado, 35 g\/m\u00b2 | <strong>Peso:<\/strong> Shell: 67 g\/m\u00b2 &#8211; Padding: 160 g\/m in body, 140 g\/m\u00b2 in sleeves &#8211; Lining: 35 g\/m\u00b2 | <strong>Tallas:<\/strong> XS-XXL<\/p>","protected":false},"excerpt":{"rendered":"<p>Chaqueta larga acolchada de mujer con cremallera bidireccional. Capucha desmontable ajustable con cordones el\u00e1sticos. Canal\u00e9 en cuello y pu\u00f1os. Bolsillos laterales con cremallera. Bolsillo interno en el pecho con cremallera. Tejido de punto suave en<\/p>","protected":false},"featured_media":237138,"comment_status":"open","ping_status":"closed","template":"","meta":{"_acf_changed":false},"product_brand":[10521],"product_cat":[13998],"product_tag":[],"class_list":{"0":"post-233020","1":"product","2":"type-product","3":"status-publish","4":"has-post-thumbnail","6":"product_brand-james-harvest","7":"product_cat-n-chaquetas","8":"tm-no-options","10":"first","11":"instock","12":"taxable","13":"shipping-taxable","14":"product-type-variable"},"acf":[],"_links":{"self":[{"href":"https:\/\/grupotextil.es\/ca\/wp-json\/wp\/v2\/product\/233020","targetHints":{"allow":["GET"]}}],"collection":[{"href":"https:\/\/grupotextil.es\/ca\/wp-json\/wp\/v2\/product"}],"about":[{"href":"https:\/\/grupotextil.es\/ca\/wp-json\/wp\/v2\/types\/product"}],"replies":[{"embeddable":true,"href":"https:\/\/grupotextil.es\/ca\/wp-json\/wp\/v2\/comments?post=233020"}],"wp:featuredmedia":[{"embeddable":true,"href":"https:\/\/grupotextil.es\/ca\/wp-json\/wp\/v2\/media\/237138"}],"wp:attachment":[{"href":"https:\/\/grupotextil.es\/ca\/wp-json\/wp\/v2\/media?parent=233020"}],"wp:term":[{"taxonomy":"product_brand","embeddable":true,"href":"https:\/\/grupotextil.es\/ca\/wp-json\/wp\/v2\/product_brand?post=233020"},{"taxonomy":"product_cat","embeddable":true,"href":"https:\/\/grupotextil.es\/ca\/wp-json\/wp\/v2\/product_cat?post=233020"},{"taxonomy":"product_tag","embeddable":true,"href":"https:\/\/grupotextil.es\/ca\/wp-json\/wp\/v2\/product_tag?post=233020"}],"curies":[{"name":"wp","href":"https:\/\/api.w.org\/{rel}","templated":true}]}}