{"id":233033,"date":"2026-03-04T07:35:48","date_gmt":"2026-03-04T06:35:48","guid":{"rendered":"https:\/\/grupotextil.es\/producto\/casual-blazer-woman\/"},"modified":"2026-04-19T04:07:15","modified_gmt":"2026-04-19T02:07:15","slug":"casual-blazer-woman","status":"publish","type":"product","link":"https:\/\/grupotextil.es\/ca\/product\/casual-blazer-woman\/","title":{"rendered":"Casual Blazer Woman"},"content":{"rendered":"<p>De lejos puede parecer un Blazer formal, pero de cerca es un sue\u00f1o suave e informal. El tejido de punto es extremadamente c\u00f3modo, ligero y el\u00e1stico.<\/p>\n<p>Con su resistencia a las arrugas, es perfecto para viajar. Te ver\u00e1s y te sentir\u00e1s lo mejor posible con este h\u00edbrido entre sudadera con sobrecamisa y Blazer. Te animamos a combinarlo con cualquiera de nuestras camisas Bow. V\u00edstela todo el a\u00f1o.<\/p>\n<p><strong>Composici\u00f3n:<\/strong> 60% algod\u00f3n, 40% poli\u00e9ster | <strong>Peso:<\/strong> 260 gsm | <strong>Tallas:<\/strong> 34-46<\/p>","protected":false},"excerpt":{"rendered":"<p>De lejos puede parecer un Blazer formal, pero de cerca es un sue\u00f1o suave e informal. El tejido de punto es extremadamente c\u00f3modo, ligero y el\u00e1stico.<\/p>","protected":false},"featured_media":237142,"comment_status":"open","ping_status":"closed","template":"","meta":{"_acf_changed":false},"product_brand":[10563],"product_cat":[15147],"product_tag":[],"class_list":{"0":"post-233033","1":"product","2":"type-product","3":"status-publish","4":"has-post-thumbnail","6":"product_brand-j-harvest-frost","7":"product_cat-new-wave","8":"tm-no-options","10":"first","11":"instock","12":"taxable","13":"shipping-taxable","14":"product-type-variable"},"acf":[],"_links":{"self":[{"href":"https:\/\/grupotextil.es\/ca\/wp-json\/wp\/v2\/product\/233033","targetHints":{"allow":["GET"]}}],"collection":[{"href":"https:\/\/grupotextil.es\/ca\/wp-json\/wp\/v2\/product"}],"about":[{"href":"https:\/\/grupotextil.es\/ca\/wp-json\/wp\/v2\/types\/product"}],"replies":[{"embeddable":true,"href":"https:\/\/grupotextil.es\/ca\/wp-json\/wp\/v2\/comments?post=233033"}],"wp:featuredmedia":[{"embeddable":true,"href":"https:\/\/grupotextil.es\/ca\/wp-json\/wp\/v2\/media\/237142"}],"wp:attachment":[{"href":"https:\/\/grupotextil.es\/ca\/wp-json\/wp\/v2\/media?parent=233033"}],"wp:term":[{"taxonomy":"product_brand","embeddable":true,"href":"https:\/\/grupotextil.es\/ca\/wp-json\/wp\/v2\/product_brand?post=233033"},{"taxonomy":"product_cat","embeddable":true,"href":"https:\/\/grupotextil.es\/ca\/wp-json\/wp\/v2\/product_cat?post=233033"},{"taxonomy":"product_tag","embeddable":true,"href":"https:\/\/grupotextil.es\/ca\/wp-json\/wp\/v2\/product_tag?post=233033"}],"curies":[{"name":"wp","href":"https:\/\/api.w.org\/{rel}","templated":true}]}}