{"id":233185,"date":"2026-03-04T07:37:42","date_gmt":"2026-03-04T06:37:42","guid":{"rendered":"https:\/\/grupotextil.es\/producto\/adv-explore-lt-down-hybrid-jkt-m\/"},"modified":"2026-04-26T04:06:08","modified_gmt":"2026-04-26T02:06:08","slug":"adv-explore-lt-down-hybrid-jkt-m","status":"publish","type":"product","link":"https:\/\/grupotextil.es\/ca\/product\/adv-explore-lt-down-hybrid-jkt-m\/","title":{"rendered":"ADV Explore Lt. Down Hybrid Jkt M"},"content":{"rendered":"<p>La ADV Explore Light Down Hybrid Jacket es una chaqueta h\u00edbrida c\u00e1lida y vers\u00e1til que funciona perfectamente como capa exterior en temperaturas m\u00e1s suaves o como capa intermedia debajo de una chaqueta exterior en condiciones m\u00e1s fr\u00edas.<\/p>\n<p>Esta chaqueta h\u00edbrida de aislamiento combina un ligero aislamiento de plum\u00f3n 90\/10 en la parte superior del cuerpo con forro polar cepillado en las mangas, los laterales y la parte inferior del cuerpo. El resultado es una chaqueta vers\u00e1til que proporciona un calor excelente, un transporte eficaz de la humedad y una libertad de movimientos \u00f3ptima durante actividades f\u00edsicas intensas en condiciones de fr\u00edo. La chaqueta h\u00edbrida tambi\u00e9n es ligeramente m\u00e1s larga por detr\u00e1s para una mayor protecci\u00f3n y dos bolsillos laterales con cremallera para guardar de forma segura y c\u00f3moda las llaves, el tel\u00e9fono, la barrita energ\u00e9tica, etc.<\/p>\n<p>\u2022 Tejido exterior ripstop de poli\u00e9ster reciclado repelente al agua en la parte superior del cuerpo y en la capucha<\/p>\n<p>\u2022 Aislamiento de plum\u00f3n fino y ligero 90\/10 en la parte superior del cuerpo y la capucha<\/p>\n<p>\u2022 Tejido polar cepillado en las mangas, los laterales y la parte inferior del cuerpo<\/p>\n<p>\u2022 Ligeramente m\u00e1s larga por detr\u00e1s<\/p>\n<p>\u2022 Dos bolsillos laterales con cremallera<\/p>\n<p>\u2022 Regular fit<\/p>\n<p><strong>Composici\u00f3n:<\/strong> Upper Body 100% Polyamide-Recycled Lower Body 94% Polyester-Recycled 6% Elastane Padding 10% Feather 90% Down | <strong>Tallas:<\/strong> S-4XL<\/p>","protected":false},"excerpt":{"rendered":"<p>La ADV Explore Light Down Hybrid Jacket es una chaqueta h\u00edbrida c\u00e1lida y vers\u00e1til que funciona perfectamente como capa exterior en temperaturas m\u00e1s suaves o como capa intermedia debajo de una chaqueta exterior en condiciones m\u00e1s fr\u00edas.<\/p>","protected":false},"featured_media":237171,"comment_status":"open","ping_status":"closed","template":"","meta":{"_acf_changed":false},"product_brand":[10489],"product_cat":[13998],"product_tag":[],"class_list":{"0":"post-233185","1":"product","2":"type-product","3":"status-publish","4":"has-post-thumbnail","6":"product_brand-craft","7":"product_cat-n-chaquetas","8":"tm-no-options","10":"first","11":"instock","12":"taxable","13":"shipping-taxable","14":"product-type-variable"},"acf":[],"_links":{"self":[{"href":"https:\/\/grupotextil.es\/ca\/wp-json\/wp\/v2\/product\/233185","targetHints":{"allow":["GET"]}}],"collection":[{"href":"https:\/\/grupotextil.es\/ca\/wp-json\/wp\/v2\/product"}],"about":[{"href":"https:\/\/grupotextil.es\/ca\/wp-json\/wp\/v2\/types\/product"}],"replies":[{"embeddable":true,"href":"https:\/\/grupotextil.es\/ca\/wp-json\/wp\/v2\/comments?post=233185"}],"wp:featuredmedia":[{"embeddable":true,"href":"https:\/\/grupotextil.es\/ca\/wp-json\/wp\/v2\/media\/237171"}],"wp:attachment":[{"href":"https:\/\/grupotextil.es\/ca\/wp-json\/wp\/v2\/media?parent=233185"}],"wp:term":[{"taxonomy":"product_brand","embeddable":true,"href":"https:\/\/grupotextil.es\/ca\/wp-json\/wp\/v2\/product_brand?post=233185"},{"taxonomy":"product_cat","embeddable":true,"href":"https:\/\/grupotextil.es\/ca\/wp-json\/wp\/v2\/product_cat?post=233185"},{"taxonomy":"product_tag","embeddable":true,"href":"https:\/\/grupotextil.es\/ca\/wp-json\/wp\/v2\/product_tag?post=233185"}],"curies":[{"name":"wp","href":"https:\/\/api.w.org\/{rel}","templated":true}]}}