{"id":233196,"date":"2026-03-04T07:37:51","date_gmt":"2026-03-04T06:37:51","guid":{"rendered":"https:\/\/grupotextil.es\/producto\/core-explore-lt-insulation-jkt-m\/"},"modified":"2026-04-19T04:07:16","modified_gmt":"2026-04-19T02:07:16","slug":"core-explore-lt-insulation-jkt-m","status":"publish","type":"product","link":"https:\/\/grupotextil.es\/ca\/product\/core-explore-lt-insulation-jkt-m\/","title":{"rendered":"CORE Explore Lt. Insulation Jkt M"},"content":{"rendered":"<p>La chaqueta CORE Explore Light Insulation Jacket es un complemento vers\u00e1til para el armario de los entusiastas de las actividades al aire libre, ya que ofrece calidez y capacidad de transporte para una amplia gama de aventuras y para el uso diario.<\/p>\n<p>Esta chaqueta c\u00e1lida y funcional cuenta con un aislamiento de poli\u00e9ster ligero y soplado que proporciona una calidez notable, atrapando eficazmente el calor corporal para mantenerte caliente y c\u00f3modo en condiciones de fr\u00edo. El relleno de poli\u00e9ster es muy funcional y de secado r\u00e1pido, lo que minimiza las molestias causadas por el sudor o la lluvia inesperada. Su ligereza tambi\u00e9n permite comprimirla en una peque\u00f1a bolsa o mochila, lo que permite ajustar r\u00e1pidamente sobre la marcha los repentinos descensos de temperatura. La chaqueta tambi\u00e9n cuenta con capucha desmontable, bolsillo con cremallera en el pecho y dos bolsillos laterales con cremallera para guardar de forma segura objetos esenciales como las llaves, el tel\u00e9fono y una barrita energ\u00e9tica. Tanto si est\u00e1s explorando el campo como si simplemente est\u00e1s en tu d\u00eda a d\u00eda, esta chaqueta es una opci\u00f3n fiable para mantenerte abrigado y protegido en diversos entornos al aire libre. Muy vers\u00e1til, funciona perfectamente como capa en condiciones fr\u00edas o como prenda independiente en d\u00edas m\u00e1s suaves.<\/p>\n<p>\u2022 Tejido exterior de poli\u00e9ster reciclado<\/p>\n<p>\u2022 Aislamiento ligero de poli\u00e9ster soplado<\/p>\n<p>\u2022 Dise\u00f1o acolchado en cuerpo, mangas y capucha<\/p>\n<p>\u2022 Capucha desmontable con cierre de bot\u00f3n a presi\u00f3n<\/p>\n<p>\u2022 Dos bolsillos laterales con cremallera<\/p>\n<p>\u2022 Bolsillo con cremallera en el pecho<\/p>\n<p>\u2022 El\u00e1stico con cord\u00f3n en la parte inferior<\/p>\n<p>\u2022 Regular fit<\/p>\n<p><strong>Composici\u00f3n:<\/strong> Body 100% Polyamide Recycled Padding 100% Polyester | <strong>Tallas:<\/strong> XS-4XL<\/p>","protected":false},"excerpt":{"rendered":"<p>La chaqueta CORE Explore Light Insulation Jacket es un complemento vers\u00e1til para el armario de los entusiastas de las actividades al aire libre, ya que ofrece calidez y capacidad de transporte para una amplia gama de aventuras y para el uso diario.<\/p>","protected":false},"featured_media":237173,"comment_status":"open","ping_status":"closed","template":"","meta":{"_acf_changed":false},"product_brand":[10489],"product_cat":[13998],"product_tag":[],"class_list":{"0":"post-233196","1":"product","2":"type-product","3":"status-publish","4":"has-post-thumbnail","6":"product_brand-craft","7":"product_cat-n-chaquetas","8":"tm-no-options","10":"first","11":"instock","12":"taxable","13":"shipping-taxable","14":"product-type-variable"},"acf":[],"_links":{"self":[{"href":"https:\/\/grupotextil.es\/ca\/wp-json\/wp\/v2\/product\/233196","targetHints":{"allow":["GET"]}}],"collection":[{"href":"https:\/\/grupotextil.es\/ca\/wp-json\/wp\/v2\/product"}],"about":[{"href":"https:\/\/grupotextil.es\/ca\/wp-json\/wp\/v2\/types\/product"}],"replies":[{"embeddable":true,"href":"https:\/\/grupotextil.es\/ca\/wp-json\/wp\/v2\/comments?post=233196"}],"wp:featuredmedia":[{"embeddable":true,"href":"https:\/\/grupotextil.es\/ca\/wp-json\/wp\/v2\/media\/237173"}],"wp:attachment":[{"href":"https:\/\/grupotextil.es\/ca\/wp-json\/wp\/v2\/media?parent=233196"}],"wp:term":[{"taxonomy":"product_brand","embeddable":true,"href":"https:\/\/grupotextil.es\/ca\/wp-json\/wp\/v2\/product_brand?post=233196"},{"taxonomy":"product_cat","embeddable":true,"href":"https:\/\/grupotextil.es\/ca\/wp-json\/wp\/v2\/product_cat?post=233196"},{"taxonomy":"product_tag","embeddable":true,"href":"https:\/\/grupotextil.es\/ca\/wp-json\/wp\/v2\/product_tag?post=233196"}],"curies":[{"name":"wp","href":"https:\/\/api.w.org\/{rel}","templated":true}]}}