{"id":233209,"date":"2026-03-04T07:38:00","date_gmt":"2026-03-04T06:38:00","guid":{"rendered":"https:\/\/grupotextil.es\/producto\/adv-explore-softshell-2-0-jkt-m\/"},"modified":"2026-04-26T04:06:08","modified_gmt":"2026-04-26T02:06:08","slug":"adv-explore-softshell-2-0-jkt-m","status":"publish","type":"product","link":"https:\/\/grupotextil.es\/ca\/product\/adv-explore-softshell-2-0-jkt-m\/","title":{"rendered":"ADV Explore Softshell 2.0 Jkt M"},"content":{"rendered":"<p>ADV Explore Softshell Jacket 2 es una chaqueta softshell avanzada dise\u00f1ada para una amplia gama de actividades al aire libre y para el uso diario. Esta vers\u00e1til chaqueta para exteriores est\u00e1 confeccionada con un tejido softshell cortavientos e impermeable de gran elasticidad e interior cepillado, que proporciona protecci\u00f3n contra la lluvia ligera, el viento y la nieve. La chaqueta cuenta con capucha ajustable, bolsillo con cremallera en el pecho y dos bolsillos laterales con cremallera para guardar de forma segura el dispositivo GPS, las llaves, el tel\u00e9fono, la barrita energ\u00e9tica, etc. Su resistencia a la intemperie, transpirabilidad, flexibilidad y versatilidad la convierten en una pieza esencial para las actividades al aire libre que puede mejorar tus experiencias al aire libre y mantenerte c\u00f3modo en una amplia gama de condiciones. Puede llevarse como capa exterior por s\u00ed sola en condiciones m\u00e1s suaves o como parte de un sistema de capas en climas m\u00e1s fr\u00edos.<\/p>\n<p>\u2022 Cortaviento e impermeable, tejido suave y el\u00e1stico con interior cepillado<\/p>\n<p>\u2022 Tejido de poli\u00e9ster reciclado y elastano<\/p>\n<p>\u2022 Capucha ajustable por delante y por detr\u00e1s<\/p>\n<p>\u2022 Ligeramente m\u00e1s larga por detr\u00e1s<\/p>\n<p>\u2022 Dos bolsillos laterales con cremallera<\/p>\n<p>\u2022 Bolsillo con cremallera en el pecho<\/p>\n<p>\u2022 Regular fit<\/p>\n<p><strong>Composici\u00f3n:<\/strong> Body 92% Polyester-Recycled 8% Elastane Side Panels 100% Polyester-Recycled | <strong>Tallas:<\/strong> S-3XL<\/p>","protected":false},"excerpt":{"rendered":"<p>ADV Explore Softshell Jacket 2 es una chaqueta softshell avanzada dise\u00f1ada para una amplia gama de actividades al aire libre y para el uso diario. Esta vers\u00e1til chaqueta para exteriores est\u00e1 confeccionada con un tejido softshell cortavientos e imperm<\/p>","protected":false},"featured_media":237175,"comment_status":"open","ping_status":"closed","template":"","meta":{"_acf_changed":false},"product_brand":[10489],"product_cat":[13998],"product_tag":[],"class_list":{"0":"post-233209","1":"product","2":"type-product","3":"status-publish","4":"has-post-thumbnail","6":"product_brand-craft","7":"product_cat-n-chaquetas","8":"tm-no-options","10":"first","11":"instock","12":"taxable","13":"shipping-taxable","14":"product-type-variable"},"acf":[],"_links":{"self":[{"href":"https:\/\/grupotextil.es\/ca\/wp-json\/wp\/v2\/product\/233209","targetHints":{"allow":["GET"]}}],"collection":[{"href":"https:\/\/grupotextil.es\/ca\/wp-json\/wp\/v2\/product"}],"about":[{"href":"https:\/\/grupotextil.es\/ca\/wp-json\/wp\/v2\/types\/product"}],"replies":[{"embeddable":true,"href":"https:\/\/grupotextil.es\/ca\/wp-json\/wp\/v2\/comments?post=233209"}],"wp:featuredmedia":[{"embeddable":true,"href":"https:\/\/grupotextil.es\/ca\/wp-json\/wp\/v2\/media\/237175"}],"wp:attachment":[{"href":"https:\/\/grupotextil.es\/ca\/wp-json\/wp\/v2\/media?parent=233209"}],"wp:term":[{"taxonomy":"product_brand","embeddable":true,"href":"https:\/\/grupotextil.es\/ca\/wp-json\/wp\/v2\/product_brand?post=233209"},{"taxonomy":"product_cat","embeddable":true,"href":"https:\/\/grupotextil.es\/ca\/wp-json\/wp\/v2\/product_cat?post=233209"},{"taxonomy":"product_tag","embeddable":true,"href":"https:\/\/grupotextil.es\/ca\/wp-json\/wp\/v2\/product_tag?post=233209"}],"curies":[{"name":"wp","href":"https:\/\/api.w.org\/{rel}","templated":true}]}}