{"id":233338,"date":"2026-03-04T07:39:29","date_gmt":"2026-03-04T06:39:29","guid":{"rendered":"https:\/\/grupotextil.es\/producto\/grab-windbreaker-men\/"},"modified":"2026-04-19T04:07:17","modified_gmt":"2026-04-19T02:07:17","slug":"grab-windbreaker-men","status":"publish","type":"product","link":"https:\/\/grupotextil.es\/ca\/product\/grab-windbreaker-men\/","title":{"rendered":"Grab Windbreaker Men"},"content":{"rendered":"<p>Elegante, moderna y c\u00f3moda es la mezcla definitiva de estilo y funcionalidad, perfecta para los d\u00edas de viento. Confeccionado con un acabado mate que le da un aspecto contempor\u00e1neo, este cortavientos incorpora cremalleras tono sobre tono para un dise\u00f1o sin costuras. La capucha est\u00e1 rodeada por un suave ribete, mientras que el bajo el\u00e1stico de las mangas garantiza un ajuste seguro. En el interior, un forro de malla transpirable y un suave tafet\u00e1n en la capucha y las mangas proporcionan comodidad durante todo el d\u00eda. Acabado C0 Bionic Eco repelente al agua.<\/p>\n<p><strong>Composici\u00f3n:<\/strong> Material exterior: 100% poli\u00e9ster, 75g\/m\u00b2. Forro (malla): 100% poli\u00e9ster reciclado certificado, 70g\/m\u00b2. Forro (tafet\u00e1n): 100% poli\u00e9ster reciclado certificado, 80g\/m\u00b2. C0 Bionic-Finish\u00ae ECO resistente al agua | <strong>Tallas:<\/strong> S-5XL<\/p>","protected":false},"excerpt":{"rendered":"<p>Elegante, moderna y c\u00f3moda es la mezcla definitiva de estilo y funcionalidad, perfecta para los d\u00edas de viento. Confeccionado con un acabado mate que le da un aspecto contempor\u00e1neo, este cortavientos incorpora cremalleras tono sobre tono para un dise<\/p>","protected":false},"featured_media":237194,"comment_status":"open","ping_status":"closed","template":"","meta":{"_acf_changed":false},"product_brand":[10529],"product_cat":[13998],"product_tag":[],"class_list":{"0":"post-233338","1":"product","2":"type-product","3":"status-publish","4":"has-post-thumbnail","6":"product_brand-printer-red","7":"product_cat-n-chaquetas","8":"tm-no-options","10":"first","11":"instock","12":"taxable","13":"shipping-taxable","14":"product-type-variable"},"acf":[],"_links":{"self":[{"href":"https:\/\/grupotextil.es\/ca\/wp-json\/wp\/v2\/product\/233338","targetHints":{"allow":["GET"]}}],"collection":[{"href":"https:\/\/grupotextil.es\/ca\/wp-json\/wp\/v2\/product"}],"about":[{"href":"https:\/\/grupotextil.es\/ca\/wp-json\/wp\/v2\/types\/product"}],"replies":[{"embeddable":true,"href":"https:\/\/grupotextil.es\/ca\/wp-json\/wp\/v2\/comments?post=233338"}],"wp:featuredmedia":[{"embeddable":true,"href":"https:\/\/grupotextil.es\/ca\/wp-json\/wp\/v2\/media\/237194"}],"wp:attachment":[{"href":"https:\/\/grupotextil.es\/ca\/wp-json\/wp\/v2\/media?parent=233338"}],"wp:term":[{"taxonomy":"product_brand","embeddable":true,"href":"https:\/\/grupotextil.es\/ca\/wp-json\/wp\/v2\/product_brand?post=233338"},{"taxonomy":"product_cat","embeddable":true,"href":"https:\/\/grupotextil.es\/ca\/wp-json\/wp\/v2\/product_cat?post=233338"},{"taxonomy":"product_tag","embeddable":true,"href":"https:\/\/grupotextil.es\/ca\/wp-json\/wp\/v2\/product_tag?post=233338"}],"curies":[{"name":"wp","href":"https:\/\/api.w.org\/{rel}","templated":true}]}}