{"id":233600,"date":"2026-03-04T07:42:30","date_gmt":"2026-03-04T06:42:30","guid":{"rendered":"https:\/\/grupotextil.es\/producto\/7104-sudadera-con-capucha-1-2-zip7104-sudadera-con-capucha-1-2-zip-9910-vis\/"},"modified":"2026-04-19T04:07:19","modified_gmt":"2026-04-19T02:07:19","slug":"7104-sudadera-con-capucha-1-2-zip7104-sudadera-con-capucha-1-2-zip-9910-vis","status":"publish","type":"product","link":"https:\/\/grupotextil.es\/ca\/product\/7104-sudadera-con-capucha-1-2-zip7104-sudadera-con-capucha-1-2-zip-9910-vis\/","title":{"rendered":"7104 SUDADERA CON CAPUCHA 1\/2 ZIP\n7104 SUDADERA CON CAPUCHA 1\/2 ZIP 9910-VIS"},"content":{"rendered":"<p>Sudadera con capucha y media cremallera frontal. Interior afelpado para una sensaci\u00f3n agradable y suave. Bolsillo abierto en la parte delantera, con un bolsillo de seguridad adicional con cierre de cremallera. Capucha con cord\u00f3n de ajuste. Cinta de contraste en el cuello. Rib 2&#215;2 en los pu\u00f1os y en la parte inferior de la sudadera. Bolsillo para chip de lavander\u00eda en la costura lateral izquierda interior.<\/p>\n<p>Probada para el lavado industrial seg\u00fan ISO 15797<\/p>\n<p>Mayor visibilidad EN 17353<\/p>\n<p>Certificado Oeko-Tex 100<\/p>\n<p>Se entrega en una bolsa compostable de base biol\u00f3gica<\/p>\n<p><strong>Composici\u00f3n:<\/strong> 60% algod\u00f3n org\u00e1nico, 40% poli\u00e9ster reciclado &#8211; 280 g\/m2 | <strong>Peso:<\/strong> 280 g\/m\u00b2 | <strong>Tallas:<\/strong> XS-5XL<\/p>","protected":false},"excerpt":{"rendered":"<p>Sudadera con capucha y media cremallera frontal. Interior afelpado para una sensaci\u00f3n agradable y suave. Bolsillo abierto en la parte delantera, con un bolsillo de seguridad adicional con cierre de cremallera. Capucha con cord\u00f3n de ajuste. Cinta de c<\/p>","protected":false},"featured_media":237239,"comment_status":"open","ping_status":"closed","template":"","meta":{"_acf_changed":false},"product_brand":[10531],"product_cat":[13990,13981,13974,13932,13930,13975,13935,13973],"product_tag":[],"class_list":{"0":"post-233600","1":"product","2":"type-product","3":"status-publish","4":"has-post-thumbnail","6":"product_brand-projob","7":"product_cat-m-chaquetas-y-abrigos","8":"product_cat-h-chaquetas-y-abrigos","9":"product_cat-ropa-hombre","10":"product_cat-hosteleria-horeca","11":"product_cat-laboral","12":"product_cat-ropa-mujer","13":"product_cat-pantalones-cocina","14":"product_cat-ropa","15":"tm-no-options","17":"first","18":"instock","19":"taxable","20":"shipping-taxable","21":"product-type-variable"},"acf":[],"_links":{"self":[{"href":"https:\/\/grupotextil.es\/ca\/wp-json\/wp\/v2\/product\/233600","targetHints":{"allow":["GET"]}}],"collection":[{"href":"https:\/\/grupotextil.es\/ca\/wp-json\/wp\/v2\/product"}],"about":[{"href":"https:\/\/grupotextil.es\/ca\/wp-json\/wp\/v2\/types\/product"}],"replies":[{"embeddable":true,"href":"https:\/\/grupotextil.es\/ca\/wp-json\/wp\/v2\/comments?post=233600"}],"wp:featuredmedia":[{"embeddable":true,"href":"https:\/\/grupotextil.es\/ca\/wp-json\/wp\/v2\/media\/237239"}],"wp:attachment":[{"href":"https:\/\/grupotextil.es\/ca\/wp-json\/wp\/v2\/media?parent=233600"}],"wp:term":[{"taxonomy":"product_brand","embeddable":true,"href":"https:\/\/grupotextil.es\/ca\/wp-json\/wp\/v2\/product_brand?post=233600"},{"taxonomy":"product_cat","embeddable":true,"href":"https:\/\/grupotextil.es\/ca\/wp-json\/wp\/v2\/product_cat?post=233600"},{"taxonomy":"product_tag","embeddable":true,"href":"https:\/\/grupotextil.es\/ca\/wp-json\/wp\/v2\/product_tag?post=233600"}],"curies":[{"name":"wp","href":"https:\/\/api.w.org\/{rel}","templated":true}]}}