{"id":233633,"date":"2026-03-04T07:42:49","date_gmt":"2026-03-04T06:42:49","guid":{"rendered":"https:\/\/grupotextil.es\/producto\/7420-chaqueta-acolchada-mujer7420-chaqueta-acolchada-mujer-9910-vis\/"},"modified":"2026-04-19T04:07:19","modified_gmt":"2026-04-19T02:07:19","slug":"7420-chaqueta-acolchada-mujer7420-chaqueta-acolchada-mujer-9910-vis","status":"publish","type":"product","link":"https:\/\/grupotextil.es\/ca\/product\/7420-chaqueta-acolchada-mujer7420-chaqueta-acolchada-mujer-9910-vis\/","title":{"rendered":"7420 CHAQUETA ACOLCHADA MUJER\n7420 CHAQUETA ACOLCHADA MUJER 9910-VIS"},"content":{"rendered":"<p>Chaqueta funcional acolchada de material impermeable y cortaviento, costuras selladas. Cremallera frontal con solapa para evitar corrientes de aire y filtraciones de agua, cierre con bot\u00f3n de presi\u00f3n. Capucha desmontable, ajustable en dos sentidos con cord\u00f3n en la parte delantera y con sistema vire en la parte trasera. Bolsillos laterales en ambos lados, generoso bolsillo de pecho en el lado derecho y un bolsillo interior en el lado izquierdo, todos los bolsillos con cierre de cremallera. Extremos de las mangas ajustables con velcro, dobladillo ajustable con cord\u00f3n. Bolsillo para chip de lavander\u00eda en la costura interior del lado izquierdo.<\/p>\n<p>Mayor visibilidad EN 17353<\/p>\n<p>Se entrega en una bolsa de base biol\u00f3gica y compostable.<\/p>\n<p><strong>Composici\u00f3n:<\/strong> 100% poli\u00e9ster reciclado Acolchado: 100% poli\u00e9ster reciclado &#8211; 80 g\/m2 Forro: 100% poli\u00e9ster reciclado | <strong>Peso:<\/strong> 240 g\/m\u00b2 | <strong>Tallas:<\/strong> XS-3XL<\/p>","protected":false},"excerpt":{"rendered":"<p>Chaqueta funcional acolchada de material impermeable y cortaviento, costuras selladas. Cremallera frontal con solapa para evitar corrientes de aire y filtraciones de agua, cierre con bot\u00f3n de presi\u00f3n. Capucha desmontable, ajustable en dos sentidos co<\/p>","protected":false},"featured_media":237243,"comment_status":"open","ping_status":"closed","template":"","meta":{"_acf_changed":false},"product_brand":[10531],"product_cat":[13998],"product_tag":[],"class_list":{"0":"post-233633","1":"product","2":"type-product","3":"status-publish","4":"has-post-thumbnail","6":"product_brand-projob","7":"product_cat-n-chaquetas","8":"tm-no-options","10":"first","11":"instock","12":"taxable","13":"shipping-taxable","14":"product-type-variable"},"acf":[],"_links":{"self":[{"href":"https:\/\/grupotextil.es\/ca\/wp-json\/wp\/v2\/product\/233633","targetHints":{"allow":["GET"]}}],"collection":[{"href":"https:\/\/grupotextil.es\/ca\/wp-json\/wp\/v2\/product"}],"about":[{"href":"https:\/\/grupotextil.es\/ca\/wp-json\/wp\/v2\/types\/product"}],"replies":[{"embeddable":true,"href":"https:\/\/grupotextil.es\/ca\/wp-json\/wp\/v2\/comments?post=233633"}],"wp:featuredmedia":[{"embeddable":true,"href":"https:\/\/grupotextil.es\/ca\/wp-json\/wp\/v2\/media\/237243"}],"wp:attachment":[{"href":"https:\/\/grupotextil.es\/ca\/wp-json\/wp\/v2\/media?parent=233633"}],"wp:term":[{"taxonomy":"product_brand","embeddable":true,"href":"https:\/\/grupotextil.es\/ca\/wp-json\/wp\/v2\/product_brand?post=233633"},{"taxonomy":"product_cat","embeddable":true,"href":"https:\/\/grupotextil.es\/ca\/wp-json\/wp\/v2\/product_cat?post=233633"},{"taxonomy":"product_tag","embeddable":true,"href":"https:\/\/grupotextil.es\/ca\/wp-json\/wp\/v2\/product_tag?post=233633"}],"curies":[{"name":"wp","href":"https:\/\/api.w.org\/{rel}","templated":true}]}}