{"id":233642,"date":"2026-03-04T07:42:55","date_gmt":"2026-03-04T06:42:55","guid":{"rendered":"https:\/\/grupotextil.es\/producto\/7421-chaqueta-ligera-mujer7421-chaqueta-ligera-mujer-9910-vis\/"},"modified":"2026-04-19T04:07:19","modified_gmt":"2026-04-19T02:07:19","slug":"7421-chaqueta-ligera-mujer7421-chaqueta-ligera-mujer-9910-vis","status":"publish","type":"product","link":"https:\/\/grupotextil.es\/ca\/product\/7421-chaqueta-ligera-mujer7421-chaqueta-ligera-mujer-9910-vis\/","title":{"rendered":"7421 CHAQUETA LIGERA MUJER\n7421 CHAQUETA LIGERA MUJER 9910-VIS"},"content":{"rendered":"<p>Chaqueta en tejido ligero acolchado diamond sin costuras. Bolsillos en el pecho a ambos lados con cierre de cremallera, el izquierdo con un soporte interno para sujetar la tarjeta de identificaci\u00f3n. Bolsillos laterales a ambos lados con cierre de cremallera, tambi\u00e9n bolsillos interiores abiertos para documentos, etc. Bolsillo para chip de lavander\u00eda en la costura interior del lado izquierdo.<\/p>\n<p>Mayor visibilidad EN 17353.<\/p>\n<p>Se suministra en una bolsa de base biol\u00f3gica y compostable.<\/p>\n<p><strong>Composici\u00f3n:<\/strong> 100% poli\u00e9ster reciclado Forro: 100% poli\u00e9ster reciclado Acolchado: Poli\u00e9ster reciclado Primaloft &#8211; 80 g\/m2 | <strong>Peso:<\/strong> 145 g\/m\u00b2 | <strong>Tallas:<\/strong> XS-3XL<\/p>","protected":false},"excerpt":{"rendered":"<p>Chaqueta en tejido ligero acolchado diamond sin costuras. Bolsillos en el pecho a ambos lados con cierre de cremallera, el izquierdo con un soporte interno para sujetar la tarjeta de identificaci\u00f3n. Bolsillos laterales a ambos lados con cierre de cre<\/p>","protected":false},"featured_media":237244,"comment_status":"open","ping_status":"closed","template":"","meta":{"_acf_changed":false},"product_brand":[10531],"product_cat":[13998],"product_tag":[],"class_list":{"0":"post-233642","1":"product","2":"type-product","3":"status-publish","4":"has-post-thumbnail","6":"product_brand-projob","7":"product_cat-n-chaquetas","8":"tm-no-options","10":"first","11":"instock","12":"taxable","13":"shipping-taxable","14":"product-type-variable"},"acf":[],"_links":{"self":[{"href":"https:\/\/grupotextil.es\/ca\/wp-json\/wp\/v2\/product\/233642","targetHints":{"allow":["GET"]}}],"collection":[{"href":"https:\/\/grupotextil.es\/ca\/wp-json\/wp\/v2\/product"}],"about":[{"href":"https:\/\/grupotextil.es\/ca\/wp-json\/wp\/v2\/types\/product"}],"replies":[{"embeddable":true,"href":"https:\/\/grupotextil.es\/ca\/wp-json\/wp\/v2\/comments?post=233642"}],"wp:featuredmedia":[{"embeddable":true,"href":"https:\/\/grupotextil.es\/ca\/wp-json\/wp\/v2\/media\/237244"}],"wp:attachment":[{"href":"https:\/\/grupotextil.es\/ca\/wp-json\/wp\/v2\/media?parent=233642"}],"wp:term":[{"taxonomy":"product_brand","embeddable":true,"href":"https:\/\/grupotextil.es\/ca\/wp-json\/wp\/v2\/product_brand?post=233642"},{"taxonomy":"product_cat","embeddable":true,"href":"https:\/\/grupotextil.es\/ca\/wp-json\/wp\/v2\/product_cat?post=233642"},{"taxonomy":"product_tag","embeddable":true,"href":"https:\/\/grupotextil.es\/ca\/wp-json\/wp\/v2\/product_tag?post=233642"}],"curies":[{"name":"wp","href":"https:\/\/api.w.org\/{rel}","templated":true}]}}