{"id":233750,"date":"2026-03-04T07:44:13","date_gmt":"2026-03-04T06:44:13","guid":{"rendered":"https:\/\/grupotextil.es\/producto\/urban-shell-jacket-m\/"},"modified":"2026-04-26T04:06:11","modified_gmt":"2026-04-26T02:06:11","slug":"urban-shell-jacket-m","status":"publish","type":"product","link":"https:\/\/grupotextil.es\/ca\/product\/urban-shell-jacket-m\/","title":{"rendered":"Urban Shell Jacket M"},"content":{"rendered":"<p>La Urban Shell Jacket es una chaqueta cortaviento e impermeable dise\u00f1ada para el lugar de trabajo moderno y los entornos urbanos, que te mantiene seco y c\u00f3modo en los d\u00edas de clima h\u00famedo.<\/p>\n<p>Confeccionada con un tejido de 3 capas y costuras totalmente selladas, esta chaqueta informal ofrece una protecci\u00f3n fiable contra las inclemencias del tiempo sin renunciar al estilo. Una abertura de ventilaci\u00f3n vertical con orificios perforados en la espalda proporciona una mayor transpirabilidad durante el uso activo, mientras que los pu\u00f1os el\u00e1sticos de las mangas pueden doblarse hacia arriba para dejar al descubierto una cinta reflectante en el interior que mejora la visibilidad. Tambi\u00e9n cuenta con una capucha ajustable con cord\u00f3n de ajuste y un dobladillo sutilmente contorneado. La elegante silueta de la chaqueta y su dise\u00f1o limpio la hacen perfecta para personalizarla con logotipos de clubes, patrocinadores o empresas.<\/p>\n<p>\u2022 Tejido de 3 capas cortaviento e impermeable (WP 15.000\/MVP 15.000)<\/p>\n<p>\u2022 Tejido con tratamiento DWR (Repelencia Duradera al Agua)<\/p>\n<p>\u2022 Costuras totalmente selladas<\/p>\n<p>\u2022 Ventilaci\u00f3n cortada a l\u00e1ser en la espalda<\/p>\n<p>\u2022 Cremallera frontal impermeable<\/p>\n<p>\u2022 Mangas plegables con reflectante en el interior<\/p>\n<p>\u2022 Capucha ajustable con cord\u00f3n<\/p>\n<p>\u2022 Logotipo bordado en la parte superior de la manga<\/p>\n<p>\u2022 Ajuste regular<\/p>\n<p><strong>Composici\u00f3n:<\/strong> Face 100% Polyester Recycled, Middle 100% Polyurethane, Back 100% Polyester Recycled | <strong>Tallas:<\/strong> XS-XXL<\/p>","protected":false},"excerpt":{"rendered":"<p>La Urban Shell Jacket es una chaqueta cortaviento e impermeable dise\u00f1ada para el lugar de trabajo moderno y los entornos urbanos, que te mantiene seco y c\u00f3modo en los d\u00edas de clima h\u00famedo.<\/p>","protected":false},"featured_media":237264,"comment_status":"open","ping_status":"closed","template":"","meta":{"_acf_changed":false},"product_brand":[10489],"product_cat":[15147],"product_tag":[],"class_list":{"0":"post-233750","1":"product","2":"type-product","3":"status-publish","4":"has-post-thumbnail","6":"product_brand-craft","7":"product_cat-new-wave","8":"tm-no-options","10":"first","11":"instock","12":"taxable","13":"shipping-taxable","14":"product-type-variable"},"acf":[],"_links":{"self":[{"href":"https:\/\/grupotextil.es\/ca\/wp-json\/wp\/v2\/product\/233750","targetHints":{"allow":["GET"]}}],"collection":[{"href":"https:\/\/grupotextil.es\/ca\/wp-json\/wp\/v2\/product"}],"about":[{"href":"https:\/\/grupotextil.es\/ca\/wp-json\/wp\/v2\/types\/product"}],"replies":[{"embeddable":true,"href":"https:\/\/grupotextil.es\/ca\/wp-json\/wp\/v2\/comments?post=233750"}],"wp:featuredmedia":[{"embeddable":true,"href":"https:\/\/grupotextil.es\/ca\/wp-json\/wp\/v2\/media\/237264"}],"wp:attachment":[{"href":"https:\/\/grupotextil.es\/ca\/wp-json\/wp\/v2\/media?parent=233750"}],"wp:term":[{"taxonomy":"product_brand","embeddable":true,"href":"https:\/\/grupotextil.es\/ca\/wp-json\/wp\/v2\/product_brand?post=233750"},{"taxonomy":"product_cat","embeddable":true,"href":"https:\/\/grupotextil.es\/ca\/wp-json\/wp\/v2\/product_cat?post=233750"},{"taxonomy":"product_tag","embeddable":true,"href":"https:\/\/grupotextil.es\/ca\/wp-json\/wp\/v2\/product_tag?post=233750"}],"curies":[{"name":"wp","href":"https:\/\/api.w.org\/{rel}","templated":true}]}}