{"id":293503,"date":"2026-03-06T01:27:38","date_gmt":"2026-03-06T01:27:38","guid":{"rendered":"https:\/\/grupotextil.es\/?post_type=product&#038;p=293503"},"modified":"2026-03-06T01:27:38","modified_gmt":"2026-03-06T01:27:38","slug":"birrete-de-graduacion-valento-yale","status":"publish","type":"product","link":"https:\/\/grupotextil.es\/ca\/product\/birrete-de-graduacion-valento-yale\/","title":{"rendered":"Birrete de graduaci\u00f3n VALENTO YALE"},"content":{"rendered":"<div class=\"product-description\">\n<div class=\"article_characteristics\">\n<ul style=\"margin-block-start: 0;\" >\n<li>Birrete de graduaci\u00f3n.<\/li>\n<li>Confeccionado en tejido de <b>microfibra<\/b>, flexible, c\u00f3modo y vers\u00e1til.<\/li>\n<li>Gorro con dobladillo decorativo y goma el\u00e1stica trasera par un mejor ajuste.<\/li>\n<li>Panel cuadrado semi-r\u00edgido en la parte superior que incluye borla de seda artificial con acabado suave y brillante.<\/li>\n<li>Ideal para graduaciones.<\/li>\n<\/ul><\/div>\n<\/div>\n<div class=\"product-pdf\">\n<p><a href=\"https:\/\/valento.es\/?service=ServeDocuments&amp;function=serve_datasheet&amp;article_ref=BIVAYAL\" target=\"_blank\" rel=\"noopener\">Descargar ficha t\u00e9cnica (PDF)<\/a><\/p>\n<\/div>","protected":false},"excerpt":{"rendered":"<p>Birrete de graduaci\u00f3n VALENTO YALE de Valento. Disponible en la categor\u00eda Accesorios De Graduacion. Env\u00edo r\u00e1pido 24\/48h.<\/p>","protected":false},"featured_media":293504,"comment_status":"open","ping_status":"closed","template":"","meta":{"_acf_changed":false},"product_brand":[11282],"product_cat":[13974,13975],"product_tag":[],"class_list":{"0":"post-293503","1":"product","2":"type-product","3":"status-publish","4":"has-post-thumbnail","6":"product_brand-valento","7":"product_cat-ropa-hombre","8":"product_cat-ropa-mujer","9":"tm-no-options","11":"first","12":"instock","13":"taxable","14":"shipping-taxable","15":"product-type-variable"},"acf":[],"_links":{"self":[{"href":"https:\/\/grupotextil.es\/ca\/wp-json\/wp\/v2\/product\/293503","targetHints":{"allow":["GET"]}}],"collection":[{"href":"https:\/\/grupotextil.es\/ca\/wp-json\/wp\/v2\/product"}],"about":[{"href":"https:\/\/grupotextil.es\/ca\/wp-json\/wp\/v2\/types\/product"}],"replies":[{"embeddable":true,"href":"https:\/\/grupotextil.es\/ca\/wp-json\/wp\/v2\/comments?post=293503"}],"wp:featuredmedia":[{"embeddable":true,"href":"https:\/\/grupotextil.es\/ca\/wp-json\/wp\/v2\/media\/293504"}],"wp:attachment":[{"href":"https:\/\/grupotextil.es\/ca\/wp-json\/wp\/v2\/media?parent=293503"}],"wp:term":[{"taxonomy":"product_brand","embeddable":true,"href":"https:\/\/grupotextil.es\/ca\/wp-json\/wp\/v2\/product_brand?post=293503"},{"taxonomy":"product_cat","embeddable":true,"href":"https:\/\/grupotextil.es\/ca\/wp-json\/wp\/v2\/product_cat?post=293503"},{"taxonomy":"product_tag","embeddable":true,"href":"https:\/\/grupotextil.es\/ca\/wp-json\/wp\/v2\/product_tag?post=293503"}],"curies":[{"name":"wp","href":"https:\/\/api.w.org\/{rel}","templated":true}]}}