{"id":293953,"date":"2026-03-06T01:27:59","date_gmt":"2026-03-06T01:27:59","guid":{"rendered":"https:\/\/grupotextil.es\/?post_type=product&#038;p=293953"},"modified":"2026-03-06T01:27:59","modified_gmt":"2026-03-06T01:27:59","slug":"babero-para-bebe-con-cordones-valento-tender","status":"publish","type":"product","link":"https:\/\/grupotextil.es\/ca\/product\/babero-para-bebe-con-cordones-valento-tender\/","title":{"rendered":"Babero para beb\u00e9 con cordones VALENTO TENDER"},"content":{"rendered":"<div class=\"product-description\">\n<div class=\"article_characteristics\">\n<ul style=\"margin-block-start: 0;\" >\n<li><b>Babero<\/b> de <b>beb\u00e9<\/b> con cordones.<\/li>\n<li>Confeccionado con doble capa de tejido: una de popel\u00edn liso que facilita la impresi\u00f3n, y otra de rizo absorbente que retiene y empapa l\u00edquidos.<\/li>\n<li>Cordones en parte trasera que facilitan una mejor sujeci\u00f3n.<\/li>\n<li>Costuras ribeteadas en todo el contorno que aumentan su resistencia y durabilidad.<\/li>\n<li>M\u00e9todos id\u00f3neos de marcaje: serigraf\u00eda, transfer, vinilo.<\/li>\n<li>Ideal para m\u00faltiples usos: cotidiano, merchandising, suvenir, <b>regalo personalizado<\/b>, <b>regalo promocional<\/b>, etc.<\/li>\n<\/ul><\/div>\n<\/div>\n<div class=\"product-pdf\">\n<p><a href=\"https:\/\/valento.es\/?service=ServeDocuments&amp;function=serve_datasheet&amp;article_ref=BAVATEN\" target=\"_blank\" rel=\"noopener\">Descargar ficha t\u00e9cnica (PDF)<\/a><\/p>\n<\/div>","protected":false},"excerpt":{"rendered":"<p>Babero para beb\u00e9 con cordones VALENTO TENDER de Valento. Disponible en la categor\u00eda Bebe. Env\u00edo r\u00e1pido 24\/48h.<\/p>","protected":false},"featured_media":293954,"comment_status":"open","ping_status":"closed","template":"","meta":{"_acf_changed":false},"product_brand":[11282],"product_cat":[10160],"product_tag":[],"class_list":{"0":"post-293953","1":"product","2":"type-product","3":"status-publish","4":"has-post-thumbnail","6":"product_brand-valento","7":"product_cat-ropa-bebe","8":"tm-no-options","10":"first","11":"instock","12":"taxable","13":"shipping-taxable","14":"product-type-variable"},"acf":[],"_links":{"self":[{"href":"https:\/\/grupotextil.es\/ca\/wp-json\/wp\/v2\/product\/293953","targetHints":{"allow":["GET"]}}],"collection":[{"href":"https:\/\/grupotextil.es\/ca\/wp-json\/wp\/v2\/product"}],"about":[{"href":"https:\/\/grupotextil.es\/ca\/wp-json\/wp\/v2\/types\/product"}],"replies":[{"embeddable":true,"href":"https:\/\/grupotextil.es\/ca\/wp-json\/wp\/v2\/comments?post=293953"}],"wp:featuredmedia":[{"embeddable":true,"href":"https:\/\/grupotextil.es\/ca\/wp-json\/wp\/v2\/media\/293954"}],"wp:attachment":[{"href":"https:\/\/grupotextil.es\/ca\/wp-json\/wp\/v2\/media?parent=293953"}],"wp:term":[{"taxonomy":"product_brand","embeddable":true,"href":"https:\/\/grupotextil.es\/ca\/wp-json\/wp\/v2\/product_brand?post=293953"},{"taxonomy":"product_cat","embeddable":true,"href":"https:\/\/grupotextil.es\/ca\/wp-json\/wp\/v2\/product_cat?post=293953"},{"taxonomy":"product_tag","embeddable":true,"href":"https:\/\/grupotextil.es\/ca\/wp-json\/wp\/v2\/product_tag?post=293953"}],"curies":[{"name":"wp","href":"https:\/\/api.w.org\/{rel}","templated":true}]}}