{"id":294836,"date":"2026-03-06T01:28:18","date_gmt":"2026-03-06T01:28:18","guid":{"rendered":"https:\/\/grupotextil.es\/?post_type=product&#038;p=294836"},"modified":"2026-03-06T01:28:18","modified_gmt":"2026-03-06T01:28:18","slug":"bermuda-vaquera-multibolsillos-valento-samuel","status":"publish","type":"product","link":"https:\/\/grupotextil.es\/ca\/product\/bermuda-vaquera-multibolsillos-valento-samuel\/","title":{"rendered":"Bermuda vaquera multibolsillos VALENTO SAMUEL"},"content":{"rendered":"<div class=\"product-description\">\n<div class=\"article_characteristics\">\n<ul style=\"margin-block-start: 0;\" >\n<li><b>Bermuda vaquera<\/b> <b>multibolsillos<\/b>.<\/li>\n<li>Confeccionada en tejido denim prelavado de algod\u00f3n suave y confortable mezclado con elastano flexible y ajustable.<\/li>\n<li>Cintura con trabillas para el cintur\u00f3n y cierre de cremallera, tapeta y bot\u00f3n metalizado.<\/li>\n<li>Dos bolsillos redondeados en las caderas con presillas de seguridad met\u00e1licas, bolsillo monedero en el lado derecho, dos traseros tipo parche y dos bolsillos cargo con tapeta y bot\u00f3n met\u00e1lico para tener todo guardado.<\/li>\n<li>Costuras principales dobles que aumentan su resistencia y bajo con dobladillo para un mejor acabado.<\/li>\n<li>M\u00e9todos id\u00f3neos de marcaje: serigraf\u00eda, transfer, bordados, cosidos.<\/li>\n<li>Ideal como <b>ropa laboral<\/b> y <b>ropa casual<\/b>.<\/li>\n<\/ul><\/div>\n<\/div>\n<div class=\"product-pdf\">\n<p><a href=\"https:\/\/valento.es\/?service=ServeDocuments&amp;function=serve_datasheet&amp;article_ref=BEVASAM\" target=\"_blank\" rel=\"noopener\">Descargar ficha t\u00e9cnica (PDF)<\/a><\/p>\n<\/div>","protected":false},"excerpt":{"rendered":"<p>Bermuda vaquera multibolsillos VALENTO SAMUEL de Valento. Disponible en la categor\u00eda Bermudas. Env\u00edo r\u00e1pido 24\/48h.<\/p>","protected":false},"featured_media":294837,"comment_status":"open","ping_status":"closed","template":"","meta":{"_acf_changed":false},"product_brand":[11282],"product_cat":[13984,13993,13974,13975,13973],"product_tag":[],"class_list":{"0":"post-294836","1":"product","2":"type-product","3":"status-publish","4":"has-post-thumbnail","6":"product_brand-valento","7":"product_cat-h-bermudas","8":"product_cat-m-bermudas","9":"product_cat-ropa-hombre","10":"product_cat-ropa-mujer","11":"product_cat-ropa","12":"tm-no-options","14":"first","15":"instock","16":"taxable","17":"shipping-taxable","18":"product-type-variable"},"acf":[],"_links":{"self":[{"href":"https:\/\/grupotextil.es\/ca\/wp-json\/wp\/v2\/product\/294836","targetHints":{"allow":["GET"]}}],"collection":[{"href":"https:\/\/grupotextil.es\/ca\/wp-json\/wp\/v2\/product"}],"about":[{"href":"https:\/\/grupotextil.es\/ca\/wp-json\/wp\/v2\/types\/product"}],"replies":[{"embeddable":true,"href":"https:\/\/grupotextil.es\/ca\/wp-json\/wp\/v2\/comments?post=294836"}],"wp:featuredmedia":[{"embeddable":true,"href":"https:\/\/grupotextil.es\/ca\/wp-json\/wp\/v2\/media\/294837"}],"wp:attachment":[{"href":"https:\/\/grupotextil.es\/ca\/wp-json\/wp\/v2\/media?parent=294836"}],"wp:term":[{"taxonomy":"product_brand","embeddable":true,"href":"https:\/\/grupotextil.es\/ca\/wp-json\/wp\/v2\/product_brand?post=294836"},{"taxonomy":"product_cat","embeddable":true,"href":"https:\/\/grupotextil.es\/ca\/wp-json\/wp\/v2\/product_cat?post=294836"},{"taxonomy":"product_tag","embeddable":true,"href":"https:\/\/grupotextil.es\/ca\/wp-json\/wp\/v2\/product_tag?post=294836"}],"curies":[{"name":"wp","href":"https:\/\/api.w.org\/{rel}","templated":true}]}}