{"id":295030,"date":"2026-03-06T01:28:31","date_gmt":"2026-03-06T01:28:31","guid":{"rendered":"https:\/\/grupotextil.es\/?post_type=product&#038;p=295030"},"modified":"2026-03-06T01:28:31","modified_gmt":"2026-03-06T01:28:31","slug":"tote-bag-100-algodon-para-personalizar-valento-caliope","status":"publish","type":"product","link":"https:\/\/grupotextil.es\/ca\/product\/tote-bag-100-algodon-para-personalizar-valento-caliope\/","title":{"rendered":"Tote Bag 100% algod\u00f3n para personalizar VALENTO CALIOPE"},"content":{"rendered":"<div class=\"product-description\">\n<div class=\"article_characteristics\">\n<ul style=\"margin-block-start: 0;\" >\n<li><b>Bolsa de tela<\/b> con asas largas.<\/li>\n<li>Confeccionada en <b>tejido transpirable<\/b> y resistente <b>100% algod\u00f3n<\/b> crudo natural, sin tratamiento qu\u00edmico en el tinte.<\/li>\n<li>Asas con refuerzo cosido, en forma de cruz, en el punto de uni\u00f3n que aumenta su resistencia y costuras laterales sobrehiladas para mayor durabilidad.<\/li>\n<li>Puede guardarse de forma compactada y llevar a la compra reduciendo as\u00ed el uso de pl\u00e1stico.<\/li>\n<li>Volumen de 10 litros aproximadamente.<\/li>\n<li>M\u00e9todos id\u00f3neos de marcaje: serigraf\u00eda, vinilo, transfer.<\/li>\n<li>Ideal como <b>regalo promocional<\/b> y <b>regalo personalizado<\/b>.<\/li>\n<\/ul><\/div>\n<\/div>\n<div class=\"product-pdf\">\n<p><a href=\"https:\/\/valento.es\/?service=ServeDocuments&amp;function=serve_datasheet&amp;article_ref=BOVACAL\" target=\"_blank\" rel=\"noopener\">Descargar ficha t\u00e9cnica (PDF)<\/a><\/p>\n<\/div>","protected":false},"excerpt":{"rendered":"<p>Tote Bag 100% algod\u00f3n para personalizar VALENTO CALIOPE de Valento. Disponible en la categor\u00eda Bolsas Y Bolsos. Env\u00edo r\u00e1pido 24\/48h.<\/p>","protected":false},"featured_media":295031,"comment_status":"open","ping_status":"closed","template":"","meta":{"_acf_changed":false},"product_brand":[11282],"product_cat":[13974,13975],"product_tag":[],"class_list":{"0":"post-295030","1":"product","2":"type-product","3":"status-publish","4":"has-post-thumbnail","6":"product_brand-valento","7":"product_cat-ropa-hombre","8":"product_cat-ropa-mujer","9":"tm-no-options","11":"first","12":"instock","13":"taxable","14":"shipping-taxable","15":"product-type-variable"},"acf":[],"_links":{"self":[{"href":"https:\/\/grupotextil.es\/ca\/wp-json\/wp\/v2\/product\/295030","targetHints":{"allow":["GET"]}}],"collection":[{"href":"https:\/\/grupotextil.es\/ca\/wp-json\/wp\/v2\/product"}],"about":[{"href":"https:\/\/grupotextil.es\/ca\/wp-json\/wp\/v2\/types\/product"}],"replies":[{"embeddable":true,"href":"https:\/\/grupotextil.es\/ca\/wp-json\/wp\/v2\/comments?post=295030"}],"wp:featuredmedia":[{"embeddable":true,"href":"https:\/\/grupotextil.es\/ca\/wp-json\/wp\/v2\/media\/295031"}],"wp:attachment":[{"href":"https:\/\/grupotextil.es\/ca\/wp-json\/wp\/v2\/media?parent=295030"}],"wp:term":[{"taxonomy":"product_brand","embeddable":true,"href":"https:\/\/grupotextil.es\/ca\/wp-json\/wp\/v2\/product_brand?post=295030"},{"taxonomy":"product_cat","embeddable":true,"href":"https:\/\/grupotextil.es\/ca\/wp-json\/wp\/v2\/product_cat?post=295030"},{"taxonomy":"product_tag","embeddable":true,"href":"https:\/\/grupotextil.es\/ca\/wp-json\/wp\/v2\/product_tag?post=295030"}],"curies":[{"name":"wp","href":"https:\/\/api.w.org\/{rel}","templated":true}]}}