{"id":295276,"date":"2026-03-06T01:28:40","date_gmt":"2026-03-06T01:28:40","guid":{"rendered":"https:\/\/grupotextil.es\/?post_type=product&#038;p=295276"},"modified":"2026-03-06T01:28:40","modified_gmt":"2026-03-06T01:28:40","slug":"bolsa-tnt-con-cordon-valento-ragen","status":"publish","type":"product","link":"https:\/\/grupotextil.es\/ca\/product\/bolsa-tnt-con-cordon-valento-ragen\/","title":{"rendered":"Bolsa TNT con cord\u00f3n VALENTO RAGEN"},"content":{"rendered":"<div class=\"product-description\">\n<div class=\"article_characteristics\">\n<ul style=\"margin-block-start: 0;\" >\n<li><b>Bolsa<\/b> de almacenamiento con cierre de cord\u00f3n.<\/li>\n<li>Fabricada en <b>tejido no tejido (TNT)<\/b> ultraligero.<\/li>\n<li>Contorno superior con dobladillo y cierre de cord\u00f3n fino para mantener todo guardado.<\/li>\n<li>Fondo sin costuras y laterales termo-sellados para un mejor acabado.<\/li>\n<li>M\u00e9todos id\u00f3neos de marcaje: serigraf\u00eda.<\/li>\n<li>Ideal como <b>regalo promocional<\/b>.<\/li>\n<\/ul><\/div>\n<\/div>\n<div class=\"product-pdf\">\n<p><a href=\"https:\/\/valento.es\/?service=ServeDocuments&amp;function=serve_datasheet&amp;article_ref=BOVARAG\" target=\"_blank\" rel=\"noopener\">Descargar ficha t\u00e9cnica (PDF)<\/a><\/p>\n<\/div>","protected":false},"excerpt":{"rendered":"<p>Bolsa TNT con cord\u00f3n VALENTO RAGEN de Valento. Disponible en la categor\u00eda Bolsas Y Bolsos. Env\u00edo r\u00e1pido 24\/48h.<\/p>","protected":false},"featured_media":295277,"comment_status":"open","ping_status":"closed","template":"","meta":{"_acf_changed":false},"product_brand":[11282],"product_cat":[13974,13975],"product_tag":[],"class_list":{"0":"post-295276","1":"product","2":"type-product","3":"status-publish","4":"has-post-thumbnail","6":"product_brand-valento","7":"product_cat-ropa-hombre","8":"product_cat-ropa-mujer","9":"tm-no-options","11":"first","12":"instock","13":"taxable","14":"shipping-taxable","15":"product-type-variable"},"acf":[],"_links":{"self":[{"href":"https:\/\/grupotextil.es\/ca\/wp-json\/wp\/v2\/product\/295276","targetHints":{"allow":["GET"]}}],"collection":[{"href":"https:\/\/grupotextil.es\/ca\/wp-json\/wp\/v2\/product"}],"about":[{"href":"https:\/\/grupotextil.es\/ca\/wp-json\/wp\/v2\/types\/product"}],"replies":[{"embeddable":true,"href":"https:\/\/grupotextil.es\/ca\/wp-json\/wp\/v2\/comments?post=295276"}],"wp:featuredmedia":[{"embeddable":true,"href":"https:\/\/grupotextil.es\/ca\/wp-json\/wp\/v2\/media\/295277"}],"wp:attachment":[{"href":"https:\/\/grupotextil.es\/ca\/wp-json\/wp\/v2\/media?parent=295276"}],"wp:term":[{"taxonomy":"product_brand","embeddable":true,"href":"https:\/\/grupotextil.es\/ca\/wp-json\/wp\/v2\/product_brand?post=295276"},{"taxonomy":"product_cat","embeddable":true,"href":"https:\/\/grupotextil.es\/ca\/wp-json\/wp\/v2\/product_cat?post=295276"},{"taxonomy":"product_tag","embeddable":true,"href":"https:\/\/grupotextil.es\/ca\/wp-json\/wp\/v2\/product_tag?post=295276"}],"curies":[{"name":"wp","href":"https:\/\/api.w.org\/{rel}","templated":true}]}}