{"id":295282,"date":"2026-03-06T01:28:42","date_gmt":"2026-03-06T01:28:42","guid":{"rendered":"https:\/\/grupotextil.es\/?post_type=product&#038;p=295282"},"modified":"2026-03-06T01:28:42","modified_gmt":"2026-03-06T01:28:42","slug":"bolsa-camiseta-en-tnt-valento-market","status":"publish","type":"product","link":"https:\/\/grupotextil.es\/ca\/product\/bolsa-camiseta-en-tnt-valento-market\/","title":{"rendered":"Bolsa camiseta en TNT VALENTO MARKET"},"content":{"rendered":"<div class=\"product-description\">\n<div class=\"article_characteristics\">\n<ul style=\"margin-block-start: 0;\" >\n<li><b>Bolsa<\/b> <b>camiseta<\/b> con fuelles.<\/li>\n<li>Fabricada en <b>tejido no tejido (TNT)<\/b> con acabado gofrado, ligero y repelente.<\/li>\n<li>Refuerzos termo-sellados en asas, fondo y en un lateral que aumentan su resistencia.<\/li>\n<li>Laterales con fuelle para mayor capacidad.<\/li>\n<li>Volumen de 11 litros aproximadamente.<\/li>\n<li>M\u00e9todos id\u00f3neos de marcaje: serigraf\u00eda.<\/li>\n<li>Ideal como <b>regalo promocional<\/b> y merchandising.<\/li>\n<\/ul><\/div>\n<\/div>\n<div class=\"product-pdf\">\n<p><a href=\"https:\/\/valento.es\/?service=ServeDocuments&amp;function=serve_datasheet&amp;article_ref=BOVAMAR\" target=\"_blank\" rel=\"noopener\">Descargar ficha t\u00e9cnica (PDF)<\/a><\/p>\n<\/div>","protected":false},"excerpt":{"rendered":"<p>Bolsa camiseta en TNT VALENTO MARKET de Valento. Disponible en la categor\u00eda Bolsas Y Bolsos. Env\u00edo r\u00e1pido 24\/48h.<\/p>","protected":false},"featured_media":295283,"comment_status":"open","ping_status":"closed","template":"","meta":{"_acf_changed":false},"product_brand":[11282],"product_cat":[13974,13975],"product_tag":[],"class_list":{"0":"post-295282","1":"product","2":"type-product","3":"status-publish","4":"has-post-thumbnail","6":"product_brand-valento","7":"product_cat-ropa-hombre","8":"product_cat-ropa-mujer","9":"tm-no-options","11":"first","12":"instock","13":"taxable","14":"shipping-taxable","15":"product-type-variable"},"acf":[],"_links":{"self":[{"href":"https:\/\/grupotextil.es\/ca\/wp-json\/wp\/v2\/product\/295282","targetHints":{"allow":["GET"]}}],"collection":[{"href":"https:\/\/grupotextil.es\/ca\/wp-json\/wp\/v2\/product"}],"about":[{"href":"https:\/\/grupotextil.es\/ca\/wp-json\/wp\/v2\/types\/product"}],"replies":[{"embeddable":true,"href":"https:\/\/grupotextil.es\/ca\/wp-json\/wp\/v2\/comments?post=295282"}],"wp:featuredmedia":[{"embeddable":true,"href":"https:\/\/grupotextil.es\/ca\/wp-json\/wp\/v2\/media\/295283"}],"wp:attachment":[{"href":"https:\/\/grupotextil.es\/ca\/wp-json\/wp\/v2\/media?parent=295282"}],"wp:term":[{"taxonomy":"product_brand","embeddable":true,"href":"https:\/\/grupotextil.es\/ca\/wp-json\/wp\/v2\/product_brand?post=295282"},{"taxonomy":"product_cat","embeddable":true,"href":"https:\/\/grupotextil.es\/ca\/wp-json\/wp\/v2\/product_cat?post=295282"},{"taxonomy":"product_tag","embeddable":true,"href":"https:\/\/grupotextil.es\/ca\/wp-json\/wp\/v2\/product_tag?post=295282"}],"curies":[{"name":"wp","href":"https:\/\/api.w.org\/{rel}","templated":true}]}}