{"id":295334,"date":"2026-03-06T01:28:47","date_gmt":"2026-03-06T01:28:47","guid":{"rendered":"https:\/\/grupotextil.es\/?post_type=product&#038;p=295334"},"modified":"2026-03-06T01:28:47","modified_gmt":"2026-03-06T01:28:47","slug":"tote-bag-sublimacion-valento-martina","status":"publish","type":"product","link":"https:\/\/grupotextil.es\/ca\/product\/tote-bag-sublimacion-valento-martina\/","title":{"rendered":"Tote Bag Sublimaci\u00f3n VALENTO MARTINA"},"content":{"rendered":"<div class=\"product-description\">\n<div class=\"article_characteristics\">\n<ul style=\"margin-block-start: 0;\" >\n<li><b>Bolsa de tela<\/b> de gran capacidad.<\/li>\n<li>Confeccionada en tejido Canvas <b>100% poli\u00e9ster<\/b> resistente y duradero.<\/li>\n<li>Contorno superior con dobladillo y asas intermedias con refuerzos cosidos en forma de cruz para mayor durabilidad.<\/li>\n<li>Fondo sin costuras y costuras laterales sobrehiladas que aumentan su resistencia.<\/li>\n<li>Volumen de 39 litros aproximadamente.<\/li>\n<li>M\u00e9todos id\u00f3neos de marcaje: <b>sublimaci\u00f3n<\/b> sobre color blanco, serigraf\u00eda, transfer, bordados, cosidos.<\/li>\n<li>Ideal como <b>regalo promocional<\/b> y <b>regalo personalizado<\/b>.<\/li>\n<\/ul><\/div>\n<\/div>\n<div class=\"product-pdf\">\n<p><a href=\"https:\/\/valento.es\/?service=ServeDocuments&amp;function=serve_datasheet&amp;article_ref=BOVAMRT\" target=\"_blank\" rel=\"noopener\">Descargar ficha t\u00e9cnica (PDF)<\/a><\/p>\n<\/div>","protected":false},"excerpt":{"rendered":"<p>Tote Bag Sublimaci\u00f3n VALENTO MARTINA de Valento. Disponible en la categor\u00eda Bolsas Y Bolsos. Env\u00edo r\u00e1pido 24\/48h.<\/p>","protected":false},"featured_media":295335,"comment_status":"open","ping_status":"closed","template":"","meta":{"_acf_changed":false},"product_brand":[11282],"product_cat":[13974,13975],"product_tag":[],"class_list":{"0":"post-295334","1":"product","2":"type-product","3":"status-publish","4":"has-post-thumbnail","6":"product_brand-valento","7":"product_cat-ropa-hombre","8":"product_cat-ropa-mujer","9":"tm-no-options","11":"first","12":"instock","13":"taxable","14":"shipping-taxable","15":"product-type-variable"},"acf":[],"_links":{"self":[{"href":"https:\/\/grupotextil.es\/ca\/wp-json\/wp\/v2\/product\/295334","targetHints":{"allow":["GET"]}}],"collection":[{"href":"https:\/\/grupotextil.es\/ca\/wp-json\/wp\/v2\/product"}],"about":[{"href":"https:\/\/grupotextil.es\/ca\/wp-json\/wp\/v2\/types\/product"}],"replies":[{"embeddable":true,"href":"https:\/\/grupotextil.es\/ca\/wp-json\/wp\/v2\/comments?post=295334"}],"wp:featuredmedia":[{"embeddable":true,"href":"https:\/\/grupotextil.es\/ca\/wp-json\/wp\/v2\/media\/295335"}],"wp:attachment":[{"href":"https:\/\/grupotextil.es\/ca\/wp-json\/wp\/v2\/media?parent=295334"}],"wp:term":[{"taxonomy":"product_brand","embeddable":true,"href":"https:\/\/grupotextil.es\/ca\/wp-json\/wp\/v2\/product_brand?post=295334"},{"taxonomy":"product_cat","embeddable":true,"href":"https:\/\/grupotextil.es\/ca\/wp-json\/wp\/v2\/product_cat?post=295334"},{"taxonomy":"product_tag","embeddable":true,"href":"https:\/\/grupotextil.es\/ca\/wp-json\/wp\/v2\/product_tag?post=295334"}],"curies":[{"name":"wp","href":"https:\/\/api.w.org\/{rel}","templated":true}]}}