{"id":295361,"date":"2026-03-06T01:28:49","date_gmt":"2026-03-06T01:28:49","guid":{"rendered":"https:\/\/grupotextil.es\/?post_type=product&#038;p=295361"},"modified":"2026-03-06T01:28:49","modified_gmt":"2026-03-06T01:28:49","slug":"bolsa-pequena-con-cierre-de-cordon-valento-laila","status":"publish","type":"product","link":"https:\/\/grupotextil.es\/ca\/product\/bolsa-pequena-con-cierre-de-cordon-valento-laila\/","title":{"rendered":"Bolsa peque\u00f1a con cierre de cord\u00f3n VALENTO LAILA"},"content":{"rendered":"<div class=\"product-description\">\n<div class=\"article_characteristics\">\n<ul style=\"margin-block-start: 0;\" >\n<li><b>Bolsa de tela<\/b> multiusos, tama\u00f1o peque\u00f1o.<\/li>\n<li>Confeccionado en tejido plano <b>100% poli\u00e9ster<\/b> con tacto algod\u00f3n suave, agradable, resistente y duradero.<\/li>\n<li>Contorno superior con dobladillo y cierre con cord\u00f3n ajustable para mantener todo guardado.<\/li>\n<li>Fondo sin costuras y costuras laterales sobrehiladas que aumentan su resistencia.<\/li>\n<li>M\u00e9todos id\u00f3neos de marcaje: sublimaci\u00f3n sobre color blanco, serigraf\u00eda, transfer, bordados, cosidos.<\/li>\n<li>Ideal como <b>regalo promocional<\/b>.<\/li>\n<\/ul><\/div>\n<\/div>\n<div class=\"product-pdf\">\n<p><a href=\"https:\/\/valento.es\/?service=ServeDocuments&amp;function=serve_datasheet&amp;article_ref=BOVALAI\" target=\"_blank\" rel=\"noopener\">Descargar ficha t\u00e9cnica (PDF)<\/a><\/p>\n<\/div>","protected":false},"excerpt":{"rendered":"<p>Bolsa peque\u00f1a con cierre de cord\u00f3n VALENTO LAILA de Valento. Disponible en la categor\u00eda Bolsas Y Bolsos. Env\u00edo r\u00e1pido 24\/48h.<\/p>","protected":false},"featured_media":295362,"comment_status":"open","ping_status":"closed","template":"","meta":{"_acf_changed":false},"product_brand":[11282],"product_cat":[13974,13975],"product_tag":[],"class_list":{"0":"post-295361","1":"product","2":"type-product","3":"status-publish","4":"has-post-thumbnail","6":"product_brand-valento","7":"product_cat-ropa-hombre","8":"product_cat-ropa-mujer","9":"tm-no-options","11":"first","12":"instock","13":"taxable","14":"shipping-taxable","15":"product-type-variable"},"acf":[],"_links":{"self":[{"href":"https:\/\/grupotextil.es\/ca\/wp-json\/wp\/v2\/product\/295361","targetHints":{"allow":["GET"]}}],"collection":[{"href":"https:\/\/grupotextil.es\/ca\/wp-json\/wp\/v2\/product"}],"about":[{"href":"https:\/\/grupotextil.es\/ca\/wp-json\/wp\/v2\/types\/product"}],"replies":[{"embeddable":true,"href":"https:\/\/grupotextil.es\/ca\/wp-json\/wp\/v2\/comments?post=295361"}],"wp:featuredmedia":[{"embeddable":true,"href":"https:\/\/grupotextil.es\/ca\/wp-json\/wp\/v2\/media\/295362"}],"wp:attachment":[{"href":"https:\/\/grupotextil.es\/ca\/wp-json\/wp\/v2\/media?parent=295361"}],"wp:term":[{"taxonomy":"product_brand","embeddable":true,"href":"https:\/\/grupotextil.es\/ca\/wp-json\/wp\/v2\/product_brand?post=295361"},{"taxonomy":"product_cat","embeddable":true,"href":"https:\/\/grupotextil.es\/ca\/wp-json\/wp\/v2\/product_cat?post=295361"},{"taxonomy":"product_tag","embeddable":true,"href":"https:\/\/grupotextil.es\/ca\/wp-json\/wp\/v2\/product_tag?post=295361"}],"curies":[{"name":"wp","href":"https:\/\/api.w.org\/{rel}","templated":true}]}}