{"id":295392,"date":"2026-03-06T01:28:51","date_gmt":"2026-03-06T01:28:51","guid":{"rendered":"https:\/\/grupotextil.es\/?post_type=product&#038;p=295392"},"modified":"2026-03-06T01:28:51","modified_gmt":"2026-03-06T01:28:51","slug":"bolsa-tote-bag-para-sublimacion-valento-helen","status":"publish","type":"product","link":"https:\/\/grupotextil.es\/ca\/product\/bolsa-tote-bag-para-sublimacion-valento-helen\/","title":{"rendered":"Bolsa Tote Bag para sublimaci\u00f3n VALENTO HELEN"},"content":{"rendered":"<div class=\"product-description\">\n<div class=\"article_characteristics\">\n<ul style=\"margin-block-start: 0;\" >\n<li><b>Bolsa de tela<\/b> para <b>sublimaci\u00f3n<\/b>.<\/li>\n<li>Confeccionada en tejido plano <b>100% poli\u00e9ster<\/b> resistente y duradero.<\/li>\n<li>Fondo sin costuras y costuras laterales sobrehiladas que aumentan su durabilidad.<\/li>\n<li>Contorno superior con dobladillo y asas con refuerzo cosido en forma de cruz en el punto de uni\u00f3n que aumenta su resistencia.<\/li>\n<li>Volumen de 8 litros aproximadamente.<\/li>\n<li>M\u00e9todos id\u00f3neos de marcaje: <b>sublimaci\u00f3n<\/b>, serigraf\u00eda, transfer.<\/li>\n<li>Ideal como <b>regalo personalizado<\/b>, <b>regalo promocional<\/b>, merchandising y uso diario.<\/li>\n<\/ul><\/div>\n<\/div>\n<div class=\"product-pdf\">\n<p><a href=\"https:\/\/valento.es\/?service=ServeDocuments&amp;function=serve_datasheet&amp;article_ref=BOVAHEL\" target=\"_blank\" rel=\"noopener\">Descargar ficha t\u00e9cnica (PDF)<\/a><\/p>\n<\/div>","protected":false},"excerpt":{"rendered":"<p>Bolsa Tote Bag para sublimaci\u00f3n VALENTO HELEN de Valento. Disponible en la categor\u00eda Bolsas Y Bolsos. Env\u00edo r\u00e1pido 24\/48h.<\/p>","protected":false},"featured_media":295393,"comment_status":"open","ping_status":"closed","template":"","meta":{"_acf_changed":false},"product_brand":[11282],"product_cat":[13974,13975],"product_tag":[],"class_list":{"0":"post-295392","1":"product","2":"type-product","3":"status-publish","4":"has-post-thumbnail","6":"product_brand-valento","7":"product_cat-ropa-hombre","8":"product_cat-ropa-mujer","9":"tm-no-options","11":"first","12":"instock","13":"taxable","14":"shipping-taxable","15":"product-type-variable"},"acf":[],"_links":{"self":[{"href":"https:\/\/grupotextil.es\/ca\/wp-json\/wp\/v2\/product\/295392","targetHints":{"allow":["GET"]}}],"collection":[{"href":"https:\/\/grupotextil.es\/ca\/wp-json\/wp\/v2\/product"}],"about":[{"href":"https:\/\/grupotextil.es\/ca\/wp-json\/wp\/v2\/types\/product"}],"replies":[{"embeddable":true,"href":"https:\/\/grupotextil.es\/ca\/wp-json\/wp\/v2\/comments?post=295392"}],"wp:featuredmedia":[{"embeddable":true,"href":"https:\/\/grupotextil.es\/ca\/wp-json\/wp\/v2\/media\/295393"}],"wp:attachment":[{"href":"https:\/\/grupotextil.es\/ca\/wp-json\/wp\/v2\/media?parent=295392"}],"wp:term":[{"taxonomy":"product_brand","embeddable":true,"href":"https:\/\/grupotextil.es\/ca\/wp-json\/wp\/v2\/product_brand?post=295392"},{"taxonomy":"product_cat","embeddable":true,"href":"https:\/\/grupotextil.es\/ca\/wp-json\/wp\/v2\/product_cat?post=295392"},{"taxonomy":"product_tag","embeddable":true,"href":"https:\/\/grupotextil.es\/ca\/wp-json\/wp\/v2\/product_tag?post=295392"}],"curies":[{"name":"wp","href":"https:\/\/api.w.org\/{rel}","templated":true}]}}