{"id":296453,"date":"2026-03-06T01:29:37","date_gmt":"2026-03-06T01:29:37","guid":{"rendered":"https:\/\/grupotextil.es\/?post_type=product&#038;p=296453"},"modified":"2026-03-06T01:29:37","modified_gmt":"2026-03-06T01:29:37","slug":"calcetines-termicos-ricos-en-algodon-valento-ordesa","status":"publish","type":"product","link":"https:\/\/grupotextil.es\/ca\/product\/calcetines-termicos-ricos-en-algodon-valento-ordesa\/","title":{"rendered":"Calcetines t\u00e9rmicos ricos en algod\u00f3n VALENTO ORDESA"},"content":{"rendered":"<div class=\"product-description\">\n<div class=\"article_characteristics\">\n<ul style=\"margin-block-start: 0;\" >\n<li><b>Calcetines t\u00e9rmicos<\/b> <b>bicolor<\/b> de ca\u00f1a alta.<\/li>\n<li>Confeccionados en <b>tejido transpirable<\/b> <b>rico en algod\u00f3n<\/b> que favorece la ventilaci\u00f3n, mezclado con poliamida y elastano flexible y ajustable.<\/li>\n<li>Almohadillas antideslizantes de tejido algod\u00f3n de color Marengo Vigor\u00e9, en planta del pie y en la pernera, para una mejor adherencia.<\/li>\n<li>Rizo interior para un mayor confort y alta retenci\u00f3n t\u00e9rmica.<\/li>\n<li>Pernera y parte superior el\u00e1sticas para mejor compresi\u00f3n y una excelente sujeci\u00f3n, refuerzos en tal\u00f3n y en punta con poliamida que aumentan su resistencia.<\/li>\n<li>M\u00e9todos id\u00f3neos de marcaje: bordados, cosidos.<\/li>\n<li>Ideal para actividades al aire libre, <b>trekking<\/b>, monta\u00f1a y <b>uniformes de invierno<\/b>.<\/li>\n<\/ul><\/div>\n<\/div>\n<div class=\"product-pdf\">\n<p><a href=\"https:\/\/valento.es\/?service=ServeDocuments&amp;function=serve_datasheet&amp;article_ref=CLVAORD\" target=\"_blank\" rel=\"noopener\">Descargar ficha t\u00e9cnica (PDF)<\/a><\/p>\n<\/div>","protected":false},"excerpt":{"rendered":"<p>Calcetines t\u00e9rmicos ricos en algod\u00f3n VALENTO ORDESA de Valento. Disponible en la categor\u00eda Calcetines. Env\u00edo r\u00e1pido 24\/48h.<\/p>","protected":false},"featured_media":296454,"comment_status":"open","ping_status":"closed","template":"","meta":{"_acf_changed":false},"product_brand":[11282],"product_cat":[13953],"product_tag":[],"class_list":{"0":"post-296453","1":"product","2":"type-product","3":"status-publish","4":"has-post-thumbnail","6":"product_brand-valento","7":"product_cat-acc-calcetines","8":"tm-no-options","10":"first","11":"instock","12":"taxable","13":"shipping-taxable","14":"product-type-variable"},"acf":[],"_links":{"self":[{"href":"https:\/\/grupotextil.es\/ca\/wp-json\/wp\/v2\/product\/296453","targetHints":{"allow":["GET"]}}],"collection":[{"href":"https:\/\/grupotextil.es\/ca\/wp-json\/wp\/v2\/product"}],"about":[{"href":"https:\/\/grupotextil.es\/ca\/wp-json\/wp\/v2\/types\/product"}],"replies":[{"embeddable":true,"href":"https:\/\/grupotextil.es\/ca\/wp-json\/wp\/v2\/comments?post=296453"}],"wp:featuredmedia":[{"embeddable":true,"href":"https:\/\/grupotextil.es\/ca\/wp-json\/wp\/v2\/media\/296454"}],"wp:attachment":[{"href":"https:\/\/grupotextil.es\/ca\/wp-json\/wp\/v2\/media?parent=296453"}],"wp:term":[{"taxonomy":"product_brand","embeddable":true,"href":"https:\/\/grupotextil.es\/ca\/wp-json\/wp\/v2\/product_brand?post=296453"},{"taxonomy":"product_cat","embeddable":true,"href":"https:\/\/grupotextil.es\/ca\/wp-json\/wp\/v2\/product_cat?post=296453"},{"taxonomy":"product_tag","embeddable":true,"href":"https:\/\/grupotextil.es\/ca\/wp-json\/wp\/v2\/product_tag?post=296453"}],"curies":[{"name":"wp","href":"https:\/\/api.w.org\/{rel}","templated":true}]}}