{"id":298167,"date":"2026-03-06T01:30:13","date_gmt":"2026-03-06T01:30:13","guid":{"rendered":"https:\/\/grupotextil.es\/?post_type=product&#038;p=298167"},"modified":"2026-03-06T01:30:13","modified_gmt":"2026-03-06T01:30:13","slug":"camisa-de-manga-larga-y-bolsillo-valento-graduation","status":"publish","type":"product","link":"https:\/\/grupotextil.es\/ca\/product\/camisa-de-manga-larga-y-bolsillo-valento-graduation\/","title":{"rendered":"Camisa de manga larga y bolsillo VALENTO GRADUATION"},"content":{"rendered":"<div class=\"product-description\">\n<div class=\"article_characteristics\">\n<ul style=\"margin-block-start: 0;\" >\n<li><b>Camisa<\/b> de <b>manga larga<\/b> y <b>bolsillo<\/b>.<\/li>\n<li>Confeccionada en tejido Oxford de 200 hilos, con hilo tintado, mezcla algod\u00f3n con poli\u00e9ster, resistente y duradero.<\/li>\n<li><b>Bolsillo<\/b> en pecho izquierdo para resaltar el marcaje.<\/li>\n<li>Pu\u00f1os y cierre frontal con botones transl\u00facidos, espalda con fuelle central.<\/li>\n<li>Costuras reforzadas en laterales, hombros,  mangas y sisas que aumentan su resistencia.<\/li>\n<li>M\u00e9todos id\u00f3neos de marcaje: serigraf\u00eda, transfer, bordados, cosidos.<\/li>\n<li>Ideal como <b>ropa laboral<\/b>, <b>uniformes corporativos<\/b> y <b>ropa casual<\/b>.<\/li>\n<\/ul><\/div>\n<\/div>\n<div class=\"product-pdf\">\n<p><a href=\"https:\/\/valento.es\/?service=ServeDocuments&amp;function=serve_datasheet&amp;article_ref=CSVAOHL\" target=\"_blank\" rel=\"noopener\">Descargar ficha t\u00e9cnica (PDF)<\/a><\/p>\n<\/div>","protected":false},"excerpt":{"rendered":"<p>Camisa de manga larga y bolsillo VALENTO GRADUATION de Valento. Disponible en la categor\u00eda Camisas. Env\u00edo r\u00e1pido 24\/48h.<\/p>","protected":false},"featured_media":298168,"comment_status":"open","ping_status":"closed","template":"","meta":{"_acf_changed":false},"product_brand":[11282],"product_cat":[13938],"product_tag":[],"class_list":{"0":"post-298167","1":"product","2":"type-product","3":"status-publish","4":"has-post-thumbnail","6":"product_brand-valento","7":"product_cat-camisas-corporativas","8":"tm-no-options","10":"first","11":"instock","12":"taxable","13":"shipping-taxable","14":"product-type-variable"},"acf":[],"_links":{"self":[{"href":"https:\/\/grupotextil.es\/ca\/wp-json\/wp\/v2\/product\/298167","targetHints":{"allow":["GET"]}}],"collection":[{"href":"https:\/\/grupotextil.es\/ca\/wp-json\/wp\/v2\/product"}],"about":[{"href":"https:\/\/grupotextil.es\/ca\/wp-json\/wp\/v2\/types\/product"}],"replies":[{"embeddable":true,"href":"https:\/\/grupotextil.es\/ca\/wp-json\/wp\/v2\/comments?post=298167"}],"wp:featuredmedia":[{"embeddable":true,"href":"https:\/\/grupotextil.es\/ca\/wp-json\/wp\/v2\/media\/298168"}],"wp:attachment":[{"href":"https:\/\/grupotextil.es\/ca\/wp-json\/wp\/v2\/media?parent=298167"}],"wp:term":[{"taxonomy":"product_brand","embeddable":true,"href":"https:\/\/grupotextil.es\/ca\/wp-json\/wp\/v2\/product_brand?post=298167"},{"taxonomy":"product_cat","embeddable":true,"href":"https:\/\/grupotextil.es\/ca\/wp-json\/wp\/v2\/product_cat?post=298167"},{"taxonomy":"product_tag","embeddable":true,"href":"https:\/\/grupotextil.es\/ca\/wp-json\/wp\/v2\/product_tag?post=298167"}],"curies":[{"name":"wp","href":"https:\/\/api.w.org\/{rel}","templated":true}]}}