{"id":300985,"date":"2026-03-06T01:31:11","date_gmt":"2026-03-06T01:31:11","guid":{"rendered":"https:\/\/grupotextil.es\/?post_type=product&#038;p=300985"},"modified":"2026-03-06T01:31:11","modified_gmt":"2026-03-06T01:31:11","slug":"camiseta-tecnica-manga-corta-valento-marathoner","status":"publish","type":"product","link":"https:\/\/grupotextil.es\/ca\/product\/camiseta-tecnica-manga-corta-valento-marathoner\/","title":{"rendered":"Camiseta t\u00e9cnica manga corta VALENTO MARATHONER"},"content":{"rendered":"<div class=\"product-description\">\n<div class=\"article_characteristics\">\n<ul style=\"margin-block-start: 0;\" >\n<li><b>Camiseta t\u00e9cnica<\/b> <b>bicolor<\/b> de <b>manga corta<\/b> y <b>cuello redondo<\/b>.<\/li>\n<li>Confeccionada en <b>tejido t\u00e9cnico transpirable<\/b> Dry-Knit con doble estructura que favorece la eliminaci\u00f3n del sudor hacia el exterior proporcionando un mayor confort.<\/li>\n<li>Bandas laterales en color a contraste que aportan originalidad.<\/li>\n<li><b>Manga rangl\u00e1n<\/b> que aporta mayor confort y movilidad.<\/li>\n<li>Costuras planas en sisas y costados que minimizan el roce con la piel.<\/li>\n<li>M\u00e9todos id\u00f3neos de marcaje: serigraf\u00eda, transfer, vinilo, bordados, cosidos.<\/li>\n<li>Ideal para realizar actividades f\u00edsicas, eventos, carreras y como <b>ropa deportiva<\/b>.<\/li>\n<\/ul><\/div>\n<\/div>\n<div class=\"product-pdf\">\n<p><a href=\"https:\/\/valento.es\/?service=ServeDocuments&amp;function=serve_datasheet&amp;article_ref=CAVAMAR\" target=\"_blank\" rel=\"noopener\">Descargar ficha t\u00e9cnica (PDF)<\/a><\/p>\n<\/div>","protected":false},"excerpt":{"rendered":"<p>Camiseta t\u00e9cnica manga corta VALENTO MARATHONER de Valento. Disponible en la categor\u00eda Camisetas Tecnicas. Env\u00edo r\u00e1pido 24\/48h.<\/p>","protected":false},"featured_media":300986,"comment_status":"open","ping_status":"closed","template":"","meta":{"_acf_changed":false},"product_brand":[11282],"product_cat":[13977,13986,13974,13975,13973],"product_tag":[],"class_list":{"0":"post-300985","1":"product","2":"type-product","3":"status-publish","4":"has-post-thumbnail","6":"product_brand-valento","7":"product_cat-h-camisetas-manga-corta","8":"product_cat-m-camisetas-manga-corta","9":"product_cat-ropa-hombre","10":"product_cat-ropa-mujer","11":"product_cat-ropa","12":"tm-no-options","14":"first","15":"instock","16":"taxable","17":"shipping-taxable","18":"product-type-variable"},"acf":[],"_links":{"self":[{"href":"https:\/\/grupotextil.es\/ca\/wp-json\/wp\/v2\/product\/300985","targetHints":{"allow":["GET"]}}],"collection":[{"href":"https:\/\/grupotextil.es\/ca\/wp-json\/wp\/v2\/product"}],"about":[{"href":"https:\/\/grupotextil.es\/ca\/wp-json\/wp\/v2\/types\/product"}],"replies":[{"embeddable":true,"href":"https:\/\/grupotextil.es\/ca\/wp-json\/wp\/v2\/comments?post=300985"}],"wp:featuredmedia":[{"embeddable":true,"href":"https:\/\/grupotextil.es\/ca\/wp-json\/wp\/v2\/media\/300986"}],"wp:attachment":[{"href":"https:\/\/grupotextil.es\/ca\/wp-json\/wp\/v2\/media?parent=300985"}],"wp:term":[{"taxonomy":"product_brand","embeddable":true,"href":"https:\/\/grupotextil.es\/ca\/wp-json\/wp\/v2\/product_brand?post=300985"},{"taxonomy":"product_cat","embeddable":true,"href":"https:\/\/grupotextil.es\/ca\/wp-json\/wp\/v2\/product_cat?post=300985"},{"taxonomy":"product_tag","embeddable":true,"href":"https:\/\/grupotextil.es\/ca\/wp-json\/wp\/v2\/product_tag?post=300985"}],"curies":[{"name":"wp","href":"https:\/\/api.w.org\/{rel}","templated":true}]}}