{"id":301588,"date":"2026-03-06T01:31:29","date_gmt":"2026-03-06T01:31:29","guid":{"rendered":"https:\/\/grupotextil.es\/?post_type=product&#038;p=301588"},"modified":"2026-03-06T01:31:29","modified_gmt":"2026-03-06T01:31:29","slug":"camiseta-tecnica-de-alto-rendimento-valento-dacita","status":"publish","type":"product","link":"https:\/\/grupotextil.es\/ca\/product\/camiseta-tecnica-de-alto-rendimento-valento-dacita\/","title":{"rendered":"T-Shirt t\u00e9cnica de alto rendimento VALENTO DACITA"},"content":{"rendered":"<div class=\"product-description\">\n<div class=\"article_characteristics\">\n<ul style=\"margin-block-start: 0;\" >\n<li><b>Camiseta t\u00e9cnica<\/b> de <b>manga corta<\/b> <b>bicolor<\/b>.<\/li>\n<li>Confeccionada en <b>tejido transpirable<\/b> Intarsia 2D de gran elasticidad y alto rendimiento, tejido Jacquard micro-perforado en axilas, torso y espalda para mayor ventilaci\u00f3n, refuerzos con canales de compresi\u00f3n en hombros y laterales para mayor libertad de movimiento.<\/li>\n<li>Ensamblada mediante los m\u00e9todos seamless (sin costuras) y flat seam (costuras planas) que minimizan el roce con la piel.<\/li>\n<li>Dise\u00f1o anat\u00f3mico y din\u00e1mico que aporta mayor movilidad.<\/li>\n<li>Cuello redondo con cinta interior que mantiene su forma, bajo de doble capa de canal\u00e9 el\u00e1stico que se adapta c\u00f3modamente, <b>manga rangl\u00e1n<\/b> con costura plana y dobladillo de canal\u00e9 extra el\u00e1stico con costura invisible para mayor confort.<\/li>\n<li>Ideal como <b>ropa deportiva<\/b> de alto rendimiento.<\/li>\n<\/ul><\/div>\n<\/div>\n<div class=\"product-pdf\">\n<p><a href=\"https:\/\/valento.es\/?service=ServeDocuments&amp;function=serve_datasheet&amp;article_ref=CAVADAC\" target=\"_blank\" rel=\"noopener\">Descargar ficha t\u00e9cnica (PDF)<\/a><\/p>\n<\/div>","protected":false},"excerpt":{"rendered":"<p>Camiseta t\u00e9cnica de alto rendimento VALENTO DACITA de Valento. Disponible en la categor\u00eda Camisetas Tecnicas. Env\u00edo r\u00e1pido 24\/48h.<\/p>","protected":false},"featured_media":301589,"comment_status":"open","ping_status":"closed","template":"","meta":{"_acf_changed":false},"product_brand":[11282],"product_cat":[13986,13977,13974,13975,13973],"product_tag":[],"class_list":{"0":"post-301588","1":"product","2":"type-product","3":"status-publish","4":"has-post-thumbnail","6":"product_brand-valento","7":"product_cat-m-camisetas-manga-corta","8":"product_cat-h-camisetas-manga-corta","9":"product_cat-ropa-hombre","10":"product_cat-ropa-mujer","11":"product_cat-ropa","12":"tm-no-options","14":"first","15":"instock","16":"taxable","17":"shipping-taxable","18":"product-type-variable"},"acf":[],"_links":{"self":[{"href":"https:\/\/grupotextil.es\/ca\/wp-json\/wp\/v2\/product\/301588","targetHints":{"allow":["GET"]}}],"collection":[{"href":"https:\/\/grupotextil.es\/ca\/wp-json\/wp\/v2\/product"}],"about":[{"href":"https:\/\/grupotextil.es\/ca\/wp-json\/wp\/v2\/types\/product"}],"replies":[{"embeddable":true,"href":"https:\/\/grupotextil.es\/ca\/wp-json\/wp\/v2\/comments?post=301588"}],"wp:featuredmedia":[{"embeddable":true,"href":"https:\/\/grupotextil.es\/ca\/wp-json\/wp\/v2\/media\/301589"}],"wp:attachment":[{"href":"https:\/\/grupotextil.es\/ca\/wp-json\/wp\/v2\/media?parent=301588"}],"wp:term":[{"taxonomy":"product_brand","embeddable":true,"href":"https:\/\/grupotextil.es\/ca\/wp-json\/wp\/v2\/product_brand?post=301588"},{"taxonomy":"product_cat","embeddable":true,"href":"https:\/\/grupotextil.es\/ca\/wp-json\/wp\/v2\/product_cat?post=301588"},{"taxonomy":"product_tag","embeddable":true,"href":"https:\/\/grupotextil.es\/ca\/wp-json\/wp\/v2\/product_tag?post=301588"}],"curies":[{"name":"wp","href":"https:\/\/api.w.org\/{rel}","templated":true}]}}