{"id":304672,"date":"2026-03-06T01:32:21","date_gmt":"2026-03-06T01:32:21","guid":{"rendered":"https:\/\/grupotextil.es\/?post_type=product&#038;p=304672"},"modified":"2026-03-06T01:32:21","modified_gmt":"2026-03-06T01:32:21","slug":"camiseta-elastica-manga-corta-cuello-de-pico-valento-cobra","status":"publish","type":"product","link":"https:\/\/grupotextil.es\/ca\/product\/camiseta-elastica-manga-corta-cuello-de-pico-valento-cobra\/","title":{"rendered":"Camiseta el\u00e1stica manga corta cuello de pico VALENTO COBRA"},"content":{"rendered":"<div class=\"product-description\">\n<div class=\"article_characteristics\">\n<ul style=\"margin-block-start: 0;\" >\n<li><b>Camiseta<\/b> <b>el\u00e1stica<\/b> de <b>manga corta<\/b>, <b>cuello de pico<\/b> y corte ajustado.<\/li>\n<li>Confeccionada en tejido de punto el\u00e1stico algod\u00f3n Ring Spun con elastano suave, confortable y flexible.<\/li>\n<li><b>Cuello de pico<\/b> con ribete que aporta sensaci\u00f3n refrescante.<\/li>\n<li>Mangas con ribete ajustado para un mejor acabado.<\/li>\n<li>Cinta interior en cuello que refuerza y mantiene su forma.<\/li>\n<li>M\u00e9todos id\u00f3neos de marcaje: serigraf\u00eda, transfer, vinilo, bordados, cosidos.<\/li>\n<li>Ideal como <b>ropa casual<\/b>.<\/li>\n<\/ul><\/div>\n<\/div>\n<div class=\"product-pdf\">\n<p><a href=\"https:\/\/valento.es\/?service=ServeDocuments&amp;function=serve_datasheet&amp;article_ref=CAVACOB\" target=\"_blank\" rel=\"noopener\">Descargar ficha t\u00e9cnica (PDF)<\/a><\/p>\n<\/div>","protected":false},"excerpt":{"rendered":"<p>Camiseta el\u00e1stica manga corta cuello de pico VALENTO COBRA de Valento. Disponible en la categor\u00eda Camisetas Unisex. Env\u00edo r\u00e1pido 24\/48h.<\/p>","protected":false},"featured_media":304673,"comment_status":"open","ping_status":"closed","template":"","meta":{"_acf_changed":false},"product_brand":[11282],"product_cat":[13986,13977,13974,13975,13973],"product_tag":[],"class_list":{"0":"post-304672","1":"product","2":"type-product","3":"status-publish","4":"has-post-thumbnail","6":"product_brand-valento","7":"product_cat-m-camisetas-manga-corta","8":"product_cat-h-camisetas-manga-corta","9":"product_cat-ropa-hombre","10":"product_cat-ropa-mujer","11":"product_cat-ropa","12":"tm-no-options","14":"first","15":"instock","16":"taxable","17":"shipping-taxable","18":"product-type-variable"},"acf":[],"_links":{"self":[{"href":"https:\/\/grupotextil.es\/ca\/wp-json\/wp\/v2\/product\/304672","targetHints":{"allow":["GET"]}}],"collection":[{"href":"https:\/\/grupotextil.es\/ca\/wp-json\/wp\/v2\/product"}],"about":[{"href":"https:\/\/grupotextil.es\/ca\/wp-json\/wp\/v2\/types\/product"}],"replies":[{"embeddable":true,"href":"https:\/\/grupotextil.es\/ca\/wp-json\/wp\/v2\/comments?post=304672"}],"wp:featuredmedia":[{"embeddable":true,"href":"https:\/\/grupotextil.es\/ca\/wp-json\/wp\/v2\/media\/304673"}],"wp:attachment":[{"href":"https:\/\/grupotextil.es\/ca\/wp-json\/wp\/v2\/media?parent=304672"}],"wp:term":[{"taxonomy":"product_brand","embeddable":true,"href":"https:\/\/grupotextil.es\/ca\/wp-json\/wp\/v2\/product_brand?post=304672"},{"taxonomy":"product_cat","embeddable":true,"href":"https:\/\/grupotextil.es\/ca\/wp-json\/wp\/v2\/product_cat?post=304672"},{"taxonomy":"product_tag","embeddable":true,"href":"https:\/\/grupotextil.es\/ca\/wp-json\/wp\/v2\/product_tag?post=304672"}],"curies":[{"name":"wp","href":"https:\/\/api.w.org\/{rel}","templated":true}]}}