{"id":305158,"date":"2026-03-06T01:32:42","date_gmt":"2026-03-06T01:32:42","guid":{"rendered":"https:\/\/grupotextil.es\/?post_type=product&#038;p=305158"},"modified":"2026-03-06T01:32:42","modified_gmt":"2026-03-06T01:32:42","slug":"camiseta-elastica-de-manga-corta-valento-saiggon","status":"publish","type":"product","link":"https:\/\/grupotextil.es\/ca\/product\/camiseta-elastica-de-manga-corta-valento-saiggon\/","title":{"rendered":"Camiseta el\u00e1stica de manga corta VALENTO SAIGGON"},"content":{"rendered":"<div class=\"product-description\">\n<div class=\"article_characteristics\">\n<ul style=\"margin-block-start: 0;\" >\n<li><b>Camiseta<\/b> <b>el\u00e1stica<\/b> de <b>manga corta<\/b>, <b>cuello redondo<\/b> y corte ajustado.<\/li>\n<li>Confeccionada en tejido de punto el\u00e1stico algod\u00f3n Ring Spun con elastano suave, confortable y flexible.<\/li>\n<li>Cuello de canal\u00e9 el\u00e1stico que se adapta c\u00f3modamente.<\/li>\n<li>Doble pespunte en cuello, bajo y mangas que aumenta su resistencia.<\/li>\n<li>Cinta interior en cuello que refuerza y mantiene su forma.<\/li>\n<li>M\u00e9todos id\u00f3neos de marcaje: serigraf\u00eda, transfer, vinilo, bordados, cosidos.<\/li>\n<li>Ideal como <b>ropa casual<\/b> y <b>textil promocional<\/b>.<\/li>\n<\/ul><\/div>\n<\/div>\n<div class=\"product-pdf\">\n<p><a href=\"https:\/\/valento.es\/?service=ServeDocuments&amp;function=serve_datasheet&amp;article_ref=CAVASAI\" target=\"_blank\" rel=\"noopener\">Descargar ficha t\u00e9cnica (PDF)<\/a><\/p>\n<\/div>","protected":false},"excerpt":{"rendered":"<p>Camiseta el\u00e1stica de manga corta VALENTO SAIGGON de Valento. Disponible en la categor\u00eda Camisetas Unisex. Env\u00edo r\u00e1pido 24\/48h.<\/p>","protected":false},"featured_media":305159,"comment_status":"open","ping_status":"closed","template":"","meta":{"_acf_changed":false},"product_brand":[11282],"product_cat":[13977,13986,13974,13975,13973],"product_tag":[],"class_list":{"0":"post-305158","1":"product","2":"type-product","3":"status-publish","4":"has-post-thumbnail","6":"product_brand-valento","7":"product_cat-h-camisetas-manga-corta","8":"product_cat-m-camisetas-manga-corta","9":"product_cat-ropa-hombre","10":"product_cat-ropa-mujer","11":"product_cat-ropa","12":"tm-no-options","14":"first","15":"instock","16":"taxable","17":"shipping-taxable","18":"product-type-variable"},"acf":[],"_links":{"self":[{"href":"https:\/\/grupotextil.es\/ca\/wp-json\/wp\/v2\/product\/305158","targetHints":{"allow":["GET"]}}],"collection":[{"href":"https:\/\/grupotextil.es\/ca\/wp-json\/wp\/v2\/product"}],"about":[{"href":"https:\/\/grupotextil.es\/ca\/wp-json\/wp\/v2\/types\/product"}],"replies":[{"embeddable":true,"href":"https:\/\/grupotextil.es\/ca\/wp-json\/wp\/v2\/comments?post=305158"}],"wp:featuredmedia":[{"embeddable":true,"href":"https:\/\/grupotextil.es\/ca\/wp-json\/wp\/v2\/media\/305159"}],"wp:attachment":[{"href":"https:\/\/grupotextil.es\/ca\/wp-json\/wp\/v2\/media?parent=305158"}],"wp:term":[{"taxonomy":"product_brand","embeddable":true,"href":"https:\/\/grupotextil.es\/ca\/wp-json\/wp\/v2\/product_brand?post=305158"},{"taxonomy":"product_cat","embeddable":true,"href":"https:\/\/grupotextil.es\/ca\/wp-json\/wp\/v2\/product_cat?post=305158"},{"taxonomy":"product_tag","embeddable":true,"href":"https:\/\/grupotextil.es\/ca\/wp-json\/wp\/v2\/product_tag?post=305158"}],"curies":[{"name":"wp","href":"https:\/\/api.w.org\/{rel}","templated":true}]}}