{"id":306578,"date":"2026-03-06T01:33:21","date_gmt":"2026-03-06T01:33:21","guid":{"rendered":"https:\/\/grupotextil.es\/?post_type=product&#038;p=306578"},"modified":"2026-03-06T01:33:21","modified_gmt":"2026-03-06T01:33:21","slug":"chaqueta-de-trabajo-de-mujer-valento-creta","status":"publish","type":"product","link":"https:\/\/grupotextil.es\/ca\/product\/chaqueta-de-trabajo-de-mujer-valento-creta\/","title":{"rendered":"Chaqueta de trabajo de mujer VALENTO CRETA"},"content":{"rendered":"<div class=\"product-description\">\n<div class=\"article_characteristics\">\n<ul style=\"margin-block-start: 0;\" >\n<li><b>Chaqueta<\/b> de <b>trabajo<\/b> para <b>mujer<\/b> con dise\u00f1o en colores lisos.<\/li>\n<li>Confeccionada en tejido acetato Dual Flock con perchado interior para mayor retenci\u00f3n t\u00e9rmica y confort.<\/li>\n<li>Dos <b>bolsillos<\/b> frontales delanteros tipo parche para tener todo accesible.<\/li>\n<li>Cierre central mediante cinco botones del mismo tono que la prenda.<\/li>\n<li>Pu\u00f1os el\u00e1sticos y cintura con goma el\u00e1stica y fruncida en los laterales para un mejor ajuste y mayor comodidad.<\/li>\n<li>M\u00e9todos id\u00f3neos de marcaje: serigraf\u00eda, transfer, vinilo, sublimaci\u00f3n sobre color blanco, bordados, cosidos.<\/li>\n<li>Ideal como <b>ropa laboral<\/b> y <b>uniformes de <b>trabajo<\/b><\/b>.<\/li>\n<\/ul><\/div>\n<\/div>\n<div class=\"product-pdf\">\n<p><a href=\"https:\/\/valento.es\/?service=ServeDocuments&amp;function=serve_datasheet&amp;article_ref=CQVACRE\" target=\"_blank\" rel=\"noopener\">Descargar ficha t\u00e9cnica (PDF)<\/a><\/p>\n<\/div>","protected":false},"excerpt":{"rendered":"<p>Chaqueta de trabajo de mujer VALENTO CRETA de Valento. Disponible en la categor\u00eda Camisolas Petos Y Conjuntos Sanitarios. Env\u00edo r\u00e1pido 24\/48h.<\/p>","protected":false},"featured_media":306579,"comment_status":"open","ping_status":"closed","template":"","meta":{"_acf_changed":false},"product_brand":[11282],"product_cat":[13981,13990,13974,13975,13973],"product_tag":[],"class_list":{"0":"post-306578","1":"product","2":"type-product","3":"status-publish","4":"has-post-thumbnail","6":"product_brand-valento","7":"product_cat-h-chaquetas-y-abrigos","8":"product_cat-m-chaquetas-y-abrigos","9":"product_cat-ropa-hombre","10":"product_cat-ropa-mujer","11":"product_cat-ropa","12":"tm-no-options","14":"first","15":"instock","16":"taxable","17":"shipping-taxable","18":"product-type-variable"},"acf":[],"_links":{"self":[{"href":"https:\/\/grupotextil.es\/ca\/wp-json\/wp\/v2\/product\/306578","targetHints":{"allow":["GET"]}}],"collection":[{"href":"https:\/\/grupotextil.es\/ca\/wp-json\/wp\/v2\/product"}],"about":[{"href":"https:\/\/grupotextil.es\/ca\/wp-json\/wp\/v2\/types\/product"}],"replies":[{"embeddable":true,"href":"https:\/\/grupotextil.es\/ca\/wp-json\/wp\/v2\/comments?post=306578"}],"wp:featuredmedia":[{"embeddable":true,"href":"https:\/\/grupotextil.es\/ca\/wp-json\/wp\/v2\/media\/306579"}],"wp:attachment":[{"href":"https:\/\/grupotextil.es\/ca\/wp-json\/wp\/v2\/media?parent=306578"}],"wp:term":[{"taxonomy":"product_brand","embeddable":true,"href":"https:\/\/grupotextil.es\/ca\/wp-json\/wp\/v2\/product_brand?post=306578"},{"taxonomy":"product_cat","embeddable":true,"href":"https:\/\/grupotextil.es\/ca\/wp-json\/wp\/v2\/product_cat?post=306578"},{"taxonomy":"product_tag","embeddable":true,"href":"https:\/\/grupotextil.es\/ca\/wp-json\/wp\/v2\/product_tag?post=306578"}],"curies":[{"name":"wp","href":"https:\/\/api.w.org\/{rel}","templated":true}]}}