{"id":307624,"date":"2026-03-06T01:33:33","date_gmt":"2026-03-06T01:33:33","guid":{"rendered":"https:\/\/grupotextil.es\/?post_type=product&#038;p=307624"},"modified":"2026-03-06T01:33:33","modified_gmt":"2026-03-06T01:33:33","slug":"cazadora-convertible-en-chaleco-valento-miracle","status":"publish","type":"product","link":"https:\/\/grupotextil.es\/ca\/product\/cazadora-convertible-en-chaleco-valento-miracle\/","title":{"rendered":"Cazadora convertible en chaleco VALENTO MIRACLE"},"content":{"rendered":"<div class=\"product-description\">\n<div class=\"article_characteristics\">\n<ul style=\"margin-block-start: 0;\" >\n<li><b>Cazadora desmontable<\/b> <b>multibolsillos<\/b>, f\u00e1cilmente convertible en <b>chaleco<\/b>.<\/li>\n<li>Confeccionada en tejido sarga resistente y duradera en cara exterior, forro liso interior y relleno acolchado que aporta retenci\u00f3n t\u00e9rmica.<\/li>\n<li>Cazadora f\u00e1cilmente convertible en <b>chaleco<\/b> quitando las mangas que van unidas mediante cremalleras.<\/li>\n<li>Cintura con reguladores laterales de botones a presi\u00f3n para un mejor ajuste y bajo abierto con la parte trasera m\u00e1s larga para resguardar la zona lumbar con amplia superficie de marcaje.<\/li>\n<li>Dos bolsillos frontales con fuelle, dos superiores con tapeta y velcro, dos oblicuos, dos a altura intermedia con cierre de cremallera, un compartimento para bol\u00edgrafo y un bolsillo interior con velcro para tener todo accesible y disponible.<\/li>\n<li>Incluye cremallera interior trasera para facilitar los diferentes tipos de marcaje: serigraf\u00eda, transfer, vinilo, bordados, cosidos.<\/li>\n<li>Ideal como <b>ropa laboral<\/b>, <b>uniformes de trabajo<\/b> y <b>textil promocional<\/b>.<\/li>\n<\/ul><\/div>\n<\/div>\n<div class=\"product-pdf\">\n<p><a href=\"https:\/\/valento.es\/?service=ServeDocuments&amp;function=serve_datasheet&amp;article_ref=CZVAMIR\" target=\"_blank\" rel=\"noopener\">Descargar ficha t\u00e9cnica (PDF)<\/a><\/p>\n<\/div>","protected":false},"excerpt":{"rendered":"<p>Cazadora convertible en chaleco VALENTO MIRACLE de Valento. Disponible en la categor\u00eda Cazadoras Y Parkas. Env\u00edo r\u00e1pido 24\/48h.<\/p>","protected":false},"featured_media":307625,"comment_status":"open","ping_status":"closed","template":"","meta":{"_acf_changed":false},"product_brand":[11282],"product_cat":[13982,13991,13974,13975,13973],"product_tag":[],"class_list":{"0":"post-307624","1":"product","2":"type-product","3":"status-publish","4":"has-post-thumbnail","6":"product_brand-valento","7":"product_cat-h-chalecos","8":"product_cat-m-chalecos","9":"product_cat-ropa-hombre","10":"product_cat-ropa-mujer","11":"product_cat-ropa","12":"tm-no-options","14":"first","15":"instock","16":"taxable","17":"shipping-taxable","18":"product-type-variable"},"acf":[],"_links":{"self":[{"href":"https:\/\/grupotextil.es\/ca\/wp-json\/wp\/v2\/product\/307624","targetHints":{"allow":["GET"]}}],"collection":[{"href":"https:\/\/grupotextil.es\/ca\/wp-json\/wp\/v2\/product"}],"about":[{"href":"https:\/\/grupotextil.es\/ca\/wp-json\/wp\/v2\/types\/product"}],"replies":[{"embeddable":true,"href":"https:\/\/grupotextil.es\/ca\/wp-json\/wp\/v2\/comments?post=307624"}],"wp:featuredmedia":[{"embeddable":true,"href":"https:\/\/grupotextil.es\/ca\/wp-json\/wp\/v2\/media\/307625"}],"wp:attachment":[{"href":"https:\/\/grupotextil.es\/ca\/wp-json\/wp\/v2\/media?parent=307624"}],"wp:term":[{"taxonomy":"product_brand","embeddable":true,"href":"https:\/\/grupotextil.es\/ca\/wp-json\/wp\/v2\/product_brand?post=307624"},{"taxonomy":"product_cat","embeddable":true,"href":"https:\/\/grupotextil.es\/ca\/wp-json\/wp\/v2\/product_cat?post=307624"},{"taxonomy":"product_tag","embeddable":true,"href":"https:\/\/grupotextil.es\/ca\/wp-json\/wp\/v2\/product_tag?post=307624"}],"curies":[{"name":"wp","href":"https:\/\/api.w.org\/{rel}","templated":true}]}}