{"id":308867,"date":"2026-03-06T01:34:00","date_gmt":"2026-03-06T01:34:00","guid":{"rendered":"https:\/\/grupotextil.es\/?post_type=product&#038;p=308867"},"modified":"2026-03-06T01:34:00","modified_gmt":"2026-03-06T01:34:00","slug":"parka-impermeable-vigilancia-y-seguridad-valento-hampshire","status":"publish","type":"product","link":"https:\/\/grupotextil.es\/ca\/product\/parka-impermeable-vigilancia-y-seguridad-valento-hampshire\/","title":{"rendered":"Parka impermeable vigilancia y seguridad VALENTO HAMPSHIRE"},"content":{"rendered":"<div class=\"product-description\">\n<div class=\"article_characteristics\">\n<ul style=\"margin-block-start: 0;\" >\n<li><b>Parka<\/b> <b>impermeable<\/b> <b>con capucha<\/b> escamoteable especialmente dise\u00f1ada para vigilancia y seguridad.<\/li>\n<li>Confeccionada con <b>tejido <b>impermeable<\/b><\/b> Canvas en el exterior, forro liso interior y relleno acolchado que aporta buena retenci\u00f3n t\u00e9rmica.<\/li>\n<li>Cierre frontal con cremallera de doble carro, costuras termo-selladas para evitar filtraciones de agua y mantener el cuerpo seco ante la lluvia.<\/li>\n<li>Pu\u00f1os regulables con velcro y cintura con cord\u00f3n regulador y freno para mejor ajuste y mayor comodidad.<\/li>\n<li>Dos bolsillos laterales y uno interior con cremallera para tener todo accesible y aberturas laterales en la parte inferior con cremallera que permiten acceder al <b>cintur\u00f3n t\u00e1ctico<\/b> sin desabrochar la cazadora.<\/li>\n<li>Incluye cremallera interior trasera para facilitar los diferentes tipos de marcaje: serigraf\u00eda, transfer, vinilo, bordados, cosidos.<\/li>\n<li>Ideal para <b>uniformes de seguridad<\/b>.<\/li>\n<\/ul><\/div>\n<\/div>\n<div class=\"product-pdf\">\n<p><a href=\"https:\/\/valento.es\/?service=ServeDocuments&amp;function=serve_datasheet&amp;article_ref=PKVAHAM\" target=\"_blank\" rel=\"noopener\">Descargar ficha t\u00e9cnica (PDF)<\/a><\/p>\n<\/div>","protected":false},"excerpt":{"rendered":"<p>Parka impermeable vigilancia y seguridad VALENTO HAMPSHIRE de Valento. Disponible en la categor\u00eda Cazadoras Y Parkas. Env\u00edo r\u00e1pido 24\/48h.<\/p>","protected":false},"featured_media":308868,"comment_status":"open","ping_status":"closed","template":"","meta":{"_acf_changed":false},"product_brand":[11282],"product_cat":[13981,13990,13974,13975,13973],"product_tag":[],"class_list":{"0":"post-308867","1":"product","2":"type-product","3":"status-publish","4":"has-post-thumbnail","6":"product_brand-valento","7":"product_cat-h-chaquetas-y-abrigos","8":"product_cat-m-chaquetas-y-abrigos","9":"product_cat-ropa-hombre","10":"product_cat-ropa-mujer","11":"product_cat-ropa","12":"tm-no-options","14":"first","15":"instock","16":"taxable","17":"shipping-taxable","18":"product-type-variable"},"acf":[],"_links":{"self":[{"href":"https:\/\/grupotextil.es\/ca\/wp-json\/wp\/v2\/product\/308867","targetHints":{"allow":["GET"]}}],"collection":[{"href":"https:\/\/grupotextil.es\/ca\/wp-json\/wp\/v2\/product"}],"about":[{"href":"https:\/\/grupotextil.es\/ca\/wp-json\/wp\/v2\/types\/product"}],"replies":[{"embeddable":true,"href":"https:\/\/grupotextil.es\/ca\/wp-json\/wp\/v2\/comments?post=308867"}],"wp:featuredmedia":[{"embeddable":true,"href":"https:\/\/grupotextil.es\/ca\/wp-json\/wp\/v2\/media\/308868"}],"wp:attachment":[{"href":"https:\/\/grupotextil.es\/ca\/wp-json\/wp\/v2\/media?parent=308867"}],"wp:term":[{"taxonomy":"product_brand","embeddable":true,"href":"https:\/\/grupotextil.es\/ca\/wp-json\/wp\/v2\/product_brand?post=308867"},{"taxonomy":"product_cat","embeddable":true,"href":"https:\/\/grupotextil.es\/ca\/wp-json\/wp\/v2\/product_cat?post=308867"},{"taxonomy":"product_tag","embeddable":true,"href":"https:\/\/grupotextil.es\/ca\/wp-json\/wp\/v2\/product_tag?post=308867"}],"curies":[{"name":"wp","href":"https:\/\/api.w.org\/{rel}","templated":true}]}}