{"id":309023,"date":"2026-03-06T01:34:07","date_gmt":"2026-03-06T01:34:07","guid":{"rendered":"https:\/\/grupotextil.es\/?post_type=product&#038;p=309023"},"modified":"2026-03-06T01:34:07","modified_gmt":"2026-03-06T01:34:07","slug":"chaqueta-husky-con-bolsillos-valento-ares","status":"publish","type":"product","link":"https:\/\/grupotextil.es\/ca\/product\/chaqueta-husky-con-bolsillos-valento-ares\/","title":{"rendered":"Chaqueta husky con bolsillos VALENTO ARES"},"content":{"rendered":"<div class=\"product-description\">\n<div class=\"article_characteristics\">\n<ul style=\"margin-block-start: 0;\" >\n<li><b>Chaqueta<\/b> <b>Husky<\/b> <b>multibolsillos<\/b>.<\/li>\n<li>Confeccionada en tejido tipo s\u00e1ndwich cosido a rombos, forro interior liso y relleno acolchado que aporta retenci\u00f3n t\u00e9rmica.<\/li>\n<li>Cuello alto con cierre de <b>cremallera entera<\/b> para un mayor confort.<\/li>\n<li>Pu\u00f1os y bajo de canal\u00e9 grueso el\u00e1stico que se adapta c\u00f3modamente.<\/li>\n<li>Dos bolsillos tipo canguro partido en cintura y uno en pecho izquierdo con velcro para tener todo accesible, incluye compartimento para bol\u00edgrafo.<\/li>\n<li>M\u00e9todos id\u00f3neos de marcaje: serigraf\u00eda, transfer, vinilo, bordados, cosidos.<\/li>\n<li>Ideal como <b>ropa laboral<\/b> y <b>uniformes de trabajo<\/b>.<\/li>\n<\/ul><\/div>\n<\/div>\n<div class=\"product-pdf\">\n<p><a href=\"https:\/\/valento.es\/?service=ServeDocuments&amp;function=serve_datasheet&amp;article_ref=CQVAARE\" target=\"_blank\" rel=\"noopener\">Descargar ficha t\u00e9cnica (PDF)<\/a><\/p>\n<\/div>","protected":false},"excerpt":{"rendered":"<p>Chaqueta husky con bolsillos VALENTO ARES de Valento. Disponible en la categor\u00eda Cazadoras Y Parkas. Env\u00edo r\u00e1pido 24\/48h.<\/p>","protected":false},"featured_media":309024,"comment_status":"open","ping_status":"closed","template":"","meta":{"_acf_changed":false},"product_brand":[11282],"product_cat":[13981,13990,13974,13975,13973],"product_tag":[],"class_list":{"0":"post-309023","1":"product","2":"type-product","3":"status-publish","4":"has-post-thumbnail","6":"product_brand-valento","7":"product_cat-h-chaquetas-y-abrigos","8":"product_cat-m-chaquetas-y-abrigos","9":"product_cat-ropa-hombre","10":"product_cat-ropa-mujer","11":"product_cat-ropa","12":"tm-no-options","14":"first","15":"instock","16":"taxable","17":"shipping-taxable","18":"product-type-variable"},"acf":[],"_links":{"self":[{"href":"https:\/\/grupotextil.es\/ca\/wp-json\/wp\/v2\/product\/309023","targetHints":{"allow":["GET"]}}],"collection":[{"href":"https:\/\/grupotextil.es\/ca\/wp-json\/wp\/v2\/product"}],"about":[{"href":"https:\/\/grupotextil.es\/ca\/wp-json\/wp\/v2\/types\/product"}],"replies":[{"embeddable":true,"href":"https:\/\/grupotextil.es\/ca\/wp-json\/wp\/v2\/comments?post=309023"}],"wp:featuredmedia":[{"embeddable":true,"href":"https:\/\/grupotextil.es\/ca\/wp-json\/wp\/v2\/media\/309024"}],"wp:attachment":[{"href":"https:\/\/grupotextil.es\/ca\/wp-json\/wp\/v2\/media?parent=309023"}],"wp:term":[{"taxonomy":"product_brand","embeddable":true,"href":"https:\/\/grupotextil.es\/ca\/wp-json\/wp\/v2\/product_brand?post=309023"},{"taxonomy":"product_cat","embeddable":true,"href":"https:\/\/grupotextil.es\/ca\/wp-json\/wp\/v2\/product_cat?post=309023"},{"taxonomy":"product_tag","embeddable":true,"href":"https:\/\/grupotextil.es\/ca\/wp-json\/wp\/v2\/product_tag?post=309023"}],"curies":[{"name":"wp","href":"https:\/\/api.w.org\/{rel}","templated":true}]}}