{"id":312036,"date":"2026-03-06T01:34:57","date_gmt":"2026-03-06T01:34:57","guid":{"rendered":"https:\/\/grupotextil.es\/?post_type=product&#038;p=312036"},"modified":"2026-03-06T01:34:57","modified_gmt":"2026-03-06T01:34:57","slug":"chaleco-de-trabajo-ligero-valento-portland","status":"publish","type":"product","link":"https:\/\/grupotextil.es\/ca\/product\/chaleco-de-trabajo-ligero-valento-portland\/","title":{"rendered":"Chaleco de trabajo ligero VALENTO PORTLAND"},"content":{"rendered":"<div class=\"product-description\">\n<div class=\"article_characteristics\">\n<ul style=\"margin-block-start: 0;\" >\n<li><b>Chaleco de trabajo<\/b> acolchado, con tres <b>bolsillos<\/b>.<\/li>\n<li>Confeccionado en tejido exterior de <b>microfibra<\/b> con forro interior liso y relleno acolchado que aporta retenci\u00f3n t\u00e9rmica.<\/li>\n<li>Reforzado con pespuntes en forma de espiga para un mejor acabado y mayor aislamiento t\u00e9rmico.<\/li>\n<li>Costuras reforzadas cuello, hombros, sisas y bajo que aumentan su resistencia.<\/li>\n<li>Dos <b>bolsillos<\/b> oblicuos en la cintura con cierre de cremallera y uno interior con cierre de velcro para tener todo accesible.<\/li>\n<li>Incluye cremallera interior trasera para facilitar los diferentes tipos de marcaje: serigraf\u00eda, transfer, vinilo, bordados, cosidos.<\/li>\n<li>Ideal como <b>ropa laboral<\/b>.<\/li>\n<\/ul><\/div>\n<\/div>\n<div class=\"product-pdf\">\n<p><a href=\"https:\/\/valento.es\/?service=ServeDocuments&amp;function=serve_datasheet&amp;article_ref=CHVAPOR\" target=\"_blank\" rel=\"noopener\">Descargar ficha t\u00e9cnica (PDF)<\/a><\/p>\n<\/div>","protected":false},"excerpt":{"rendered":"<p>Chaleco de trabajo ligero VALENTO PORTLAND de Valento. Disponible en la categor\u00eda Chalecos. Env\u00edo r\u00e1pido 24\/48h.<\/p>","protected":false},"featured_media":312037,"comment_status":"open","ping_status":"closed","template":"","meta":{"_acf_changed":false},"product_brand":[11282],"product_cat":[13982,13991,13974,13975,13973],"product_tag":[],"class_list":{"0":"post-312036","1":"product","2":"type-product","3":"status-publish","4":"has-post-thumbnail","6":"product_brand-valento","7":"product_cat-h-chalecos","8":"product_cat-m-chalecos","9":"product_cat-ropa-hombre","10":"product_cat-ropa-mujer","11":"product_cat-ropa","12":"tm-no-options","14":"first","15":"instock","16":"taxable","17":"shipping-taxable","18":"product-type-variable"},"acf":[],"_links":{"self":[{"href":"https:\/\/grupotextil.es\/ca\/wp-json\/wp\/v2\/product\/312036","targetHints":{"allow":["GET"]}}],"collection":[{"href":"https:\/\/grupotextil.es\/ca\/wp-json\/wp\/v2\/product"}],"about":[{"href":"https:\/\/grupotextil.es\/ca\/wp-json\/wp\/v2\/types\/product"}],"replies":[{"embeddable":true,"href":"https:\/\/grupotextil.es\/ca\/wp-json\/wp\/v2\/comments?post=312036"}],"wp:featuredmedia":[{"embeddable":true,"href":"https:\/\/grupotextil.es\/ca\/wp-json\/wp\/v2\/media\/312037"}],"wp:attachment":[{"href":"https:\/\/grupotextil.es\/ca\/wp-json\/wp\/v2\/media?parent=312036"}],"wp:term":[{"taxonomy":"product_brand","embeddable":true,"href":"https:\/\/grupotextil.es\/ca\/wp-json\/wp\/v2\/product_brand?post=312036"},{"taxonomy":"product_cat","embeddable":true,"href":"https:\/\/grupotextil.es\/ca\/wp-json\/wp\/v2\/product_cat?post=312036"},{"taxonomy":"product_tag","embeddable":true,"href":"https:\/\/grupotextil.es\/ca\/wp-json\/wp\/v2\/product_tag?post=312036"}],"curies":[{"name":"wp","href":"https:\/\/api.w.org\/{rel}","templated":true}]}}