{"id":312497,"date":"2026-03-06T01:35:18","date_gmt":"2026-03-06T01:35:18","guid":{"rendered":"https:\/\/grupotextil.es\/?post_type=product&#038;p=312497"},"modified":"2026-03-06T01:35:18","modified_gmt":"2026-03-06T01:35:18","slug":"chaqueta-de-trabajo-100-algodon-valento-chispa","status":"publish","type":"product","link":"https:\/\/grupotextil.es\/ca\/product\/chaqueta-de-trabajo-100-algodon-valento-chispa\/","title":{"rendered":"Chaqueta de trabajo 100% algod\u00f3n VALENTO CHISPA"},"content":{"rendered":"<div class=\"product-description\">\n<div class=\"article_characteristics\">\n<ul style=\"margin-block-start: 0;\" >\n<li><b>Chaqueta<\/b> de <b>trabajo<\/b> con dise\u00f1o en colores lisos.<\/li>\n<li>Confeccionada en tejido sarga <b>100% algod\u00f3n<\/b> que aporta durabilidad, resistencia y facilita la transpiraci\u00f3n.<\/li>\n<li>Dos bolsillos oblicuos para tener todo accesible y uno reforzado en pecho izquierdo para resaltar el marcaje, todos con cremallera.<\/li>\n<li>Pu\u00f1os fruncidos con goma el\u00e1stica que se adaptan c\u00f3modamente.<\/li>\n<li>Cintura el\u00e1stica lateral para un mejor ajuste y mayor comodidad.<\/li>\n<li>M\u00e9todos id\u00f3neos de marcaje: serigraf\u00eda, transfer, vinilo, bordados, cosidos.<\/li>\n<li>Ideal como <b>ropa laboral<\/b> y <b>uniformes de <b>trabajo<\/b><\/b>, combina con el pantal\u00f3n CHISPA.<\/li>\n<\/ul><\/div>\n<\/div>\n<div class=\"product-pdf\">\n<p><a href=\"https:\/\/valento.es\/?service=ServeDocuments&amp;function=serve_datasheet&amp;article_ref=CQVACHI\" target=\"_blank\" rel=\"noopener\">Descargar ficha t\u00e9cnica (PDF)<\/a><\/p>\n<\/div>","protected":false},"excerpt":{"rendered":"<p>Chaqueta de trabajo 100% algod\u00f3n VALENTO CHISPA de Valento. Disponible en la categor\u00eda Chaquetas. Env\u00edo r\u00e1pido 24\/48h.<\/p>","protected":false},"featured_media":312498,"comment_status":"open","ping_status":"closed","template":"","meta":{"_acf_changed":false},"product_brand":[11282],"product_cat":[13981,13990,13974,13975,13973],"product_tag":[],"class_list":{"0":"post-312497","1":"product","2":"type-product","3":"status-publish","4":"has-post-thumbnail","6":"product_brand-valento","7":"product_cat-h-chaquetas-y-abrigos","8":"product_cat-m-chaquetas-y-abrigos","9":"product_cat-ropa-hombre","10":"product_cat-ropa-mujer","11":"product_cat-ropa","12":"tm-no-options","14":"first","15":"instock","16":"taxable","17":"shipping-taxable","18":"product-type-variable"},"acf":[],"_links":{"self":[{"href":"https:\/\/grupotextil.es\/ca\/wp-json\/wp\/v2\/product\/312497","targetHints":{"allow":["GET"]}}],"collection":[{"href":"https:\/\/grupotextil.es\/ca\/wp-json\/wp\/v2\/product"}],"about":[{"href":"https:\/\/grupotextil.es\/ca\/wp-json\/wp\/v2\/types\/product"}],"replies":[{"embeddable":true,"href":"https:\/\/grupotextil.es\/ca\/wp-json\/wp\/v2\/comments?post=312497"}],"wp:featuredmedia":[{"embeddable":true,"href":"https:\/\/grupotextil.es\/ca\/wp-json\/wp\/v2\/media\/312498"}],"wp:attachment":[{"href":"https:\/\/grupotextil.es\/ca\/wp-json\/wp\/v2\/media?parent=312497"}],"wp:term":[{"taxonomy":"product_brand","embeddable":true,"href":"https:\/\/grupotextil.es\/ca\/wp-json\/wp\/v2\/product_brand?post=312497"},{"taxonomy":"product_cat","embeddable":true,"href":"https:\/\/grupotextil.es\/ca\/wp-json\/wp\/v2\/product_cat?post=312497"},{"taxonomy":"product_tag","embeddable":true,"href":"https:\/\/grupotextil.es\/ca\/wp-json\/wp\/v2\/product_tag?post=312497"}],"curies":[{"name":"wp","href":"https:\/\/api.w.org\/{rel}","templated":true}]}}