{"id":316194,"date":"2026-03-06T01:37:01","date_gmt":"2026-03-06T01:37:01","guid":{"rendered":"https:\/\/grupotextil.es\/?post_type=product&#038;p=316194"},"modified":"2026-03-06T01:37:01","modified_gmt":"2026-03-06T01:37:01","slug":"pantalon-chandal-valento-match-point","status":"publish","type":"product","link":"https:\/\/grupotextil.es\/ca\/product\/pantalon-chandal-valento-match-point\/","title":{"rendered":"Pantal\u00f3n ch\u00e1ndal VALENTO MATCH POINT"},"content":{"rendered":"<div class=\"product-description\">\n<div class=\"article_characteristics\">\n<ul style=\"margin-block-start: 0;\" >\n<li><b>Pantal\u00f3n deportivo largo<\/b>, tipo ch\u00e1ndal con dise\u00f1o <b>tricolor<\/b>.<\/li>\n<li>Confeccionado en doble tejido: <b>microfibra<\/b> ligera exterior y, rejilla interior que favorece la transpiraci\u00f3n.<\/li>\n<li>Bandas laterales anchas con vivos a contraste, cremallera y  fuelle en los tobillos que facilitan su extracci\u00f3n con calzado.<\/li>\n<li>Cintura con goma el\u00e1stica y cord\u00f3n para mejor ajuste y mayor comodidad.<\/li>\n<li>Dos bolsillos en las caderas para tener todo accesible.<\/li>\n<li>M\u00e9todos id\u00f3neos de marcaje: <b>sublimaci\u00f3n<\/b> sobre color blanco, serigraf\u00eda, transfer, bordados, cosidos.<\/li>\n<li>Ideal para vestir grupos o equipos deportivos y <b>uniforme escolar<\/b> deportivo, dise\u00f1ado como conjunto de la chaqueta MATCH POINT, se venden por separado.<\/li>\n<\/ul><\/div>\n<\/div>\n<div class=\"product-pdf\">\n<p><a href=\"https:\/\/valento.es\/?service=ServeDocuments&amp;function=serve_datasheet&amp;article_ref=PAVAMAT\" target=\"_blank\" rel=\"noopener\">Descargar ficha t\u00e9cnica (PDF)<\/a><\/p>\n<\/div>","protected":false},"excerpt":{"rendered":"<p>Pantal\u00f3n ch\u00e1ndal VALENTO MATCH POINT de Valento. Disponible en la categor\u00eda Conjuntos Deportivos Y Chandales. Env\u00edo r\u00e1pido 24\/48h.<\/p>","protected":false},"featured_media":316195,"comment_status":"open","ping_status":"closed","template":"","meta":{"_acf_changed":false},"product_brand":[11282],"product_cat":[13974,13975,13992,13983,13973],"product_tag":[],"class_list":{"0":"post-316194","1":"product","2":"type-product","3":"status-publish","4":"has-post-thumbnail","6":"product_brand-valento","7":"product_cat-ropa-hombre","8":"product_cat-ropa-mujer","9":"product_cat-m-pantalones","10":"product_cat-h-pantalones","11":"product_cat-ropa","12":"tm-no-options","14":"first","15":"instock","16":"taxable","17":"shipping-taxable","18":"product-type-variable"},"acf":[],"_links":{"self":[{"href":"https:\/\/grupotextil.es\/ca\/wp-json\/wp\/v2\/product\/316194","targetHints":{"allow":["GET"]}}],"collection":[{"href":"https:\/\/grupotextil.es\/ca\/wp-json\/wp\/v2\/product"}],"about":[{"href":"https:\/\/grupotextil.es\/ca\/wp-json\/wp\/v2\/types\/product"}],"replies":[{"embeddable":true,"href":"https:\/\/grupotextil.es\/ca\/wp-json\/wp\/v2\/comments?post=316194"}],"wp:featuredmedia":[{"embeddable":true,"href":"https:\/\/grupotextil.es\/ca\/wp-json\/wp\/v2\/media\/316195"}],"wp:attachment":[{"href":"https:\/\/grupotextil.es\/ca\/wp-json\/wp\/v2\/media?parent=316194"}],"wp:term":[{"taxonomy":"product_brand","embeddable":true,"href":"https:\/\/grupotextil.es\/ca\/wp-json\/wp\/v2\/product_brand?post=316194"},{"taxonomy":"product_cat","embeddable":true,"href":"https:\/\/grupotextil.es\/ca\/wp-json\/wp\/v2\/product_cat?post=316194"},{"taxonomy":"product_tag","embeddable":true,"href":"https:\/\/grupotextil.es\/ca\/wp-json\/wp\/v2\/product_tag?post=316194"}],"curies":[{"name":"wp","href":"https:\/\/api.w.org\/{rel}","templated":true}]}}