{"id":316922,"date":"2026-03-06T01:37:11","date_gmt":"2026-03-06T01:37:11","guid":{"rendered":"https:\/\/grupotextil.es\/?post_type=product&#038;p=316922"},"modified":"2026-03-06T01:37:11","modified_gmt":"2026-03-06T01:37:11","slug":"pajarita-ajustable-con-lazo-fijo-valento-capri","status":"publish","type":"product","link":"https:\/\/grupotextil.es\/ca\/product\/pajarita-ajustable-con-lazo-fijo-valento-capri\/","title":{"rendered":"Pajarita ajustable con lazo fijo VALENTO CAPRI"},"content":{"rendered":"<div class=\"product-description\">\n<div class=\"article_characteristics\">\n<ul style=\"margin-block-start: 0;\" >\n<li><b>Pajarita<\/b> <b>ajustable<\/b>.<\/li>\n<li>Confeccionada en tejido sarga de sastrer\u00eda, suave y agradable.<\/li>\n<li>Lazo fijo cosido para facilitar su utilizaci\u00f3n.<\/li>\n<li>Enganche de pl\u00e1stico trasero que proporciona una f\u00e1cil apertura y cierre.<\/li>\n<li>Cinta de tela con pasador regulador para un mejor ajuste.<\/li>\n<li>M\u00e9todos id\u00f3neos de marcaje: serigraf\u00eda, transfer, vinilo.<\/li>\n<li>Ideal como complemento de <b>uniformes de hosteler\u00eda<\/b>, traje formal, etc.<\/li>\n<\/ul><\/div>\n<\/div>\n<div class=\"product-pdf\">\n<p><a href=\"https:\/\/valento.es\/?service=ServeDocuments&amp;function=serve_datasheet&amp;article_ref=PJVACAP\" target=\"_blank\" rel=\"noopener\">Descargar ficha t\u00e9cnica (PDF)<\/a><\/p>\n<\/div>","protected":false},"excerpt":{"rendered":"<p>Pajarita ajustable con lazo fijo VALENTO CAPRI de Valento. Disponible en la categor\u00eda Corbatas Pajaritas Y Fulares. Env\u00edo r\u00e1pido 24\/48h.<\/p>","protected":false},"featured_media":316923,"comment_status":"open","ping_status":"closed","template":"","meta":{"_acf_changed":false},"product_brand":[11282],"product_cat":[13956],"product_tag":[],"class_list":{"0":"post-316922","1":"product","2":"type-product","3":"status-publish","4":"has-post-thumbnail","6":"product_brand-valento","7":"product_cat-corbatas-y-pajaritas","8":"tm-no-options","10":"first","11":"instock","12":"taxable","13":"shipping-taxable","14":"product-type-variable"},"acf":[],"_links":{"self":[{"href":"https:\/\/grupotextil.es\/ca\/wp-json\/wp\/v2\/product\/316922","targetHints":{"allow":["GET"]}}],"collection":[{"href":"https:\/\/grupotextil.es\/ca\/wp-json\/wp\/v2\/product"}],"about":[{"href":"https:\/\/grupotextil.es\/ca\/wp-json\/wp\/v2\/types\/product"}],"replies":[{"embeddable":true,"href":"https:\/\/grupotextil.es\/ca\/wp-json\/wp\/v2\/comments?post=316922"}],"wp:featuredmedia":[{"embeddable":true,"href":"https:\/\/grupotextil.es\/ca\/wp-json\/wp\/v2\/media\/316923"}],"wp:attachment":[{"href":"https:\/\/grupotextil.es\/ca\/wp-json\/wp\/v2\/media?parent=316922"}],"wp:term":[{"taxonomy":"product_brand","embeddable":true,"href":"https:\/\/grupotextil.es\/ca\/wp-json\/wp\/v2\/product_brand?post=316922"},{"taxonomy":"product_cat","embeddable":true,"href":"https:\/\/grupotextil.es\/ca\/wp-json\/wp\/v2\/product_cat?post=316922"},{"taxonomy":"product_tag","embeddable":true,"href":"https:\/\/grupotextil.es\/ca\/wp-json\/wp\/v2\/product_tag?post=316922"}],"curies":[{"name":"wp","href":"https:\/\/api.w.org\/{rel}","templated":true}]}}