{"id":316961,"date":"2026-03-06T01:37:13","date_gmt":"2026-03-06T01:37:13","guid":{"rendered":"https:\/\/grupotextil.es\/?post_type=product&#038;p=316961"},"modified":"2026-03-06T01:37:13","modified_gmt":"2026-03-06T01:37:13","slug":"panuelo-fular-corto-valento-carla","status":"publish","type":"product","link":"https:\/\/grupotextil.es\/ca\/product\/panuelo-fular-corto-valento-carla\/","title":{"rendered":"Pa\u00f1uelo fular corto VALENTO CARLA"},"content":{"rendered":"<div class=\"product-description\">\n<div class=\"article_characteristics\">\n<ul style=\"margin-block-start: 0;\" >\n<li><b>Fular<\/b> corto.<\/li>\n<li>Confeccionado con tejido crepe fino y ligero de tacto suave y agradable.<\/li>\n<li>Contorno con costura redoblada que aumenta su resistencia.<\/li>\n<li>M\u00e9todos id\u00f3neos de marcaje: serigraf\u00eda, transfer, <b>sublimaci\u00f3n<\/b> sobre color blanco, bordados, cosidos.<\/li>\n<li>Ideal como complemento de <b>uniformes corporativos<\/b> y <b>uniformes de hosteler\u00eda<\/b>.<\/li>\n<\/ul><\/div>\n<\/div>\n<div class=\"product-pdf\">\n<p><a href=\"https:\/\/valento.es\/?service=ServeDocuments&amp;function=serve_datasheet&amp;article_ref=PNVACAR\" target=\"_blank\" rel=\"noopener\">Descargar ficha t\u00e9cnica (PDF)<\/a><\/p>\n<\/div>","protected":false},"excerpt":{"rendered":"<p>Pa\u00f1uelo fular corto VALENTO CARLA de Valento. Disponible en la categor\u00eda Corbatas Pajaritas Y Fulares. Env\u00edo r\u00e1pido 24\/48h.<\/p>","protected":false},"featured_media":316962,"comment_status":"open","ping_status":"closed","template":"","meta":{"_acf_changed":false},"product_brand":[11282],"product_cat":[13951,13974,13975],"product_tag":[],"class_list":{"0":"post-316961","1":"product","2":"type-product","3":"status-publish","4":"has-post-thumbnail","6":"product_brand-valento","7":"product_cat-bufandas-y-panuelos","8":"product_cat-ropa-hombre","9":"product_cat-ropa-mujer","10":"tm-no-options","12":"first","13":"instock","14":"taxable","15":"shipping-taxable","16":"product-type-variable"},"acf":[],"_links":{"self":[{"href":"https:\/\/grupotextil.es\/ca\/wp-json\/wp\/v2\/product\/316961","targetHints":{"allow":["GET"]}}],"collection":[{"href":"https:\/\/grupotextil.es\/ca\/wp-json\/wp\/v2\/product"}],"about":[{"href":"https:\/\/grupotextil.es\/ca\/wp-json\/wp\/v2\/types\/product"}],"replies":[{"embeddable":true,"href":"https:\/\/grupotextil.es\/ca\/wp-json\/wp\/v2\/comments?post=316961"}],"wp:featuredmedia":[{"embeddable":true,"href":"https:\/\/grupotextil.es\/ca\/wp-json\/wp\/v2\/media\/316962"}],"wp:attachment":[{"href":"https:\/\/grupotextil.es\/ca\/wp-json\/wp\/v2\/media?parent=316961"}],"wp:term":[{"taxonomy":"product_brand","embeddable":true,"href":"https:\/\/grupotextil.es\/ca\/wp-json\/wp\/v2\/product_brand?post=316961"},{"taxonomy":"product_cat","embeddable":true,"href":"https:\/\/grupotextil.es\/ca\/wp-json\/wp\/v2\/product_cat?post=316961"},{"taxonomy":"product_tag","embeddable":true,"href":"https:\/\/grupotextil.es\/ca\/wp-json\/wp\/v2\/product_tag?post=316961"}],"curies":[{"name":"wp","href":"https:\/\/api.w.org\/{rel}","templated":true}]}}