{"id":317014,"date":"2026-03-06T01:37:18","date_gmt":"2026-03-06T01:37:18","guid":{"rendered":"https:\/\/grupotextil.es\/?post_type=product&#038;p=317014"},"modified":"2026-03-06T01:37:18","modified_gmt":"2026-03-06T01:37:18","slug":"corbata-slim-valento-stellar","status":"publish","type":"product","link":"https:\/\/grupotextil.es\/ca\/product\/corbata-slim-valento-stellar\/","title":{"rendered":"Corbata slim VALENTO STELLAR"},"content":{"rendered":"<div class=\"product-description\">\n<div class=\"article_characteristics\">\n<ul style=\"margin-block-start: 0;\" >\n<li><b>Corbata fina<\/b>.<\/li>\n<li>Confeccionada en tejido sarga de sastrer\u00eda, suave y agradable, con relleno y forro liso en el interior.<\/li>\n<li>Pala de corte estrecho y estilizado, tipo Slim, sofisticado y moderno.<\/li>\n<li>Costura oblicua en el centro de la corbata que sirve como punto de referencia para hacer el nudo.<\/li>\n<li>Pasador de cinta textil para atravesar la cola y regular la largura a gusto del usuario.<\/li>\n<li>M\u00e9todos id\u00f3neos de marcaje: serigraf\u00eda, transfer, vinilo.<\/li>\n<li>Ideal como complemento de <b>uniformes corporativos<\/b>, <b>uniformes de hosteler\u00eda<\/b>, <b>uniforme comercial<\/b>, etc.<\/li>\n<\/ul><\/div>\n<\/div>\n<div class=\"product-pdf\">\n<p><a href=\"https:\/\/valento.es\/?service=ServeDocuments&amp;function=serve_datasheet&amp;article_ref=COVASTE\" target=\"_blank\" rel=\"noopener\">Descargar ficha t\u00e9cnica (PDF)<\/a><\/p>\n<\/div>","protected":false},"excerpt":{"rendered":"<p>Corbata slim VALENTO STELLAR de Valento. Disponible en la categor\u00eda Corbatas Pajaritas Y Fulares. Env\u00edo r\u00e1pido 24\/48h.<\/p>","protected":false},"featured_media":317015,"comment_status":"open","ping_status":"closed","template":"","meta":{"_acf_changed":false},"product_brand":[11282],"product_cat":[13956],"product_tag":[],"class_list":{"0":"post-317014","1":"product","2":"type-product","3":"status-publish","4":"has-post-thumbnail","6":"product_brand-valento","7":"product_cat-corbatas-y-pajaritas","8":"tm-no-options","10":"first","11":"instock","12":"taxable","13":"shipping-taxable","14":"product-type-variable"},"acf":[],"_links":{"self":[{"href":"https:\/\/grupotextil.es\/ca\/wp-json\/wp\/v2\/product\/317014","targetHints":{"allow":["GET"]}}],"collection":[{"href":"https:\/\/grupotextil.es\/ca\/wp-json\/wp\/v2\/product"}],"about":[{"href":"https:\/\/grupotextil.es\/ca\/wp-json\/wp\/v2\/types\/product"}],"replies":[{"embeddable":true,"href":"https:\/\/grupotextil.es\/ca\/wp-json\/wp\/v2\/comments?post=317014"}],"wp:featuredmedia":[{"embeddable":true,"href":"https:\/\/grupotextil.es\/ca\/wp-json\/wp\/v2\/media\/317015"}],"wp:attachment":[{"href":"https:\/\/grupotextil.es\/ca\/wp-json\/wp\/v2\/media?parent=317014"}],"wp:term":[{"taxonomy":"product_brand","embeddable":true,"href":"https:\/\/grupotextil.es\/ca\/wp-json\/wp\/v2\/product_brand?post=317014"},{"taxonomy":"product_cat","embeddable":true,"href":"https:\/\/grupotextil.es\/ca\/wp-json\/wp\/v2\/product_cat?post=317014"},{"taxonomy":"product_tag","embeddable":true,"href":"https:\/\/grupotextil.es\/ca\/wp-json\/wp\/v2\/product_tag?post=317014"}],"curies":[{"name":"wp","href":"https:\/\/api.w.org\/{rel}","templated":true}]}}