{"id":317548,"date":"2026-03-06T01:38:06","date_gmt":"2026-03-06T01:38:06","guid":{"rendered":"https:\/\/grupotextil.es\/?post_type=product&#038;p=317548"},"modified":"2026-03-06T01:38:06","modified_gmt":"2026-03-06T01:38:06","slug":"gorro-de-cocina-tipo-frances-valento-coulant","status":"publish","type":"product","link":"https:\/\/grupotextil.es\/ca\/product\/gorro-de-cocina-tipo-frances-valento-coulant\/","title":{"rendered":"Gorro de cocina tipo franc\u00e9s VALENTO COULANT"},"content":{"rendered":"<div class=\"product-description\">\n<div class=\"article_characteristics\">\n<ul style=\"margin-block-start: 0;\" >\n<li><b>Gorro de chef<\/b>, tipo franc\u00e9s.<\/li>\n<li>Confeccionado en tejido sarga mezcla algod\u00f3n con poli\u00e9ster resistente y duradero.<\/li>\n<li>Parte superior plisada que proporciona un efecto abombado.<\/li>\n<li>Ancho contorno con cierre de velcro trasero para un mejor ajuste.<\/li>\n<li>Costuras interiores sobrehiladas que aumentan su resistencia.<\/li>\n<li>M\u00e9todos id\u00f3neos de marcaje: serigraf\u00eda, vinilo, transfer, bordados, cosidos.<\/li>\n<li>Ideal como <b>ropa laboral<\/b> y <b>uniformes de hosteler\u00eda<\/b>.<\/li>\n<\/ul><\/div>\n<\/div>\n<div class=\"product-pdf\">\n<p><a href=\"https:\/\/valento.es\/?service=ServeDocuments&amp;function=serve_datasheet&amp;article_ref=GRVACOU\" target=\"_blank\" rel=\"noopener\">Descargar ficha t\u00e9cnica (PDF)<\/a><\/p>\n<\/div>","protected":false},"excerpt":{"rendered":"<p>Gorro de cocina tipo franc\u00e9s VALENTO COULANT de Valento. Disponible en la categor\u00eda Delantales Gorros De Cocina Y Hosteleria. Env\u00edo r\u00e1pido 24\/48h.<\/p>","protected":false},"featured_media":317549,"comment_status":"open","ping_status":"closed","template":"","meta":{"_acf_changed":false},"product_brand":[11282],"product_cat":[13974,13932,13975],"product_tag":[],"class_list":{"0":"post-317548","1":"product","2":"type-product","3":"status-publish","4":"has-post-thumbnail","6":"product_brand-valento","7":"product_cat-ropa-hombre","8":"product_cat-hosteleria-horeca","9":"product_cat-ropa-mujer","10":"tm-no-options","12":"first","13":"instock","14":"taxable","15":"shipping-taxable","16":"product-type-variable"},"acf":[],"_links":{"self":[{"href":"https:\/\/grupotextil.es\/ca\/wp-json\/wp\/v2\/product\/317548","targetHints":{"allow":["GET"]}}],"collection":[{"href":"https:\/\/grupotextil.es\/ca\/wp-json\/wp\/v2\/product"}],"about":[{"href":"https:\/\/grupotextil.es\/ca\/wp-json\/wp\/v2\/types\/product"}],"replies":[{"embeddable":true,"href":"https:\/\/grupotextil.es\/ca\/wp-json\/wp\/v2\/comments?post=317548"}],"wp:featuredmedia":[{"embeddable":true,"href":"https:\/\/grupotextil.es\/ca\/wp-json\/wp\/v2\/media\/317549"}],"wp:attachment":[{"href":"https:\/\/grupotextil.es\/ca\/wp-json\/wp\/v2\/media?parent=317548"}],"wp:term":[{"taxonomy":"product_brand","embeddable":true,"href":"https:\/\/grupotextil.es\/ca\/wp-json\/wp\/v2\/product_brand?post=317548"},{"taxonomy":"product_cat","embeddable":true,"href":"https:\/\/grupotextil.es\/ca\/wp-json\/wp\/v2\/product_cat?post=317548"},{"taxonomy":"product_tag","embeddable":true,"href":"https:\/\/grupotextil.es\/ca\/wp-json\/wp\/v2\/product_tag?post=317548"}],"curies":[{"name":"wp","href":"https:\/\/api.w.org\/{rel}","templated":true}]}}