{"id":317700,"date":"2026-03-06T01:38:24","date_gmt":"2026-03-06T01:38:24","guid":{"rendered":"https:\/\/grupotextil.es\/?post_type=product&#038;p=317700"},"modified":"2026-03-06T01:38:24","modified_gmt":"2026-03-06T01:38:24","slug":"delantal-tipo-parrillero-valento-artisan","status":"publish","type":"product","link":"https:\/\/grupotextil.es\/ca\/product\/delantal-tipo-parrillero-valento-artisan\/","title":{"rendered":"Delantal tipo parrillero VALENTO ARTISAN"},"content":{"rendered":"<div class=\"product-description\">\n<div class=\"article_characteristics\">\n<ul style=\"margin-block-start: 0;\" >\n<li><b>Delantal con peto<\/b> <b>multibolsillos<\/b> <b>bicolor<\/b>.<\/li>\n<li>Confeccionado en tejido Canvas <b>100% algod\u00f3n<\/b> suave y confortable con cintas de gamuza suave y resistente en color a contraste.<\/li>\n<li><b>Espalda cruzada<\/b> con argolla, pasadores laterales y cintas que se ajustan mediante nudo a la cintura.<\/li>\n<li>Bolsillo en el pecho en color a contraste con compartimento para bol\u00edgrafo, bolsillo central doble y cintas cosidas para colgar utensilios o herramientas.<\/li>\n<li>Contornos con dobladillo que aumentan su durabilidad y resistencia.<\/li>\n<li>M\u00e9todos id\u00f3neos de marcaje: serigraf\u00eda, vinilo, transfer, bordados, cosidos.<\/li>\n<li>Ideal como <b>ropa laboral<\/b> para diferentes usos: hosteler\u00eda, parrilla, artesan\u00eda, carpinter\u00eda, jardiner\u00eda, etc.<\/li>\n<\/ul><\/div>\n<\/div>\n<div class=\"product-pdf\">\n<p><a href=\"https:\/\/valento.es\/?service=ServeDocuments&amp;function=serve_datasheet&amp;article_ref=DEVAART\" target=\"_blank\" rel=\"noopener\">Descargar ficha t\u00e9cnica (PDF)<\/a><\/p>\n<\/div>","protected":false},"excerpt":{"rendered":"<p>Delantal tipo parrillero VALENTO ARTISAN de Valento. Disponible en la categor\u00eda Delantales Gorros De Cocina Y Hosteleria. Env\u00edo r\u00e1pido 24\/48h.<\/p>","protected":false},"featured_media":317701,"comment_status":"open","ping_status":"closed","template":"","meta":{"_acf_changed":false},"product_brand":[11282],"product_cat":[13933,13974,13932,13975],"product_tag":[],"class_list":{"0":"post-317700","1":"product","2":"type-product","3":"status-publish","4":"has-post-thumbnail","6":"product_brand-valento","7":"product_cat-rl-delantales","8":"product_cat-ropa-hombre","9":"product_cat-hosteleria-horeca","10":"product_cat-ropa-mujer","11":"tm-no-options","13":"first","14":"instock","15":"taxable","16":"shipping-taxable","17":"product-type-variable"},"acf":[],"_links":{"self":[{"href":"https:\/\/grupotextil.es\/ca\/wp-json\/wp\/v2\/product\/317700","targetHints":{"allow":["GET"]}}],"collection":[{"href":"https:\/\/grupotextil.es\/ca\/wp-json\/wp\/v2\/product"}],"about":[{"href":"https:\/\/grupotextil.es\/ca\/wp-json\/wp\/v2\/types\/product"}],"replies":[{"embeddable":true,"href":"https:\/\/grupotextil.es\/ca\/wp-json\/wp\/v2\/comments?post=317700"}],"wp:featuredmedia":[{"embeddable":true,"href":"https:\/\/grupotextil.es\/ca\/wp-json\/wp\/v2\/media\/317701"}],"wp:attachment":[{"href":"https:\/\/grupotextil.es\/ca\/wp-json\/wp\/v2\/media?parent=317700"}],"wp:term":[{"taxonomy":"product_brand","embeddable":true,"href":"https:\/\/grupotextil.es\/ca\/wp-json\/wp\/v2\/product_brand?post=317700"},{"taxonomy":"product_cat","embeddable":true,"href":"https:\/\/grupotextil.es\/ca\/wp-json\/wp\/v2\/product_cat?post=317700"},{"taxonomy":"product_tag","embeddable":true,"href":"https:\/\/grupotextil.es\/ca\/wp-json\/wp\/v2\/product_tag?post=317700"}],"curies":[{"name":"wp","href":"https:\/\/api.w.org\/{rel}","templated":true}]}}