{"id":317886,"date":"2026-03-06T01:38:47","date_gmt":"2026-03-06T01:38:47","guid":{"rendered":"https:\/\/grupotextil.es\/?post_type=product&#038;p=317886"},"modified":"2026-03-06T01:38:47","modified_gmt":"2026-03-06T01:38:47","slug":"delantal-100-algodon-crudo-natural-valento-zucchini","status":"publish","type":"product","link":"https:\/\/grupotextil.es\/ca\/product\/delantal-100-algodon-crudo-natural-valento-zucchini\/","title":{"rendered":"Delantal 100% algod\u00f3n crudo natural VALENTO ZUCCHINI"},"content":{"rendered":"<div class=\"product-description\">\n<div class=\"article_characteristics\">\n<ul style=\"margin-block-start: 0;\" >\n<li><b>Delantal con peto<\/b> y <b>bolsillo<\/b>.<\/li>\n<li>Confeccionado en <b>tejido transpirable<\/b> y resistente <b>100% algod\u00f3n<\/b> crudo natural, sin tratamiento qu\u00edmico en el tinte.<\/li>\n<li>Cintas laterales gruesas para ajustar mediante nudo a la cintura y tirante ancho para colgar del cuello.<\/li>\n<li>Amplio <b>bolsillo<\/b> central para tener todo accesible.<\/li>\n<li>Contornos con costuras redobladas que refuerzan su estructura.<\/li>\n<li>M\u00e9todos id\u00f3neos de marcaje: serigraf\u00eda, transfer, bordados, cosidos.<\/li>\n<li>Ideal para su uso en <b>hosteler\u00eda<\/b> y como <b>regalo promocional<\/b>.<\/li>\n<\/ul><\/div>\n<\/div>\n<div class=\"product-pdf\">\n<p><a href=\"https:\/\/valento.es\/?service=ServeDocuments&amp;function=serve_datasheet&amp;article_ref=DEVAZUC\" target=\"_blank\" rel=\"noopener\">Descargar ficha t\u00e9cnica (PDF)<\/a><\/p>\n<\/div>","protected":false},"excerpt":{"rendered":"<p>Delantal 100% algod\u00f3n crudo natural VALENTO ZUCCHINI de Valento. Disponible en la categor\u00eda Delantales Gorros De Cocina Y Hosteleria. Env\u00edo r\u00e1pido 24\/48h.<\/p>","protected":false},"featured_media":317887,"comment_status":"open","ping_status":"closed","template":"","meta":{"_acf_changed":false},"product_brand":[11282],"product_cat":[13933,13974,13932,13975],"product_tag":[],"class_list":{"0":"post-317886","1":"product","2":"type-product","3":"status-publish","4":"has-post-thumbnail","6":"product_brand-valento","7":"product_cat-rl-delantales","8":"product_cat-ropa-hombre","9":"product_cat-hosteleria-horeca","10":"product_cat-ropa-mujer","11":"tm-no-options","13":"first","14":"instock","15":"taxable","16":"shipping-taxable","17":"product-type-variable"},"acf":[],"_links":{"self":[{"href":"https:\/\/grupotextil.es\/ca\/wp-json\/wp\/v2\/product\/317886","targetHints":{"allow":["GET"]}}],"collection":[{"href":"https:\/\/grupotextil.es\/ca\/wp-json\/wp\/v2\/product"}],"about":[{"href":"https:\/\/grupotextil.es\/ca\/wp-json\/wp\/v2\/types\/product"}],"replies":[{"embeddable":true,"href":"https:\/\/grupotextil.es\/ca\/wp-json\/wp\/v2\/comments?post=317886"}],"wp:featuredmedia":[{"embeddable":true,"href":"https:\/\/grupotextil.es\/ca\/wp-json\/wp\/v2\/media\/317887"}],"wp:attachment":[{"href":"https:\/\/grupotextil.es\/ca\/wp-json\/wp\/v2\/media?parent=317886"}],"wp:term":[{"taxonomy":"product_brand","embeddable":true,"href":"https:\/\/grupotextil.es\/ca\/wp-json\/wp\/v2\/product_brand?post=317886"},{"taxonomy":"product_cat","embeddable":true,"href":"https:\/\/grupotextil.es\/ca\/wp-json\/wp\/v2\/product_cat?post=317886"},{"taxonomy":"product_tag","embeddable":true,"href":"https:\/\/grupotextil.es\/ca\/wp-json\/wp\/v2\/product_tag?post=317886"}],"curies":[{"name":"wp","href":"https:\/\/api.w.org\/{rel}","templated":true}]}}