{"id":317920,"date":"2026-03-06T01:38:56","date_gmt":"2026-03-06T01:38:56","guid":{"rendered":"https:\/\/grupotextil.es\/?post_type=product&#038;p=317920"},"modified":"2026-03-06T01:38:56","modified_gmt":"2026-03-06T01:38:56","slug":"chaqueta-chef-manga-corta-valento-cayenne","status":"publish","type":"product","link":"https:\/\/grupotextil.es\/ca\/product\/chaqueta-chef-manga-corta-valento-cayenne\/","title":{"rendered":"Chaqueta chef manga corta VALENTO CAYENNE"},"content":{"rendered":"<div class=\"product-description\">\n<div class=\"article_characteristics\">\n<ul style=\"margin-block-start: 0;\" >\n<li><b>Chaqueta<\/b> <b>chef<\/b> de <b>manga corta<\/b>.<\/li>\n<li>Confeccionada en tejido ligero de popel\u00edn mezcla algod\u00f3n con poli\u00e9ster resistente y duradero.<\/li>\n<li><b>Cuello redondo<\/b> abierto, tipo Mao, que aporta comodidad.<\/li>\n<li>Cierre frontal con doble botonadura que brinda estilo y aberturas laterales en cintura para mayor confort.<\/li>\n<li>Bolsillo en pecho izquierdo para resaltar el marcaje y compartimentos para bol\u00edgrafos en manga izquierda.<\/li>\n<li>M\u00e9todos id\u00f3neos de marcaje: serigraf\u00eda, vinilo, transfer, bordados, cosidos.<\/li>\n<li>Ideal como <b>ropa laboral<\/b> y <b>uniformes de hosteler\u00eda<\/b>.<\/li>\n<\/ul><\/div>\n<\/div>\n<div class=\"product-pdf\">\n<p><a href=\"https:\/\/valento.es\/?service=ServeDocuments&amp;function=serve_datasheet&amp;article_ref=CQVACAY\" target=\"_blank\" rel=\"noopener\">Descargar ficha t\u00e9cnica (PDF)<\/a><\/p>\n<\/div>","protected":false},"excerpt":{"rendered":"<p>Chaqueta chef manga corta VALENTO CAYENNE de Valento. Disponible en la categor\u00eda Delantales Gorros De Cocina Y Hosteleria. Env\u00edo r\u00e1pido 24\/48h.<\/p>","protected":false},"featured_media":317921,"comment_status":"open","ping_status":"closed","template":"","meta":{"_acf_changed":false},"product_brand":[11282],"product_cat":[13981,13990,13974,13975,13973],"product_tag":[],"class_list":{"0":"post-317920","1":"product","2":"type-product","3":"status-publish","4":"has-post-thumbnail","6":"product_brand-valento","7":"product_cat-h-chaquetas-y-abrigos","8":"product_cat-m-chaquetas-y-abrigos","9":"product_cat-ropa-hombre","10":"product_cat-ropa-mujer","11":"product_cat-ropa","12":"tm-no-options","14":"first","15":"instock","16":"taxable","17":"shipping-taxable","18":"product-type-variable"},"acf":[],"_links":{"self":[{"href":"https:\/\/grupotextil.es\/ca\/wp-json\/wp\/v2\/product\/317920","targetHints":{"allow":["GET"]}}],"collection":[{"href":"https:\/\/grupotextil.es\/ca\/wp-json\/wp\/v2\/product"}],"about":[{"href":"https:\/\/grupotextil.es\/ca\/wp-json\/wp\/v2\/types\/product"}],"replies":[{"embeddable":true,"href":"https:\/\/grupotextil.es\/ca\/wp-json\/wp\/v2\/comments?post=317920"}],"wp:featuredmedia":[{"embeddable":true,"href":"https:\/\/grupotextil.es\/ca\/wp-json\/wp\/v2\/media\/317921"}],"wp:attachment":[{"href":"https:\/\/grupotextil.es\/ca\/wp-json\/wp\/v2\/media?parent=317920"}],"wp:term":[{"taxonomy":"product_brand","embeddable":true,"href":"https:\/\/grupotextil.es\/ca\/wp-json\/wp\/v2\/product_brand?post=317920"},{"taxonomy":"product_cat","embeddable":true,"href":"https:\/\/grupotextil.es\/ca\/wp-json\/wp\/v2\/product_cat?post=317920"},{"taxonomy":"product_tag","embeddable":true,"href":"https:\/\/grupotextil.es\/ca\/wp-json\/wp\/v2\/product_tag?post=317920"}],"curies":[{"name":"wp","href":"https:\/\/api.w.org\/{rel}","templated":true}]}}