{"id":318064,"date":"2026-03-06T01:39:14","date_gmt":"2026-03-06T01:39:14","guid":{"rendered":"https:\/\/grupotextil.es\/?post_type=product&#038;p=318064"},"modified":"2026-03-06T01:39:14","modified_gmt":"2026-03-06T01:39:14","slug":"chaqueta-chef-estampado-cocina-valento-barnes","status":"publish","type":"product","link":"https:\/\/grupotextil.es\/ca\/product\/chaqueta-chef-estampado-cocina-valento-barnes\/","title":{"rendered":"Chaqueta chef estampado cocina VALENTO BARNES"},"content":{"rendered":"<div class=\"product-description\">\n<div class=\"article_characteristics\">\n<ul style=\"margin-block-start: 0;\" >\n<li><b>Chaqueta<\/b> <b>chef<\/b> de <b>manga larga<\/b> con estampado de cocina.<\/li>\n<li>Confeccionada en tejido sarga mono-el\u00e1stica mezcla de algod\u00f3n y poli\u00e9ster resistente y duradero con elastano para mejor movilidad.<\/li>\n<li>Cuello redondo tipo Mao y cierre de doble botonadura, vivos decorativos y botones en color a contraste que aportan originalidad.<\/li>\n<li>Un bolsillo reforzado con presillas de seguridad en pecho izquierdo para resaltar el marcaje y dos compartimentos para bol\u00edgrafo en manga izquierda.<\/li>\n<li>Pu\u00f1os con dobladillo y vivo decorativo para un mejor acabado.<\/li>\n<li>M\u00e9todos id\u00f3neos de marcaje: serigraf\u00eda, transfer, vinilo, bordados, cosidos.<\/li>\n<li>Ideal para <b>uniformes de hosteler\u00eda<\/b>, combina con el pantal\u00f3n JOBS y el gorro MEGANO, se venden por separado.<\/li>\n<\/ul><\/div>\n<\/div>\n<div class=\"product-pdf\">\n<p><a href=\"https:\/\/valento.es\/?service=ServeDocuments&amp;function=serve_datasheet&amp;article_ref=CQVABAR\" target=\"_blank\" rel=\"noopener\">Descargar ficha t\u00e9cnica (PDF)<\/a><\/p>\n<\/div>","protected":false},"excerpt":{"rendered":"<p>Chaqueta chef estampado cocina VALENTO BARNES de Valento. Disponible en la categor\u00eda Delantales Gorros De Cocina Y Hosteleria. Env\u00edo r\u00e1pido 24\/48h.<\/p>","protected":false},"featured_media":318065,"comment_status":"open","ping_status":"closed","template":"","meta":{"_acf_changed":false},"product_brand":[11282],"product_cat":[13981,13990,13974,13975,13973],"product_tag":[],"class_list":{"0":"post-318064","1":"product","2":"type-product","3":"status-publish","4":"has-post-thumbnail","6":"product_brand-valento","7":"product_cat-h-chaquetas-y-abrigos","8":"product_cat-m-chaquetas-y-abrigos","9":"product_cat-ropa-hombre","10":"product_cat-ropa-mujer","11":"product_cat-ropa","12":"tm-no-options","14":"first","15":"instock","16":"taxable","17":"shipping-taxable","18":"product-type-variable"},"acf":[],"_links":{"self":[{"href":"https:\/\/grupotextil.es\/ca\/wp-json\/wp\/v2\/product\/318064","targetHints":{"allow":["GET"]}}],"collection":[{"href":"https:\/\/grupotextil.es\/ca\/wp-json\/wp\/v2\/product"}],"about":[{"href":"https:\/\/grupotextil.es\/ca\/wp-json\/wp\/v2\/types\/product"}],"replies":[{"embeddable":true,"href":"https:\/\/grupotextil.es\/ca\/wp-json\/wp\/v2\/comments?post=318064"}],"wp:featuredmedia":[{"embeddable":true,"href":"https:\/\/grupotextil.es\/ca\/wp-json\/wp\/v2\/media\/318065"}],"wp:attachment":[{"href":"https:\/\/grupotextil.es\/ca\/wp-json\/wp\/v2\/media?parent=318064"}],"wp:term":[{"taxonomy":"product_brand","embeddable":true,"href":"https:\/\/grupotextil.es\/ca\/wp-json\/wp\/v2\/product_brand?post=318064"},{"taxonomy":"product_cat","embeddable":true,"href":"https:\/\/grupotextil.es\/ca\/wp-json\/wp\/v2\/product_cat?post=318064"},{"taxonomy":"product_tag","embeddable":true,"href":"https:\/\/grupotextil.es\/ca\/wp-json\/wp\/v2\/product_tag?post=318064"}],"curies":[{"name":"wp","href":"https:\/\/api.w.org\/{rel}","templated":true}]}}