{"id":318239,"date":"2026-03-06T01:39:38","date_gmt":"2026-03-06T01:39:38","guid":{"rendered":"https:\/\/grupotextil.es\/?post_type=product&#038;p=318239"},"modified":"2026-03-06T01:39:38","modified_gmt":"2026-03-06T01:39:38","slug":"funda-de-vestidos-y-trajes-largos-valento-atelier","status":"publish","type":"product","link":"https:\/\/grupotextil.es\/ca\/product\/funda-de-vestidos-y-trajes-largos-valento-atelier\/","title":{"rendered":"Funda de vestidos y trajes largos VALENTO ATELIER"},"content":{"rendered":"<div class=\"product-description\">\n<div class=\"article_characteristics\">\n<ul style=\"margin-block-start: 0;\" >\n<li><b>Funda de vestidos<\/b> y trajes largos con ventana transparente.<\/li>\n<li>Confeccionada en tejido Oxford resistente, duradero y repelente.<\/li>\n<li>Cierre central de cremallera entera, abertura superior para el paso de la percha que permite colgar la funda f\u00e1cilmente y trabilla en la parte inferior que permite su uso extendido o doblado y facilita su transporte.<\/li>\n<li>Amplia ventana transparente que permite ver la prenda guardada sin necesidad de abrir la funda.<\/li>\n<li>Peque\u00f1a ventana transparente para el identificador de la prenda, fecha de guardado o cualquier dato de inter\u00e9s.<\/li>\n<li>M\u00e9todos id\u00f3neos de marcaje: serigraf\u00eda, transfer, vinilo.<\/li>\n<li>Ideal para guardar vestidos largos o trajes de boda, comuni\u00f3n, fiesta, trajes o abrigos largos, etc.<\/li>\n<\/ul><\/div>\n<\/div>\n<div class=\"product-pdf\">\n<p><a href=\"https:\/\/valento.es\/?service=ServeDocuments&amp;function=serve_datasheet&amp;article_ref=FTVAATE\" target=\"_blank\" rel=\"noopener\">Descargar ficha t\u00e9cnica (PDF)<\/a><\/p>\n<\/div>","protected":false},"excerpt":{"rendered":"<p>Funda de vestidos y trajes largos VALENTO ATELIER de Valento. Disponible en la categor\u00eda Fundas De Traje. Env\u00edo r\u00e1pido 24\/48h.<\/p>","protected":false},"featured_media":318240,"comment_status":"open","ping_status":"closed","template":"","meta":{"_acf_changed":false},"product_brand":[11282],"product_cat":[13948],"product_tag":[],"class_list":{"0":"post-318239","1":"product","2":"type-product","3":"status-publish","4":"has-post-thumbnail","6":"product_brand-valento","7":"product_cat-accesorios","8":"tm-no-options","10":"first","11":"instock","12":"taxable","13":"shipping-taxable","14":"product-type-variable"},"acf":[],"_links":{"self":[{"href":"https:\/\/grupotextil.es\/ca\/wp-json\/wp\/v2\/product\/318239","targetHints":{"allow":["GET"]}}],"collection":[{"href":"https:\/\/grupotextil.es\/ca\/wp-json\/wp\/v2\/product"}],"about":[{"href":"https:\/\/grupotextil.es\/ca\/wp-json\/wp\/v2\/types\/product"}],"replies":[{"embeddable":true,"href":"https:\/\/grupotextil.es\/ca\/wp-json\/wp\/v2\/comments?post=318239"}],"wp:featuredmedia":[{"embeddable":true,"href":"https:\/\/grupotextil.es\/ca\/wp-json\/wp\/v2\/media\/318240"}],"wp:attachment":[{"href":"https:\/\/grupotextil.es\/ca\/wp-json\/wp\/v2\/media?parent=318239"}],"wp:term":[{"taxonomy":"product_brand","embeddable":true,"href":"https:\/\/grupotextil.es\/ca\/wp-json\/wp\/v2\/product_brand?post=318239"},{"taxonomy":"product_cat","embeddable":true,"href":"https:\/\/grupotextil.es\/ca\/wp-json\/wp\/v2\/product_cat?post=318239"},{"taxonomy":"product_tag","embeddable":true,"href":"https:\/\/grupotextil.es\/ca\/wp-json\/wp\/v2\/product_tag?post=318239"}],"curies":[{"name":"wp","href":"https:\/\/api.w.org\/{rel}","templated":true}]}}