{"id":318290,"date":"2026-03-06T01:39:45","date_gmt":"2026-03-06T01:39:45","guid":{"rendered":"https:\/\/grupotextil.es\/?post_type=product&#038;p=318290"},"modified":"2026-03-06T01:39:45","modified_gmt":"2026-03-06T01:39:45","slug":"gorro-navideno-valento-noel","status":"publish","type":"product","link":"https:\/\/grupotextil.es\/ca\/product\/gorro-navideno-valento-noel\/","title":{"rendered":"Gorro navide\u00f1o VALENTO NOEL"},"content":{"rendered":"<div class=\"product-description\">\n<div class=\"article_characteristics\">\n<ul style=\"margin-block-start: 0;\" >\n<li><b>Gorro<\/b> <b>navide\u00f1o<\/b>.<\/li>\n<li>Confeccionado en tejido polar con anti-pilling exterior y perchado interior para mayor retenci\u00f3n t\u00e9rmica.<\/li>\n<li>Dise\u00f1o en color rojo con dobladillo en color blanco con el estilo de Pap\u00e1 Noel.<\/li>\n<li>Pomp\u00f3n de color blanco en la punta.<\/li>\n<li>M\u00e9todos id\u00f3neos de marcaje: bordados, cosidos.<\/li>\n<li>Ideal para fiestas navide\u00f1as, disfraces, <b>regalo personalizado<\/b> y <b>regalo promocional<\/b>.<\/li>\n<\/ul><\/div>\n<\/div>\n<div class=\"product-pdf\">\n<p><a href=\"https:\/\/valento.es\/?service=ServeDocuments&amp;function=serve_datasheet&amp;article_ref=GOVANOE\" target=\"_blank\" rel=\"noopener\">Descargar ficha t\u00e9cnica (PDF)<\/a><\/p>\n<\/div>","protected":false},"excerpt":{"rendered":"<p>Gorro navide\u00f1o VALENTO NOEL de Valento. Disponible en la categor\u00eda Gorras Y Gorros De Invierno. Env\u00edo r\u00e1pido 24\/48h.<\/p>","protected":false},"featured_media":318291,"comment_status":"open","ping_status":"closed","template":"","meta":{"_acf_changed":false},"product_brand":[11282],"product_cat":[13949,13974,13975],"product_tag":[],"class_list":{"0":"post-318290","1":"product","2":"type-product","3":"status-publish","4":"has-post-thumbnail","6":"product_brand-valento","7":"product_cat-acc-gorras-y-sombreros","8":"product_cat-ropa-hombre","9":"product_cat-ropa-mujer","10":"tm-no-options","12":"first","13":"instock","14":"taxable","15":"shipping-taxable","16":"product-type-variable"},"acf":[],"_links":{"self":[{"href":"https:\/\/grupotextil.es\/ca\/wp-json\/wp\/v2\/product\/318290","targetHints":{"allow":["GET"]}}],"collection":[{"href":"https:\/\/grupotextil.es\/ca\/wp-json\/wp\/v2\/product"}],"about":[{"href":"https:\/\/grupotextil.es\/ca\/wp-json\/wp\/v2\/types\/product"}],"replies":[{"embeddable":true,"href":"https:\/\/grupotextil.es\/ca\/wp-json\/wp\/v2\/comments?post=318290"}],"wp:featuredmedia":[{"embeddable":true,"href":"https:\/\/grupotextil.es\/ca\/wp-json\/wp\/v2\/media\/318291"}],"wp:attachment":[{"href":"https:\/\/grupotextil.es\/ca\/wp-json\/wp\/v2\/media?parent=318290"}],"wp:term":[{"taxonomy":"product_brand","embeddable":true,"href":"https:\/\/grupotextil.es\/ca\/wp-json\/wp\/v2\/product_brand?post=318290"},{"taxonomy":"product_cat","embeddable":true,"href":"https:\/\/grupotextil.es\/ca\/wp-json\/wp\/v2\/product_cat?post=318290"},{"taxonomy":"product_tag","embeddable":true,"href":"https:\/\/grupotextil.es\/ca\/wp-json\/wp\/v2\/product_tag?post=318290"}],"curies":[{"name":"wp","href":"https:\/\/api.w.org\/{rel}","templated":true}]}}