{"id":318332,"date":"2026-03-06T01:39:54","date_gmt":"2026-03-06T01:39:54","guid":{"rendered":"https:\/\/grupotextil.es\/?post_type=product&#038;p=318332"},"modified":"2026-03-06T01:39:54","modified_gmt":"2026-03-06T01:39:54","slug":"gorra-para-personalizar-de-5-paneles-valento-promotion","status":"publish","type":"product","link":"https:\/\/grupotextil.es\/ca\/product\/gorra-para-personalizar-de-5-paneles-valento-promotion\/","title":{"rendered":"Gorra para personalizar de 5 paneles VALENTO PROMOTION"},"content":{"rendered":"<div class=\"product-description\">\n<div class=\"article_characteristics\">\n<ul style=\"margin-block-start: 0;\" >\n<li><b>Gorra<\/b> ligera de <b>5 paneles<\/b>.<\/li>\n<li>Confeccionada en tejido sarga <b>100% algod\u00f3n<\/b> que aporta durabilidad, resistencia y facilita la transpiraci\u00f3n.<\/li>\n<li>Dos orificios respiradores bordados para una mejor ventilaci\u00f3n y visera curvada que evita la entrada de los rayos de sol y aporta frescura.<\/li>\n<li>Banda interior en el contorno que aporta mayor confort.<\/li>\n<li>Apertura trasera semicircular con leng\u00fceta de ajuste mediante velcro para una mejor sujeci\u00f3n.<\/li>\n<li>Panel frontal vertical libre de costuras con refuerzo interior movible que facilita los diferentes tipos de marcaje: serigraf\u00eda, vinilo, transfer, bordados, cosidos.<\/li>\n<li>Ideal para <b>regalo personalizado<\/b>, suvenir, merchandising, <b>regalo promocional<\/b>, <b>ropa laboral<\/b> y <b>ropa deportiva<\/b>.<\/li>\n<\/ul><\/div>\n<\/div>\n<div class=\"product-pdf\">\n<p><a href=\"https:\/\/valento.es\/?service=ServeDocuments&amp;function=serve_datasheet&amp;article_ref=GOVAPRO\" target=\"_blank\" rel=\"noopener\">Descargar ficha t\u00e9cnica (PDF)<\/a><\/p>\n<\/div>","protected":false},"excerpt":{"rendered":"<p>Gorra para personalizar de 5 paneles VALENTO PROMOTION de Valento. Disponible en la categor\u00eda Gorras Y Gorros De Verano. Env\u00edo r\u00e1pido 24\/48h.<\/p>","protected":false},"featured_media":318333,"comment_status":"open","ping_status":"closed","template":"","meta":{"_acf_changed":false},"product_brand":[11282],"product_cat":[13949,13974,13975],"product_tag":[],"class_list":{"0":"post-318332","1":"product","2":"type-product","3":"status-publish","4":"has-post-thumbnail","6":"product_brand-valento","7":"product_cat-acc-gorras-y-sombreros","8":"product_cat-ropa-hombre","9":"product_cat-ropa-mujer","10":"tm-no-options","12":"first","13":"instock","14":"taxable","15":"shipping-taxable","16":"product-type-variable"},"acf":[],"_links":{"self":[{"href":"https:\/\/grupotextil.es\/ca\/wp-json\/wp\/v2\/product\/318332","targetHints":{"allow":["GET"]}}],"collection":[{"href":"https:\/\/grupotextil.es\/ca\/wp-json\/wp\/v2\/product"}],"about":[{"href":"https:\/\/grupotextil.es\/ca\/wp-json\/wp\/v2\/types\/product"}],"replies":[{"embeddable":true,"href":"https:\/\/grupotextil.es\/ca\/wp-json\/wp\/v2\/comments?post=318332"}],"wp:featuredmedia":[{"embeddable":true,"href":"https:\/\/grupotextil.es\/ca\/wp-json\/wp\/v2\/media\/318333"}],"wp:attachment":[{"href":"https:\/\/grupotextil.es\/ca\/wp-json\/wp\/v2\/media?parent=318332"}],"wp:term":[{"taxonomy":"product_brand","embeddable":true,"href":"https:\/\/grupotextil.es\/ca\/wp-json\/wp\/v2\/product_brand?post=318332"},{"taxonomy":"product_cat","embeddable":true,"href":"https:\/\/grupotextil.es\/ca\/wp-json\/wp\/v2\/product_cat?post=318332"},{"taxonomy":"product_tag","embeddable":true,"href":"https:\/\/grupotextil.es\/ca\/wp-json\/wp\/v2\/product_tag?post=318332"}],"curies":[{"name":"wp","href":"https:\/\/api.w.org\/{rel}","templated":true}]}}