{"id":318462,"date":"2026-03-06T01:40:01","date_gmt":"2026-03-06T01:40:01","guid":{"rendered":"https:\/\/grupotextil.es\/?post_type=product&#038;p=318462"},"modified":"2026-03-06T01:40:01","modified_gmt":"2026-03-06T01:40:01","slug":"gorro-clasico-con-ala-alrededor-valento-painter","status":"publish","type":"product","link":"https:\/\/grupotextil.es\/ca\/product\/gorro-clasico-con-ala-alrededor-valento-painter\/","title":{"rendered":"Gorro cl\u00e1sico con ala alrededor VALENTO PAINTER"},"content":{"rendered":"<div class=\"product-description\">\n<div class=\"article_characteristics\">\n<ul style=\"margin-block-start: 0;\" >\n<li><b>Gorro<\/b> sencillo con ala de 5 cm alrededor.<\/li>\n<li>Confeccionado en tejido sarga <b>100% algod\u00f3n<\/b> que aporta durabilidad, resistencia y facilita la transpiraci\u00f3n.<\/li>\n<li>Corona lisa y contorno con costuras en los laterales que aumenta su resistencia.<\/li>\n<li>Banda interior en el contorno que aporta mayor confort.<\/li>\n<li>Frontal libre de costuras que permite diferentes tipos de marcaje: serigraf\u00eda, vinilo, transfer, bordados, cosidos.<\/li>\n<li>Ideal como <b>ropa laboral<\/b> y <b>regalo promocional<\/b>.<\/li>\n<\/ul><\/div>\n<\/div>\n<div class=\"product-pdf\">\n<p><a href=\"https:\/\/valento.es\/?service=ServeDocuments&amp;function=serve_datasheet&amp;article_ref=GRVAPIN\" target=\"_blank\" rel=\"noopener\">Descargar ficha t\u00e9cnica (PDF)<\/a><\/p>\n<\/div>","protected":false},"excerpt":{"rendered":"<p>Gorro cl\u00e1sico con ala alrededor VALENTO PAINTER de Valento. Disponible en la categor\u00eda Gorras Y Gorros De Verano. Env\u00edo r\u00e1pido 24\/48h.<\/p>","protected":false},"featured_media":318463,"comment_status":"open","ping_status":"closed","template":"","meta":{"_acf_changed":false},"product_brand":[11282],"product_cat":[13974,13932,13975],"product_tag":[],"class_list":{"0":"post-318462","1":"product","2":"type-product","3":"status-publish","4":"has-post-thumbnail","6":"product_brand-valento","7":"product_cat-ropa-hombre","8":"product_cat-hosteleria-horeca","9":"product_cat-ropa-mujer","10":"tm-no-options","12":"first","13":"instock","14":"taxable","15":"shipping-taxable","16":"product-type-variable"},"acf":[],"_links":{"self":[{"href":"https:\/\/grupotextil.es\/ca\/wp-json\/wp\/v2\/product\/318462","targetHints":{"allow":["GET"]}}],"collection":[{"href":"https:\/\/grupotextil.es\/ca\/wp-json\/wp\/v2\/product"}],"about":[{"href":"https:\/\/grupotextil.es\/ca\/wp-json\/wp\/v2\/types\/product"}],"replies":[{"embeddable":true,"href":"https:\/\/grupotextil.es\/ca\/wp-json\/wp\/v2\/comments?post=318462"}],"wp:featuredmedia":[{"embeddable":true,"href":"https:\/\/grupotextil.es\/ca\/wp-json\/wp\/v2\/media\/318463"}],"wp:attachment":[{"href":"https:\/\/grupotextil.es\/ca\/wp-json\/wp\/v2\/media?parent=318462"}],"wp:term":[{"taxonomy":"product_brand","embeddable":true,"href":"https:\/\/grupotextil.es\/ca\/wp-json\/wp\/v2\/product_brand?post=318462"},{"taxonomy":"product_cat","embeddable":true,"href":"https:\/\/grupotextil.es\/ca\/wp-json\/wp\/v2\/product_cat?post=318462"},{"taxonomy":"product_tag","embeddable":true,"href":"https:\/\/grupotextil.es\/ca\/wp-json\/wp\/v2\/product_tag?post=318462"}],"curies":[{"name":"wp","href":"https:\/\/api.w.org\/{rel}","templated":true}]}}