{"id":318642,"date":"2026-03-06T01:40:36","date_gmt":"2026-03-06T01:40:36","guid":{"rendered":"https:\/\/grupotextil.es\/?post_type=product&#038;p=318642"},"modified":"2026-03-06T01:40:36","modified_gmt":"2026-03-06T01:40:36","slug":"guantes-proteccion-100-algodon-valento-breil","status":"publish","type":"product","link":"https:\/\/grupotextil.es\/ca\/product\/guantes-proteccion-100-algodon-valento-breil\/","title":{"rendered":"Guantes Protecci\u00f3n 100% algod\u00f3n VALENTO BREIL"},"content":{"rendered":"<div class=\"product-description\">\n<div class=\"article_characteristics\">\n<ul style=\"margin-block-start: 0;\" >\n<li><b>Guantes de protecci\u00f3n<\/b> contra riesgos m\u00ednimos.<\/li>\n<li>Fabricados en <b>tejido transpirable<\/b> de punto <b>100% algod\u00f3n<\/b> suave y confortable.<\/li>\n<li>Certificados como Equipo de Protecci\u00f3n Individual Categor\u00eda I en base a la norma EN ISO 21420:2020 de Protecci\u00f3n contra Riesgos M\u00ednimos.<\/li>\n<li>Dise\u00f1o ambidiestro y eficiente.<\/li>\n<li>Pu\u00f1os con el\u00e1stico para un mejor ajuste y ribete en color seg\u00fan la talla codificada.<\/li>\n<li>Ideales para su uso en entornos donde no exista riesgo elevado.<\/li>\n<\/ul><\/div>\n<\/div>\n<div class=\"product-pdf\">\n<p><a href=\"https:\/\/valento.es\/?service=ServeDocuments&amp;function=serve_datasheet&amp;article_ref=GUVABRE\" target=\"_blank\" rel=\"noopener\">Descargar ficha t\u00e9cnica (PDF)<\/a><\/p>\n<\/div>","protected":false},"excerpt":{"rendered":"<p>Guantes Protecci\u00f3n 100% algod\u00f3n VALENTO BREIL de Valento. Disponible en la categor\u00eda Guantes. Env\u00edo r\u00e1pido 24\/48h.<\/p>","protected":false},"featured_media":318643,"comment_status":"open","ping_status":"closed","template":"","meta":{"_acf_changed":false},"product_brand":[11282],"product_cat":[13952],"product_tag":[],"class_list":{"0":"post-318642","1":"product","2":"type-product","3":"status-publish","4":"has-post-thumbnail","6":"product_brand-valento","7":"product_cat-acc-guantes","8":"tm-no-options","10":"first","11":"instock","12":"taxable","13":"shipping-taxable","14":"product-type-variable"},"acf":[],"_links":{"self":[{"href":"https:\/\/grupotextil.es\/ca\/wp-json\/wp\/v2\/product\/318642","targetHints":{"allow":["GET"]}}],"collection":[{"href":"https:\/\/grupotextil.es\/ca\/wp-json\/wp\/v2\/product"}],"about":[{"href":"https:\/\/grupotextil.es\/ca\/wp-json\/wp\/v2\/types\/product"}],"replies":[{"embeddable":true,"href":"https:\/\/grupotextil.es\/ca\/wp-json\/wp\/v2\/comments?post=318642"}],"wp:featuredmedia":[{"embeddable":true,"href":"https:\/\/grupotextil.es\/ca\/wp-json\/wp\/v2\/media\/318643"}],"wp:attachment":[{"href":"https:\/\/grupotextil.es\/ca\/wp-json\/wp\/v2\/media?parent=318642"}],"wp:term":[{"taxonomy":"product_brand","embeddable":true,"href":"https:\/\/grupotextil.es\/ca\/wp-json\/wp\/v2\/product_brand?post=318642"},{"taxonomy":"product_cat","embeddable":true,"href":"https:\/\/grupotextil.es\/ca\/wp-json\/wp\/v2\/product_cat?post=318642"},{"taxonomy":"product_tag","embeddable":true,"href":"https:\/\/grupotextil.es\/ca\/wp-json\/wp\/v2\/product_tag?post=318642"}],"curies":[{"name":"wp","href":"https:\/\/api.w.org\/{rel}","templated":true}]}}