{"id":318796,"date":"2026-03-06T01:40:42","date_gmt":"2026-03-06T01:40:42","guid":{"rendered":"https:\/\/grupotextil.es\/?post_type=product&#038;p=318796"},"modified":"2026-03-06T01:40:42","modified_gmt":"2026-03-06T01:40:42","slug":"delantal-impermeable-valento-shark","status":"publish","type":"product","link":"https:\/\/grupotextil.es\/ca\/product\/delantal-impermeable-valento-shark\/","title":{"rendered":"Delantal impermeable VALENTO SHARK"},"content":{"rendered":"<div class=\"product-description\">\n<div class=\"article_characteristics\">\n<ul style=\"margin-block-start: 0;\" >\n<li><b>Delantal impermeable<\/b>, con peto y <b>sin bolsillos<\/b>.<\/li>\n<li>Confeccionado en <b>tejido impermeable<\/b>, resistente y flexible de PVC exterior y rejilla de poli\u00e9ster en el interior.<\/li>\n<li>Espalda cruzada regulable mediante cintas pasadas por las arandelas laterales para finalmente atar a la cintura.<\/li>\n<li>Contornos con dobladillo para un mejor acabado.<\/li>\n<li>M\u00e9todos id\u00f3neos de marcaje: serigraf\u00eda, bordados, cosidos.<\/li>\n<li>Ideal para la <b>industria alimentaria<\/b>.<\/li>\n<\/ul><\/div>\n<\/div>\n<div class=\"product-pdf\">\n<p><a href=\"https:\/\/valento.es\/?service=ServeDocuments&amp;function=serve_datasheet&amp;article_ref=DEVASHA\" target=\"_blank\" rel=\"noopener\">Descargar ficha t\u00e9cnica (PDF)<\/a><\/p>\n<\/div>","protected":false},"excerpt":{"rendered":"<p>Delantal impermeable VALENTO SHARK de Valento. Disponible en la categor\u00eda Industria Alimentaria. Env\u00edo r\u00e1pido 24\/48h.<\/p>","protected":false},"featured_media":318797,"comment_status":"open","ping_status":"closed","template":"","meta":{"_acf_changed":false},"product_brand":[11282],"product_cat":[13933,13974,13932,13975],"product_tag":[],"class_list":{"0":"post-318796","1":"product","2":"type-product","3":"status-publish","4":"has-post-thumbnail","6":"product_brand-valento","7":"product_cat-rl-delantales","8":"product_cat-ropa-hombre","9":"product_cat-hosteleria-horeca","10":"product_cat-ropa-mujer","11":"tm-no-options","13":"first","14":"instock","15":"taxable","16":"shipping-taxable","17":"product-type-variable"},"acf":[],"_links":{"self":[{"href":"https:\/\/grupotextil.es\/ca\/wp-json\/wp\/v2\/product\/318796","targetHints":{"allow":["GET"]}}],"collection":[{"href":"https:\/\/grupotextil.es\/ca\/wp-json\/wp\/v2\/product"}],"about":[{"href":"https:\/\/grupotextil.es\/ca\/wp-json\/wp\/v2\/types\/product"}],"replies":[{"embeddable":true,"href":"https:\/\/grupotextil.es\/ca\/wp-json\/wp\/v2\/comments?post=318796"}],"wp:featuredmedia":[{"embeddable":true,"href":"https:\/\/grupotextil.es\/ca\/wp-json\/wp\/v2\/media\/318797"}],"wp:attachment":[{"href":"https:\/\/grupotextil.es\/ca\/wp-json\/wp\/v2\/media?parent=318796"}],"wp:term":[{"taxonomy":"product_brand","embeddable":true,"href":"https:\/\/grupotextil.es\/ca\/wp-json\/wp\/v2\/product_brand?post=318796"},{"taxonomy":"product_cat","embeddable":true,"href":"https:\/\/grupotextil.es\/ca\/wp-json\/wp\/v2\/product_cat?post=318796"},{"taxonomy":"product_tag","embeddable":true,"href":"https:\/\/grupotextil.es\/ca\/wp-json\/wp\/v2\/product_tag?post=318796"}],"curies":[{"name":"wp","href":"https:\/\/api.w.org\/{rel}","templated":true}]}}