{"id":319468,"date":"2026-03-06T01:41:08","date_gmt":"2026-03-06T01:41:08","guid":{"rendered":"https:\/\/grupotextil.es\/?post_type=product&#038;p=319468"},"modified":"2026-03-06T01:41:08","modified_gmt":"2026-03-06T01:41:08","slug":"chaqueta-de-punto-para-mujer-valento-cardigan","status":"publish","type":"product","link":"https:\/\/grupotextil.es\/ca\/product\/chaqueta-de-punto-para-mujer-valento-cardigan\/","title":{"rendered":"Chaqueta de punto para mujer VALENTO CARDIGAN"},"content":{"rendered":"<div class=\"product-description\">\n<div class=\"article_characteristics\">\n<ul style=\"margin-block-start: 0;\" >\n<li><b>Chaqueta de punto<\/b> de <b>mujer<\/b>, con <b>bolsillos<\/b>.<\/li>\n<li>Confeccionada en tejido de punto tricot fino <b>100% acr\u00edlico<\/b> Galga 12, de tacto agradable y con buena retenci\u00f3n t\u00e9rmica.<\/li>\n<li><b>Cuello de pico<\/b>, pu\u00f1os y bajo de canal\u00e9 el\u00e1stico que se adapta c\u00f3modamente.<\/li>\n<li>Cierre frontal, de derecha a izquierda, con botones a tono.<\/li>\n<li>Dos bolsillo frontales delanteros para tener todo accesible.<\/li>\n<li>M\u00e9todos id\u00f3neos de marcaje: bordados, cosidos.<\/li>\n<li>Ideal como <b>ropa laboral<\/b>, <b>uniforme corporativo<\/b> y <b>uniforme escolar<\/b>.<\/li>\n<\/ul><\/div>\n<\/div>\n<div class=\"product-pdf\">\n<p><a href=\"https:\/\/valento.es\/?service=ServeDocuments&amp;function=serve_datasheet&amp;article_ref=JEVACDM\" target=\"_blank\" rel=\"noopener\">Descargar ficha t\u00e9cnica (PDF)<\/a><\/p>\n<\/div>","protected":false},"excerpt":{"rendered":"<p>Chaqueta de punto para mujer VALENTO CARDIGAN de Valento. Disponible en la categor\u00eda Jerseys. Env\u00edo r\u00e1pido 24\/48h.<\/p>","protected":false},"featured_media":319469,"comment_status":"open","ping_status":"closed","template":"","meta":{"_acf_changed":false},"product_brand":[11282],"product_cat":[13990,13981,13974,13975,13973,13980,13989],"product_tag":[],"class_list":{"0":"post-319468","1":"product","2":"type-product","3":"status-publish","4":"has-post-thumbnail","6":"product_brand-valento","7":"product_cat-m-chaquetas-y-abrigos","8":"product_cat-h-chaquetas-y-abrigos","9":"product_cat-ropa-hombre","10":"product_cat-ropa-mujer","11":"product_cat-ropa","12":"product_cat-h-sudaderas","13":"product_cat-m-sudaderas","14":"tm-no-options","16":"first","17":"instock","18":"taxable","19":"shipping-taxable","20":"product-type-variable"},"acf":[],"_links":{"self":[{"href":"https:\/\/grupotextil.es\/ca\/wp-json\/wp\/v2\/product\/319468","targetHints":{"allow":["GET"]}}],"collection":[{"href":"https:\/\/grupotextil.es\/ca\/wp-json\/wp\/v2\/product"}],"about":[{"href":"https:\/\/grupotextil.es\/ca\/wp-json\/wp\/v2\/types\/product"}],"replies":[{"embeddable":true,"href":"https:\/\/grupotextil.es\/ca\/wp-json\/wp\/v2\/comments?post=319468"}],"wp:featuredmedia":[{"embeddable":true,"href":"https:\/\/grupotextil.es\/ca\/wp-json\/wp\/v2\/media\/319469"}],"wp:attachment":[{"href":"https:\/\/grupotextil.es\/ca\/wp-json\/wp\/v2\/media?parent=319468"}],"wp:term":[{"taxonomy":"product_brand","embeddable":true,"href":"https:\/\/grupotextil.es\/ca\/wp-json\/wp\/v2\/product_brand?post=319468"},{"taxonomy":"product_cat","embeddable":true,"href":"https:\/\/grupotextil.es\/ca\/wp-json\/wp\/v2\/product_cat?post=319468"},{"taxonomy":"product_tag","embeddable":true,"href":"https:\/\/grupotextil.es\/ca\/wp-json\/wp\/v2\/product_tag?post=319468"}],"curies":[{"name":"wp","href":"https:\/\/api.w.org\/{rel}","templated":true}]}}